{"id":8614,"date":"2023-11-24T12:31:55","date_gmt":"2023-11-24T10:31:55","guid":{"rendered":"https:\/\/coldex.fi\/fi\/?page_id=8614"},"modified":"2023-11-24T12:33:53","modified_gmt":"2023-11-24T10:33:53","slug":"viestisi-lahetetty-kylmahuoneet-ja-pakastehuoneet","status":"publish","type":"page","link":"https:\/\/kk.coldex.fi\/fi\/kylmahuoneet\/viestisi-lahetetty-kylmahuoneet-ja-pakastehuoneet\/","title":{"rendered":"Viestisi on l\u00e4hetetty (Kylm\u00e4huoneet ja pakastehuoneet)"},"content":{"rendered":"\n\n\t\t\t<h1 class='info-table-main-heading'>\t\t\tKiitos, viesti on l\u00e4hetetty!  \t\t\t<\/h1>\n\t\t\t<h4 class='info-table-sub-heading'>\t\t\t\u00a0Olemme yhteydess\u00e4 asian tiimoilta mahdollisimman pian.\t\t\t<\/h4>\t\t\t\t\n\t\t\t\t<img decoding=\"async\" src=\"https:\/\/kk.coldex.fi\/fi\/wp-content\/uploads\/dqdwqdf-500x500.jpg\" alt=\"dqdwqdf\" itemprop=\"image\"\/>\n\t\t\n","protected":false},"excerpt":{"rendered":"<p>Kiitos, viesti on l\u00e4hetetty! \u00a0Olemme yhteydess\u00e4 asian tiimoilta mahdollisimman pian.<\/p>\n","protected":false},"author":1,"featured_media":0,"parent":6237,"menu_order":4,"comment_status":"closed","ping_status":"closed","template":"full-width-page.php","meta":[],"yoast_head":"<!-- This site is optimized with the Yoast SEO plugin v21.7 - https:\/\/yoast.com\/wordpress\/plugins\/seo\/ -->\n<title>Viestisi on l\u00e4hetetty (Kylm\u00e4huoneet ja pakastehuoneet) - Coldex<\/title>\n<meta name=\"robots\" content=\"index, follow, max-snippet:-1, max-image-preview:large, max-video-preview:-1\" \/>\n<link rel=\"canonical\" href=\"https:\/\/kk.coldex.fi\/fi\/kylmahuoneet\/viestisi-lahetetty-kylmahuoneet-ja-pakastehuoneet\/\" \/>\n<meta property=\"og:locale\" content=\"fi_FI\" \/>\n<meta property=\"og:type\" content=\"article\" \/>\n<meta property=\"og:title\" content=\"Viestisi on l\u00e4hetetty (Kylm\u00e4huoneet ja pakastehuoneet) - Coldex\" \/>\n<meta property=\"og:description\" content=\"Kiitos, viesti on l\u00e4hetetty! \u00a0Olemme yhteydess\u00e4 asian tiimoilta mahdollisimman pian.\" \/>\n<meta property=\"og:url\" content=\"https:\/\/kk.coldex.fi\/fi\/kylmahuoneet\/viestisi-lahetetty-kylmahuoneet-ja-pakastehuoneet\/\" \/>\n<meta property=\"og:site_name\" content=\"Coldex\" \/>\n<meta property=\"article:modified_time\" content=\"2023-11-24T10:33:53+00:00\" \/>\n<meta property=\"og:image\" content=\"https:\/\/kk.coldex.fi\/fi\/wp-content\/uploads\/dqdwqdf-500x500.jpg\" \/>\n<meta name=\"twitter:label1\" content=\"Arvioitu lukuaika\" \/>\n\t<meta name=\"twitter:data1\" content=\"1 minuutti\" \/>\n<script type=\"application\/ld+json\" class=\"yoast-schema-graph\">{\"@context\":\"https:\/\/schema.org\",\"@graph\":[{\"@type\":\"WebPage\",\"@id\":\"https:\/\/kk.coldex.fi\/fi\/kylmahuoneet\/viestisi-lahetetty-kylmahuoneet-ja-pakastehuoneet\/\",\"url\":\"https:\/\/kk.coldex.fi\/fi\/kylmahuoneet\/viestisi-lahetetty-kylmahuoneet-ja-pakastehuoneet\/\",\"name\":\"Viestisi on l\u00e4hetetty (Kylm\u00e4huoneet ja pakastehuoneet) - Coldex\",\"isPartOf\":{\"@id\":\"https:\/\/kk.coldex.fi\/fi\/#website\"},\"datePublished\":\"2023-11-24T10:31:55+00:00\",\"dateModified\":\"2023-11-24T10:33:53+00:00\",\"breadcrumb\":{\"@id\":\"https:\/\/kk.coldex.fi\/fi\/kylmahuoneet\/viestisi-lahetetty-kylmahuoneet-ja-pakastehuoneet\/#breadcrumb\"},\"inLanguage\":\"fi\",\"potentialAction\":[{\"@type\":\"ReadAction\",\"target\":[\"https:\/\/kk.coldex.fi\/fi\/kylmahuoneet\/viestisi-lahetetty-kylmahuoneet-ja-pakastehuoneet\/\"]}]},{\"@type\":\"BreadcrumbList\",\"@id\":\"https:\/\/kk.coldex.fi\/fi\/kylmahuoneet\/viestisi-lahetetty-kylmahuoneet-ja-pakastehuoneet\/#breadcrumb\",\"itemListElement\":[{\"@type\":\"ListItem\",\"position\":1,\"name\":\"Home\",\"item\":\"https:\/\/kk.coldex.fi\/fi\/\"},{\"@type\":\"ListItem\",\"position\":2,\"name\":\"Kylm\u00e4huoneet\",\"item\":\"https:\/\/kk.coldex.fi\/fi\/kylmahuoneet\/\"},{\"@type\":\"ListItem\",\"position\":3,\"name\":\"Viestisi on l\u00e4hetetty (Kylm\u00e4huoneet ja pakastehuoneet)\"}]},{\"@type\":\"WebSite\",\"@id\":\"https:\/\/kk.coldex.fi\/fi\/#website\",\"url\":\"https:\/\/kk.coldex.fi\/fi\/\",\"name\":\"Coldex\",\"description\":\"Kylm\u00e4laitteet ammattilliseen k\u00e4ytt\u00f6\u00f6n\",\"potentialAction\":[{\"@type\":\"SearchAction\",\"target\":{\"@type\":\"EntryPoint\",\"urlTemplate\":\"https:\/\/kk.coldex.fi\/fi\/?s={search_term_string}\"},\"query-input\":\"required name=search_term_string\"}],\"inLanguage\":\"fi\"}]}<\/script>\n<!-- \/ Yoast SEO plugin. -->","yoast_head_json":{"title":"Viestisi on l\u00e4hetetty (Kylm\u00e4huoneet ja pakastehuoneet) - Coldex","robots":{"index":"index","follow":"follow","max-snippet":"max-snippet:-1","max-image-preview":"max-image-preview:large","max-video-preview":"max-video-preview:-1"},"canonical":"https:\/\/kk.coldex.fi\/fi\/kylmahuoneet\/viestisi-lahetetty-kylmahuoneet-ja-pakastehuoneet\/","og_locale":"fi_FI","og_type":"article","og_title":"Viestisi on l\u00e4hetetty (Kylm\u00e4huoneet ja pakastehuoneet) - Coldex","og_description":"Kiitos, viesti on l\u00e4hetetty! \u00a0Olemme yhteydess\u00e4 asian tiimoilta mahdollisimman pian.","og_url":"https:\/\/kk.coldex.fi\/fi\/kylmahuoneet\/viestisi-lahetetty-kylmahuoneet-ja-pakastehuoneet\/","og_site_name":"Coldex","article_modified_time":"2023-11-24T10:33:53+00:00","og_image":[{"url":"https:\/\/kk.coldex.fi\/fi\/wp-content\/uploads\/dqdwqdf-500x500.jpg"}],"twitter_misc":{"Arvioitu lukuaika":"1 minuutti"},"schema":{"@context":"https:\/\/schema.org","@graph":[{"@type":"WebPage","@id":"https:\/\/kk.coldex.fi\/fi\/kylmahuoneet\/viestisi-lahetetty-kylmahuoneet-ja-pakastehuoneet\/","url":"https:\/\/kk.coldex.fi\/fi\/kylmahuoneet\/viestisi-lahetetty-kylmahuoneet-ja-pakastehuoneet\/","name":"Viestisi on l\u00e4hetetty (Kylm\u00e4huoneet ja pakastehuoneet) - Coldex","isPartOf":{"@id":"https:\/\/kk.coldex.fi\/fi\/#website"},"datePublished":"2023-11-24T10:31:55+00:00","dateModified":"2023-11-24T10:33:53+00:00","breadcrumb":{"@id":"https:\/\/kk.coldex.fi\/fi\/kylmahuoneet\/viestisi-lahetetty-kylmahuoneet-ja-pakastehuoneet\/#breadcrumb"},"inLanguage":"fi","potentialAction":[{"@type":"ReadAction","target":["https:\/\/kk.coldex.fi\/fi\/kylmahuoneet\/viestisi-lahetetty-kylmahuoneet-ja-pakastehuoneet\/"]}]},{"@type":"BreadcrumbList","@id":"https:\/\/kk.coldex.fi\/fi\/kylmahuoneet\/viestisi-lahetetty-kylmahuoneet-ja-pakastehuoneet\/#breadcrumb","itemListElement":[{"@type":"ListItem","position":1,"name":"Home","item":"https:\/\/kk.coldex.fi\/fi\/"},{"@type":"ListItem","position":2,"name":"Kylm\u00e4huoneet","item":"https:\/\/kk.coldex.fi\/fi\/kylmahuoneet\/"},{"@type":"ListItem","position":3,"name":"Viestisi on l\u00e4hetetty (Kylm\u00e4huoneet ja pakastehuoneet)"}]},{"@type":"WebSite","@id":"https:\/\/kk.coldex.fi\/fi\/#website","url":"https:\/\/kk.coldex.fi\/fi\/","name":"Coldex","description":"Kylm\u00e4laitteet ammattilliseen k\u00e4ytt\u00f6\u00f6n","potentialAction":[{"@type":"SearchAction","target":{"@type":"EntryPoint","urlTemplate":"https:\/\/kk.coldex.fi\/fi\/?s={search_term_string}"},"query-input":"required name=search_term_string"}],"inLanguage":"fi"}]}},"_links":{"self":[{"href":"https:\/\/kk.coldex.fi\/fi\/wp-json\/wp\/v2\/pages\/8614"}],"collection":[{"href":"https:\/\/kk.coldex.fi\/fi\/wp-json\/wp\/v2\/pages"}],"about":[{"href":"https:\/\/kk.coldex.fi\/fi\/wp-json\/wp\/v2\/types\/page"}],"author":[{"embeddable":true,"href":"https:\/\/kk.coldex.fi\/fi\/wp-json\/wp\/v2\/users\/1"}],"replies":[{"embeddable":true,"href":"https:\/\/kk.coldex.fi\/fi\/wp-json\/wp\/v2\/comments?post=8614"}],"version-history":[{"count":2,"href":"https:\/\/kk.coldex.fi\/fi\/wp-json\/wp\/v2\/pages\/8614\/revisions"}],"predecessor-version":[{"id":8616,"href":"https:\/\/kk.coldex.fi\/fi\/wp-json\/wp\/v2\/pages\/8614\/revisions\/8616"}],"up":[{"embeddable":true,"href":"https:\/\/kk.coldex.fi\/fi\/wp-json\/wp\/v2\/pages\/6237"}],"wp:attachment":[{"href":"https:\/\/kk.coldex.fi\/fi\/wp-json\/wp\/v2\/media?parent=8614"}],"curies":[{"name":"wp","href":"https:\/\/api.w.org\/{rel}","templated":true}]}}