{"id":8602,"date":"2023-11-24T11:51:09","date_gmt":"2023-11-24T09:51:09","guid":{"rendered":"https:\/\/coldex.fi\/fi\/?page_id=8602"},"modified":"2023-11-24T11:52:13","modified_gmt":"2023-11-24T09:52:13","slug":"viestisi-lahetetty-koneikot","status":"publish","type":"page","link":"https:\/\/kk.coldex.fi\/fi\/koneikot\/viestisi-lahetetty-koneikot\/","title":{"rendered":"Viestisi on l\u00e4hetetty (Koneikot)"},"content":{"rendered":"\n\n\t\t\t<h1 class='info-table-main-heading'>\t\t\tKiitos, viesti on l\u00e4hetetty!  \t\t\t<\/h1>\n\t\t\t<h4 class='info-table-sub-heading'>\t\t\t\u00a0Olemme yhteydess\u00e4 asian tiimoilta mahdollisimman pian.\t\t\t<\/h4>\t\t\t\t\n\t\t\t\t<img decoding=\"async\" src=\"https:\/\/kk.coldex.fi\/fi\/wp-content\/uploads\/s_Kylm_56-1.jpg\" alt=\"s_Kylm_56\" itemprop=\"image\"\/>\n\t\t\n","protected":false},"excerpt":{"rendered":"<p>Kiitos, viesti on l\u00e4hetetty! \u00a0Olemme yhteydess\u00e4 asian tiimoilta mahdollisimman pian.<\/p>\n","protected":false},"author":1,"featured_media":0,"parent":6250,"menu_order":4,"comment_status":"closed","ping_status":"closed","template":"full-width-page.php","meta":[],"yoast_head":"<!-- This site is optimized with the Yoast SEO plugin v21.7 - https:\/\/yoast.com\/wordpress\/plugins\/seo\/ -->\n<title>Viestisi on l\u00e4hetetty (Koneikot) - Coldex<\/title>\n<meta name=\"robots\" content=\"index, follow, max-snippet:-1, max-image-preview:large, max-video-preview:-1\" \/>\n<link rel=\"canonical\" href=\"https:\/\/kk.coldex.fi\/fi\/koneikot\/viestisi-lahetetty-koneikot\/\" \/>\n<meta property=\"og:locale\" content=\"fi_FI\" \/>\n<meta property=\"og:type\" content=\"article\" \/>\n<meta property=\"og:title\" content=\"Viestisi on l\u00e4hetetty (Koneikot) - Coldex\" \/>\n<meta property=\"og:description\" content=\"Kiitos, viesti on l\u00e4hetetty! \u00a0Olemme yhteydess\u00e4 asian tiimoilta mahdollisimman pian.\" \/>\n<meta property=\"og:url\" content=\"https:\/\/kk.coldex.fi\/fi\/koneikot\/viestisi-lahetetty-koneikot\/\" \/>\n<meta property=\"og:site_name\" content=\"Coldex\" \/>\n<meta property=\"article:modified_time\" content=\"2023-11-24T09:52:13+00:00\" \/>\n<meta property=\"og:image\" content=\"https:\/\/kk.coldex.fi\/fi\/wp-content\/uploads\/s_Kylm_56-1.jpg\" \/>\n<meta name=\"twitter:label1\" content=\"Arvioitu lukuaika\" \/>\n\t<meta name=\"twitter:data1\" content=\"1 minuutti\" \/>\n<script type=\"application\/ld+json\" class=\"yoast-schema-graph\">{\"@context\":\"https:\/\/schema.org\",\"@graph\":[{\"@type\":\"WebPage\",\"@id\":\"https:\/\/kk.coldex.fi\/fi\/koneikot\/viestisi-lahetetty-koneikot\/\",\"url\":\"https:\/\/kk.coldex.fi\/fi\/koneikot\/viestisi-lahetetty-koneikot\/\",\"name\":\"Viestisi on l\u00e4hetetty (Koneikot) - Coldex\",\"isPartOf\":{\"@id\":\"https:\/\/kk.coldex.fi\/fi\/#website\"},\"datePublished\":\"2023-11-24T09:51:09+00:00\",\"dateModified\":\"2023-11-24T09:52:13+00:00\",\"breadcrumb\":{\"@id\":\"https:\/\/kk.coldex.fi\/fi\/koneikot\/viestisi-lahetetty-koneikot\/#breadcrumb\"},\"inLanguage\":\"fi\",\"potentialAction\":[{\"@type\":\"ReadAction\",\"target\":[\"https:\/\/kk.coldex.fi\/fi\/koneikot\/viestisi-lahetetty-koneikot\/\"]}]},{\"@type\":\"BreadcrumbList\",\"@id\":\"https:\/\/kk.coldex.fi\/fi\/koneikot\/viestisi-lahetetty-koneikot\/#breadcrumb\",\"itemListElement\":[{\"@type\":\"ListItem\",\"position\":1,\"name\":\"Home\",\"item\":\"https:\/\/kk.coldex.fi\/fi\/\"},{\"@type\":\"ListItem\",\"position\":2,\"name\":\"Koneikot\",\"item\":\"https:\/\/kk.coldex.fi\/fi\/koneikot\/\"},{\"@type\":\"ListItem\",\"position\":3,\"name\":\"Viestisi on l\u00e4hetetty (Koneikot)\"}]},{\"@type\":\"WebSite\",\"@id\":\"https:\/\/kk.coldex.fi\/fi\/#website\",\"url\":\"https:\/\/kk.coldex.fi\/fi\/\",\"name\":\"Coldex\",\"description\":\"Kylm\u00e4laitteet ammattilliseen k\u00e4ytt\u00f6\u00f6n\",\"potentialAction\":[{\"@type\":\"SearchAction\",\"target\":{\"@type\":\"EntryPoint\",\"urlTemplate\":\"https:\/\/kk.coldex.fi\/fi\/?s={search_term_string}\"},\"query-input\":\"required name=search_term_string\"}],\"inLanguage\":\"fi\"}]}<\/script>\n<!-- \/ Yoast SEO plugin. -->","yoast_head_json":{"title":"Viestisi on l\u00e4hetetty (Koneikot) - Coldex","robots":{"index":"index","follow":"follow","max-snippet":"max-snippet:-1","max-image-preview":"max-image-preview:large","max-video-preview":"max-video-preview:-1"},"canonical":"https:\/\/kk.coldex.fi\/fi\/koneikot\/viestisi-lahetetty-koneikot\/","og_locale":"fi_FI","og_type":"article","og_title":"Viestisi on l\u00e4hetetty (Koneikot) - Coldex","og_description":"Kiitos, viesti on l\u00e4hetetty! \u00a0Olemme yhteydess\u00e4 asian tiimoilta mahdollisimman pian.","og_url":"https:\/\/kk.coldex.fi\/fi\/koneikot\/viestisi-lahetetty-koneikot\/","og_site_name":"Coldex","article_modified_time":"2023-11-24T09:52:13+00:00","og_image":[{"url":"https:\/\/kk.coldex.fi\/fi\/wp-content\/uploads\/s_Kylm_56-1.jpg"}],"twitter_misc":{"Arvioitu lukuaika":"1 minuutti"},"schema":{"@context":"https:\/\/schema.org","@graph":[{"@type":"WebPage","@id":"https:\/\/kk.coldex.fi\/fi\/koneikot\/viestisi-lahetetty-koneikot\/","url":"https:\/\/kk.coldex.fi\/fi\/koneikot\/viestisi-lahetetty-koneikot\/","name":"Viestisi on l\u00e4hetetty (Koneikot) - Coldex","isPartOf":{"@id":"https:\/\/kk.coldex.fi\/fi\/#website"},"datePublished":"2023-11-24T09:51:09+00:00","dateModified":"2023-11-24T09:52:13+00:00","breadcrumb":{"@id":"https:\/\/kk.coldex.fi\/fi\/koneikot\/viestisi-lahetetty-koneikot\/#breadcrumb"},"inLanguage":"fi","potentialAction":[{"@type":"ReadAction","target":["https:\/\/kk.coldex.fi\/fi\/koneikot\/viestisi-lahetetty-koneikot\/"]}]},{"@type":"BreadcrumbList","@id":"https:\/\/kk.coldex.fi\/fi\/koneikot\/viestisi-lahetetty-koneikot\/#breadcrumb","itemListElement":[{"@type":"ListItem","position":1,"name":"Home","item":"https:\/\/kk.coldex.fi\/fi\/"},{"@type":"ListItem","position":2,"name":"Koneikot","item":"https:\/\/kk.coldex.fi\/fi\/koneikot\/"},{"@type":"ListItem","position":3,"name":"Viestisi on l\u00e4hetetty (Koneikot)"}]},{"@type":"WebSite","@id":"https:\/\/kk.coldex.fi\/fi\/#website","url":"https:\/\/kk.coldex.fi\/fi\/","name":"Coldex","description":"Kylm\u00e4laitteet ammattilliseen k\u00e4ytt\u00f6\u00f6n","potentialAction":[{"@type":"SearchAction","target":{"@type":"EntryPoint","urlTemplate":"https:\/\/kk.coldex.fi\/fi\/?s={search_term_string}"},"query-input":"required name=search_term_string"}],"inLanguage":"fi"}]}},"_links":{"self":[{"href":"https:\/\/kk.coldex.fi\/fi\/wp-json\/wp\/v2\/pages\/8602"}],"collection":[{"href":"https:\/\/kk.coldex.fi\/fi\/wp-json\/wp\/v2\/pages"}],"about":[{"href":"https:\/\/kk.coldex.fi\/fi\/wp-json\/wp\/v2\/types\/page"}],"author":[{"embeddable":true,"href":"https:\/\/kk.coldex.fi\/fi\/wp-json\/wp\/v2\/users\/1"}],"replies":[{"embeddable":true,"href":"https:\/\/kk.coldex.fi\/fi\/wp-json\/wp\/v2\/comments?post=8602"}],"version-history":[{"count":2,"href":"https:\/\/kk.coldex.fi\/fi\/wp-json\/wp\/v2\/pages\/8602\/revisions"}],"predecessor-version":[{"id":8605,"href":"https:\/\/kk.coldex.fi\/fi\/wp-json\/wp\/v2\/pages\/8602\/revisions\/8605"}],"up":[{"embeddable":true,"href":"https:\/\/kk.coldex.fi\/fi\/wp-json\/wp\/v2\/pages\/6250"}],"wp:attachment":[{"href":"https:\/\/kk.coldex.fi\/fi\/wp-json\/wp\/v2\/media?parent=8602"}],"curies":[{"name":"wp","href":"https:\/\/api.w.org\/{rel}","templated":true}]}}