{"id":5948,"date":"2019-05-16T17:54:50","date_gmt":"2019-05-16T14:54:50","guid":{"rendered":"https:\/\/coldex.fi\/fi\/?page_id=5948"},"modified":"2023-08-07T13:35:19","modified_gmt":"2023-08-07T10:35:19","slug":"kaikki-kaupankylmat","status":"publish","type":"page","link":"https:\/\/kk.coldex.fi\/fi\/kaikki-kaupankylmat\/","title":{"rendered":"Kaikki kaupankylmat"},"content":{"rendered":"\n\n\t<!--\n<h2>SOITA <b><a href=\"tel:+35837873714\">03 7873714<\/a><\/b><\/h2>\n-->\n<h2><a href=\"tel:+35837873714\">SOITA 03 7873714<\/a><\/h2>\n\t<h2><a href=\"https:\/\/kk.coldex.fi\/fi\/yhteydenottopyynto\/\">OTA YHTEYTT\u00c4<\/a><\/h2>\n\t<h2><a href=\"https:\/\/kk.coldex.fi\/fi\/yhteydenottopyynto\/tarjouspyynto\/\">PYYD\u00c4 TARJOUS<\/a><\/h2>\n\t\t\t\t<a href=\"https:\/\/kk.coldex.fi\/fi\/kylmalaitteet\/kylmahyllyt\/\" target=\"_blank\" rel=\"noopener\" itemprop=\"url\">\n\t\t\t\t<img decoding=\"async\" loading=\"lazy\" src=\"https:\/\/kk.coldex.fi\/fi\/wp-content\/uploads\/Kylm\u00e4hyllyt-225.jpg\" alt=\"Kylm\u00e4hyllyt-225\" itemprop=\"image\" height=\"225\" width=\"225\" title=\"Kylm\u00e4hyllyt-225\" onerror=\"this.style.display='none'\"  \/>\n\t\t\t\t<\/a>\n<a href=\"https:\/\/kk.coldex.fi\/fi\/kylmalaitteet\/kylmahyllyt\/\" target=\"_top\" rel=\"noopener\">\n    Kylm\u00e4hyllyt\n<\/a>\n\t\t\t\t<a href=\"https:\/\/kk.coldex.fi\/fi\/kylmalaitteet\/kylmakaapit\/\" target=\"_blank\" rel=\"noopener\" itemprop=\"url\">\n\t\t\t\t<img decoding=\"async\" loading=\"lazy\" src=\"https:\/\/kk.coldex.fi\/fi\/wp-content\/uploads\/R10-kylm\u00e4kaappi-225.jpg\" alt=\"R10-kylm\u00e4kaappi-225\" itemprop=\"image\" height=\"225\" width=\"225\" title=\"R10-kylm\u00e4kaappi-225\" onerror=\"this.style.display='none'\"  \/>\n\t\t\t\t<\/a>\n<a href=\"https:\/\/kk.coldex.fi\/fi\/kylmalaitteet\/kylmakaapit\/\" target=\"_top\" rel=\"noopener\">\n    Kylm\u00e4kaapit\n<\/a>\n\t\t\t\t<a href=\"https:\/\/kk.coldex.fi\/fi\/kylmalaitteet\/kylmaaltaat-2\/\" target=\"_blank\" rel=\"noopener\" itemprop=\"url\">\n\t\t\t\t<img decoding=\"async\" loading=\"lazy\" src=\"https:\/\/kk.coldex.fi\/fi\/wp-content\/uploads\/Kylm\u00e4altaat-225.jpg\" alt=\"Kylm\u00e4altaat-225\" itemprop=\"image\" height=\"225\" width=\"225\" title=\"Kylm\u00e4altaat-225\" onerror=\"this.style.display='none'\"  \/>\n\t\t\t\t<\/a>\n<a href=\"https:\/\/kk.coldex.fi\/fi\/kylmalaitteet\/kylmaaltaat-2\/\" target=\"_top\" rel=\"noopener\">\n    Kylm\u00e4altaat\n<\/a>\n\t\t\t\t<a href=\"https:\/\/kk.coldex.fi\/fi\/kylmalaitteet\/kylmatiski\/\" target=\"_blank\" rel=\"noopener\" itemprop=\"url\">\n\t\t\t\t<img decoding=\"async\" loading=\"lazy\" src=\"https:\/\/kk.coldex.fi\/fi\/wp-content\/uploads\/MARI-NZ-225.jpg\" alt=\"MARI-NZ-225\" itemprop=\"image\" height=\"225\" width=\"225\" title=\"MARI-NZ-225\" onerror=\"this.style.display='none'\"  \/>\n\t\t\t\t<\/a>\n<a href=\"https:\/\/kk.coldex.fi\/fi\/kylmalaitteet\/kylmatiski\/\" target=\"_top\" rel=\"noopener\">\n    Kylm\u00e4tiskit\n<\/a>\n\t\t\t\t<a href=\"https:\/\/kk.coldex.fi\/fi\/kylmalaitteet\/pystypakastimet\/\" target=\"_blank\" rel=\"noopener\" itemprop=\"url\">\n\t\t\t\t<img decoding=\"async\" loading=\"lazy\" src=\"https:\/\/kk.coldex.fi\/fi\/wp-content\/uploads\/Pystypakastimet-225.jpg\" alt=\"Pystypakastimet-225\" itemprop=\"image\" height=\"225\" width=\"225\" title=\"Pystypakastimet-225\" onerror=\"this.style.display='none'\"  \/>\n\t\t\t\t<\/a>\n<a href=\"https:\/\/kk.coldex.fi\/fi\/kylmalaitteet\/pystypakastimet\/\" target=\"_top\" rel=\"noopener\">\n    Pystypakastimet\n<\/a>\n\t\t\t\t<a href=\"https:\/\/kk.coldex.fi\/fi\/kylmalaitteet\/kylmaaltaat\/\" target=\"_blank\" rel=\"noopener\" itemprop=\"url\">\n\t\t\t\t<img decoding=\"async\" loading=\"lazy\" src=\"https:\/\/kk.coldex.fi\/fi\/wp-content\/uploads\/Pakastealtaat-225.jpg\" alt=\"Pakastealtaat-225\" itemprop=\"image\" height=\"225\" width=\"225\" title=\"Pakastealtaat-225\" onerror=\"this.style.display='none'\"  \/>\n\t\t\t\t<\/a>\n<a href=\"https:\/\/kk.coldex.fi\/fi\/kylmalaitteet\/kylmaaltaat\/\" target=\"_top\" rel=\"noopener\">\n    Pakastealtaat\n<\/a>\n\t\t\t\t<a href=\"https:\/\/kk.coldex.fi\/fi\/kylmalaitteet\/kombipakastimet\/\" target=\"_blank\" rel=\"noopener\" itemprop=\"url\">\n\t\t\t\t<img decoding=\"async\" loading=\"lazy\" src=\"https:\/\/kk.coldex.fi\/fi\/wp-content\/uploads\/Kombipakastimet-225.jpg\" alt=\"Kombipakastimet-225\" itemprop=\"image\" height=\"225\" width=\"225\" title=\"Kombipakastimet-225\" onerror=\"this.style.display='none'\"  \/>\n\t\t\t\t<\/a>\n<a href=\"https:\/\/kk.coldex.fi\/fi\/kylmalaitteet\/kombipakastimet\/\" target=\"_top\" rel=\"noopener\">\n    Kombipakastimet\n<\/a>\n\t\t\t\t<a href=\"https:\/\/kk.coldex.fi\/fi\/kylmalaitteet\/konditoriavitriinit\/\" target=\"_blank\" rel=\"noopener\" itemprop=\"url\">\n\t\t\t\t<img decoding=\"async\" loading=\"lazy\" src=\"https:\/\/kk.coldex.fi\/fi\/wp-content\/uploads\/Konditoriavitriinit-225.jpg\" alt=\"Konditoriavitriinit-225\" itemprop=\"image\" height=\"225\" width=\"225\" title=\"Konditoriavitriinit-225\" onerror=\"this.style.display='none'\"  \/>\n\t\t\t\t<\/a>\n<a href=\"https:\/\/kk.coldex.fi\/fi\/kylmalaitteet\/konditoriat\/\" target=\"_top\" rel=\"noopener\">\n    Konditoriat\n<\/a>\n\t\t\t\t<a href=\"https:\/\/kk.coldex.fi\/fi\/kylmalaitteet\/horeca\/\" target=\"_blank\" rel=\"noopener\" itemprop=\"url\">\n\t\t\t\t<img decoding=\"async\" loading=\"lazy\" src=\"https:\/\/kk.coldex.fi\/fi\/wp-content\/uploads\/aahilekone-uusi-225.png\" alt=\"\u00e4\u00e4hilekone-uusi-225\" itemprop=\"image\" height=\"225\" width=\"225\" title=\"\u00e4\u00e4hilekone-uusi-225\" onerror=\"this.style.display='none'\"  \/>\n\t\t\t\t<\/a>\n<a href=\"https:\/\/kk.coldex.fi\/fi\/kylmalaitteet\/horeca\/\" target=\"_top\" rel=\"noopener\">\n    Keitti\u00f6laitteet\n<\/a>\n\t\t\t\t<a href=\"https:\/\/kk.coldex.fi\/fi\/kylmalaitteet\/syvapakastimet\/\" target=\"_blank\" rel=\"noopener\" itemprop=\"url\">\n\t\t\t\t<img decoding=\"async\" loading=\"lazy\" src=\"https:\/\/kk.coldex.fi\/fi\/wp-content\/uploads\/s_ITV-Ice-Queen-135-AIRE-Jaahilekone-uusi-225.png\" alt=\"s_ITV-Ice-Queen-135-AIRE-J\u00e4\u00e4hilekone-uusi-225\" itemprop=\"image\" height=\"225\" width=\"225\" title=\"s_ITV-Ice-Queen-135-AIRE-J\u00e4\u00e4hilekone-uusi-225\" onerror=\"this.style.display='none'\"  \/>\n\t\t\t\t<\/a>\n<a href=\"https:\/\/kk.coldex.fi\/fi\/kylmalaitteet\/syvapakastimet\/\" target=\"_top\" rel=\"noopener\">\n    Syv\u00e4pakastimet -45 &#8230; -80 \u0421\n<\/a>\n\t\t\t<h3 class='info-table-main-heading'>\t\t\tParasta kylm\u00e4n\u00e4\t\t\t<\/h3>\n\t\t\t<h5 class='info-table-sub-heading'>\t\t\t\t\t\t<\/h5>\t\t\t\t\n\t\t\t<p>Olemme useiden valmistajien maahantuojia, joten valikoimamme pysyy laajana ja hinnastomme kilpailukykyisen\u00e4. Toimiessamme suoraan laitevalmistajien kanssa voimme nopeasti ja tehokkaasti vastata asiakkaan tarpeisiin, koskevat ne sitten oma- tai keskuskoneellisia ratkaisuja, tarjoamamme kylm\u00e4laitteet sopivat niin suurille ketjuille, kuin pienille toimijoille. <\/p>\n  <input id=\"info__body_1\" type=\"checkbox\"\/><br \/>\n  <label for=\"info__body_1\"> Lue lis\u00e4\u00e4 &#8230;<\/label>\nVarastostamme l\u00f6ytyy niin uusia kuin k\u00e4ytettyj\u00e4, edullisia ja hyv\u00e4kuntoisia pakastealtaita, kylm\u00e4hyllyj\u00e4, vitriineja ja muita kylm\u00e4laitteita suoraan yrityksesi tarpeisiin. Olemme j\u00e4lleenmyyji\u00e4 valmistajille joiden tuotteisiin uskomme ja luotamme, pystymme my\u00f6s tarjoamaan huoltopalveluja kaikkiin tarjoamiimme laitteisiin. Meilt\u00e4 l\u00f6ytyy sek\u00e4 omakoneelliset, ett\u00e4 keskuskoneelliset kylm\u00e4kalusteet, joten aina kannattaa tiedustella mik\u00e4li tarve on jollekin tietylle laitetyypille.<br \/>\nS\u00e4hk\u00f6inen listauksemme tuotteista sis\u00e4lt\u00e4\u00e4 nyt mahdollisuuden l\u00e4hett\u00e4\u00e4 kyselyit\u00e4 varastossa olevista tuotteistamme. Voit valita yhden tai useamman tuotteen listallesi ja l\u00e4hett\u00e4\u00e4 sen meille muutamalla klikkauksella. Laskemme teille alennuksia tilauksenne mukaan.\n\n","protected":false},"excerpt":{"rendered":"<p>SOITA 03 7873714 OTA YHTEYTT\u00c4 PYYD\u00c4 TARJOUS Kylm\u00e4hyllyt Kylm\u00e4kaapit Kylm\u00e4altaat Kylm\u00e4tiskit Pystypakastimet Pakastealtaat Kombipakastimet Konditoriat Keitti\u00f6laitteet Syv\u00e4pakastimet -45 &#8230; -80 \u0421 Parasta kylm\u00e4n\u00e4 Olemme useiden valmistajien maahantuojia, joten valikoimamme pysyy laajana ja hinnastomme kilpailukykyisen\u00e4. Toimiessamme suoraan laitevalmistajien kanssa voimme nopeasti ja tehokkaasti vastata asiakkaan tarpeisiin, koskevat ne sitten oma- tai keskuskoneellisia ratkaisuja, tarjoamamme kylm\u00e4laitteet sopivat&#8230;<\/p>\n","protected":false},"author":1,"featured_media":0,"parent":0,"menu_order":0,"comment_status":"closed","ping_status":"closed","template":"","meta":[],"yoast_head":"<!-- This site is optimized with the Yoast SEO plugin v21.7 - https:\/\/yoast.com\/wordpress\/plugins\/seo\/ -->\n<title>Kaikki kaupankylmat - Coldex<\/title>\n<meta name=\"description\" content=\"Kaikki kaupankylmat Coldex Oy\" \/>\n<meta name=\"robots\" content=\"index, follow, max-snippet:-1, max-image-preview:large, max-video-preview:-1\" \/>\n<link rel=\"canonical\" href=\"https:\/\/kk.coldex.fi\/fi\/kaikki-kaupankylmat\/\" \/>\n<meta property=\"og:locale\" content=\"fi_FI\" \/>\n<meta property=\"og:type\" content=\"article\" \/>\n<meta property=\"og:title\" content=\"Kaikki kaupankylmat - Coldex\" \/>\n<meta property=\"og:description\" content=\"Kaikki kaupankylmat Coldex Oy\" \/>\n<meta property=\"og:url\" content=\"https:\/\/kk.coldex.fi\/fi\/kaikki-kaupankylmat\/\" \/>\n<meta property=\"og:site_name\" content=\"Coldex\" \/>\n<meta property=\"article:modified_time\" content=\"2023-08-07T10:35:19+00:00\" \/>\n<meta property=\"og:image\" content=\"https:\/\/kk.coldex.fi\/fi\/wp-content\/uploads\/MARI-NZ-225.jpg\" \/>\n<meta name=\"twitter:label1\" content=\"Arvioitu lukuaika\" \/>\n\t<meta name=\"twitter:data1\" content=\"4 minuuttia\" \/>\n<script type=\"application\/ld+json\" class=\"yoast-schema-graph\">{\"@context\":\"https:\/\/schema.org\",\"@graph\":[{\"@type\":\"WebPage\",\"@id\":\"https:\/\/kk.coldex.fi\/fi\/kaikki-kaupankylmat\/\",\"url\":\"https:\/\/kk.coldex.fi\/fi\/kaikki-kaupankylmat\/\",\"name\":\"Kaikki kaupankylmat - Coldex\",\"isPartOf\":{\"@id\":\"https:\/\/kk.coldex.fi\/fi\/#website\"},\"datePublished\":\"2019-05-16T14:54:50+00:00\",\"dateModified\":\"2023-08-07T10:35:19+00:00\",\"description\":\"Kaikki kaupankylmat Coldex Oy\",\"breadcrumb\":{\"@id\":\"https:\/\/kk.coldex.fi\/fi\/kaikki-kaupankylmat\/#breadcrumb\"},\"inLanguage\":\"fi\",\"potentialAction\":[{\"@type\":\"ReadAction\",\"target\":[\"https:\/\/kk.coldex.fi\/fi\/kaikki-kaupankylmat\/\"]}]},{\"@type\":\"BreadcrumbList\",\"@id\":\"https:\/\/kk.coldex.fi\/fi\/kaikki-kaupankylmat\/#breadcrumb\",\"itemListElement\":[{\"@type\":\"ListItem\",\"position\":1,\"name\":\"Home\",\"item\":\"https:\/\/kk.coldex.fi\/fi\/\"},{\"@type\":\"ListItem\",\"position\":2,\"name\":\"Kaikki kaupankylmat\"}]},{\"@type\":\"WebSite\",\"@id\":\"https:\/\/kk.coldex.fi\/fi\/#website\",\"url\":\"https:\/\/kk.coldex.fi\/fi\/\",\"name\":\"Coldex\",\"description\":\"Kylm\u00e4laitteet ammattilliseen k\u00e4ytt\u00f6\u00f6n\",\"potentialAction\":[{\"@type\":\"SearchAction\",\"target\":{\"@type\":\"EntryPoint\",\"urlTemplate\":\"https:\/\/kk.coldex.fi\/fi\/?s={search_term_string}\"},\"query-input\":\"required name=search_term_string\"}],\"inLanguage\":\"fi\"}]}<\/script>\n<!-- \/ Yoast SEO plugin. -->","yoast_head_json":{"title":"Kaikki kaupankylmat - Coldex","description":"Kaikki kaupankylmat Coldex Oy","robots":{"index":"index","follow":"follow","max-snippet":"max-snippet:-1","max-image-preview":"max-image-preview:large","max-video-preview":"max-video-preview:-1"},"canonical":"https:\/\/kk.coldex.fi\/fi\/kaikki-kaupankylmat\/","og_locale":"fi_FI","og_type":"article","og_title":"Kaikki kaupankylmat - Coldex","og_description":"Kaikki kaupankylmat Coldex Oy","og_url":"https:\/\/kk.coldex.fi\/fi\/kaikki-kaupankylmat\/","og_site_name":"Coldex","article_modified_time":"2023-08-07T10:35:19+00:00","og_image":[{"url":"https:\/\/kk.coldex.fi\/fi\/wp-content\/uploads\/MARI-NZ-225.jpg"}],"twitter_misc":{"Arvioitu lukuaika":"4 minuuttia"},"schema":{"@context":"https:\/\/schema.org","@graph":[{"@type":"WebPage","@id":"https:\/\/kk.coldex.fi\/fi\/kaikki-kaupankylmat\/","url":"https:\/\/kk.coldex.fi\/fi\/kaikki-kaupankylmat\/","name":"Kaikki kaupankylmat - Coldex","isPartOf":{"@id":"https:\/\/kk.coldex.fi\/fi\/#website"},"datePublished":"2019-05-16T14:54:50+00:00","dateModified":"2023-08-07T10:35:19+00:00","description":"Kaikki kaupankylmat Coldex Oy","breadcrumb":{"@id":"https:\/\/kk.coldex.fi\/fi\/kaikki-kaupankylmat\/#breadcrumb"},"inLanguage":"fi","potentialAction":[{"@type":"ReadAction","target":["https:\/\/kk.coldex.fi\/fi\/kaikki-kaupankylmat\/"]}]},{"@type":"BreadcrumbList","@id":"https:\/\/kk.coldex.fi\/fi\/kaikki-kaupankylmat\/#breadcrumb","itemListElement":[{"@type":"ListItem","position":1,"name":"Home","item":"https:\/\/kk.coldex.fi\/fi\/"},{"@type":"ListItem","position":2,"name":"Kaikki kaupankylmat"}]},{"@type":"WebSite","@id":"https:\/\/kk.coldex.fi\/fi\/#website","url":"https:\/\/kk.coldex.fi\/fi\/","name":"Coldex","description":"Kylm\u00e4laitteet ammattilliseen k\u00e4ytt\u00f6\u00f6n","potentialAction":[{"@type":"SearchAction","target":{"@type":"EntryPoint","urlTemplate":"https:\/\/kk.coldex.fi\/fi\/?s={search_term_string}"},"query-input":"required name=search_term_string"}],"inLanguage":"fi"}]}},"_links":{"self":[{"href":"https:\/\/kk.coldex.fi\/fi\/wp-json\/wp\/v2\/pages\/5948"}],"collection":[{"href":"https:\/\/kk.coldex.fi\/fi\/wp-json\/wp\/v2\/pages"}],"about":[{"href":"https:\/\/kk.coldex.fi\/fi\/wp-json\/wp\/v2\/types\/page"}],"author":[{"embeddable":true,"href":"https:\/\/kk.coldex.fi\/fi\/wp-json\/wp\/v2\/users\/1"}],"replies":[{"embeddable":true,"href":"https:\/\/kk.coldex.fi\/fi\/wp-json\/wp\/v2\/comments?post=5948"}],"version-history":[{"count":6,"href":"https:\/\/kk.coldex.fi\/fi\/wp-json\/wp\/v2\/pages\/5948\/revisions"}],"predecessor-version":[{"id":8526,"href":"https:\/\/kk.coldex.fi\/fi\/wp-json\/wp\/v2\/pages\/5948\/revisions\/8526"}],"wp:attachment":[{"href":"https:\/\/kk.coldex.fi\/fi\/wp-json\/wp\/v2\/media?parent=5948"}],"curies":[{"name":"wp","href":"https:\/\/api.w.org\/{rel}","templated":true}]}}