{"id":5101,"date":"2018-05-15T09:58:25","date_gmt":"2018-05-15T06:58:25","guid":{"rendered":"http:\/\/coldex.fi\/fi\/?page_id=5101"},"modified":"2023-10-24T16:08:28","modified_gmt":"2023-10-24T13:08:28","slug":"teollisuuskylma","status":"publish","type":"page","link":"https:\/\/kk.coldex.fi\/fi\/teollisuuskylma\/","title":{"rendered":"Teollisuuskylm\u00e4"},"content":{"rendered":"\n\n\t<h1>Kylm\u00e4laitteet teollisuuteen<br \/>\n<\/h1>\n<p>&nbsp;<\/p>\nKylm\u00e4varastot, prosessilaitteet ja vedenj\u00e4\u00e4hdytys ovat erikoisalaamme.<br \/>\n\n\t<p>Teollisuuskylm\u00e4t<\/p>\n\t<!--Card image-->\n\t\t\t\t\t\t\t\t<img decoding=\"async\" src=\"https:\/\/kk.coldex.fi\/fi\/wp-content\/uploads\/s_Leijupakastin-1.jpg\" alt=\"s_Leijupakastin-1\" itemprop=\"image\"  \/>\n\t<!--\/.Card image-->\n\t<!--Card content-->\n\t\t<!--Title-->\n\t\t<h2>Prosessilaitteet<\/h2>\n\t\t<!--\/.Title-->\t\n\t\t\t<!--Text-->\n\t\t\t<!--\/.Text-->\t\n\t\t\t<!--Link--> \n\t\t\t\t\t\t<a href=\"https:\/\/kk.coldex.fi\/fi\/prosessilaitteet\/\" target=\"_blank\" rel=\"noopener\">\n\t\t\t\tlue lis\u00e4\u00e4\n\t\t\t<\/a>\t\n\t\t\t\t<!--\/.Link-->\n\t<!--\/.Card content-->\n\t<!--Card image-->\n\t\t\t\t\t\t\t\t<img decoding=\"async\" src=\"https:\/\/kk.coldex.fi\/fi\/wp-content\/uploads\/s_CHiller-old_1.jpg\" alt=\"s_CHiller-old_1\" itemprop=\"image\"  \/>\n\t<!--\/.Card image-->\n\t<!--Card content-->\n\t\t<!--Title-->\n\t\t<h2>Vedenj\u00e4\u00e4hdyttimet<\/h2>\n\t\t<!--\/.Title-->\t\n\t\t\t<!--Text-->\n\t\t\t<!--\/.Text-->\t\n\t\t\t<!--Link--> \n\t\t\t\t\t\t<a href=\"https:\/\/kk.coldex.fi\/fi\/teollisuuskylma\/vedenjaahdytys\/\" target=\"_blank\" rel=\"noopener\">\n\t\t\t\tlue lis\u00e4\u00e4\n\t\t\t<\/a>\t\n\t\t\t\t<!--\/.Link-->\n\t<!--\/.Card content-->\n\tVesij\u00e4\u00e4hdytteiset j\u00e4\u00e4hdyttimet ovat laitteita, joissa on ilma tai vesij\u00e4\u00e4hdytteinen lauhdutin. Vesilauhdutteinen j\u00e4\u00e4hdytin on eritt\u00e4in tehokas ja sopiva suurta j\u00e4\u00e4hdytystarvetta vaativille kohteille, kuten teollisuuteen ja suurempiin ilmastoinnin j\u00e4\u00e4hdytysprosesseihin. Vedenj\u00e4\u00e4hdyttimien tehokkuuden vuoksi niit\u00e4 k\u00e4ytet\u00e4\u00e4nkin tuotteiden, erilaisten mekanismien ja tehdasvalmisteiden j\u00e4\u00e4hdytykseen monilla vaativilla teollisuudenaloilla. Teollisuudesssa j\u00e4\u00e4hdytysvett\u00e4 tai muuta nestem\u00e4ist\u00e4 nestett\u00e4 pumpataan prosessi- tai laboratoriolaitteiden l\u00e4pi viilent\u00e4m\u00e4\u00e4n laitteita. J\u00e4\u00e4hdytetty\u00e4 vett\u00e4 k\u00e4ytet\u00e4\u00e4n yleisesti j\u00e4\u00e4hdytt\u00e4m\u00e4\u00e4n ja kosteuttamaan ilmaa suurten kaupallisten, teollisten ja institutionaalisten rakennusten sis\u00e4ll\u00e4. Vesij\u00e4\u00e4hdytteiset j\u00e4\u00e4hdyttimet on tyypillisesti tarkoitettu sis\u00e4asennukseen ja sis\u00e4k\u00e4ytt\u00f6\u00f6n ja ne j\u00e4\u00e4hdytet\u00e4\u00e4n erillisell\u00e4 lauhdutinvesisilmukalla joka liitet\u00e4\u00e4n ulkoiseen j\u00e4\u00e4hdytystorniin l\u00e4mm\u00f6n siirt\u00e4miseksi ulkoilmaan. Ilmaj\u00e4\u00e4hdytteiset ja haihduttamista hy\u00f6dynt\u00e4v\u00e4t j\u00e4\u00e4hdyttimet on tarkoitettu ulkok\u00e4ytt\u00f6\u00f6n.\n<p>&nbsp;<\/p>\nTeolliseen k\u00e4ytt\u00f6\u00f6n tarkoitetut j\u00e4\u00e4hdyttimet voidaan keskitt\u00e4\u00e4, jolloin yksi j\u00e4\u00e4hdytin huolehtii useista j\u00e4\u00e4hdytyskohteista tai k\u00e4ytt\u00e4\u00e4 hajautettua mallia, jolloin jokainen kohde on varustettu omalla j\u00e4\u00e4hdyttimell\u00e4. Teollisuuden j\u00e4\u00e4hdyttimet ovat tyypillisesti r\u00e4\u00e4t\u00e4l\u00f6ytyj\u00e4 kokonaisvaltaisia suljettuja j\u00e4rjestelm\u00e4 sis\u00e4lt\u00e4en j\u00e4\u00e4hdytysyksik\u00f6n, lauhduttimen ja pumppuaseman, jossa on kierr\u00e4tyspumppu, paisuntaventtiili, virtauksen sammutin ja sis\u00e4inen kylm\u00e4n veden s\u00e4\u00e4t\u00f6. Kaikissa j\u00e4\u00e4hdyttimiss\u00e4 on l\u00e4mp\u00f6tila-anturit, ja niit\u00e4 ohjataan yhdell\u00e4 ohjausj\u00e4rjestelm\u00e4ll\u00e4, joka ei vaadi k\u00e4ytt\u00f6henkil\u00f6n jatkuvaa l\u00e4sn\u00e4oloa.\n<p><img decoding=\"async\" loading=\"lazy\" src=\"https:\/\/kk.coldex.fi\/fi\/wp-content\/uploads\/EX-logo-500x432.jpg\" alt=\"Vedenj\u00e4\u00e4hdyttimet\" width=\"200\" height=\"173\" \/><\/p>\n<p>Referenssin\u00e4 Coldex Oy on ollut mukana projektissa, jossa valmistettiin ATEX-sertifioitu vedenj\u00e4\u00e4hdytin vaativiin teollisiin tarpeisiin Pohjois-Ven\u00e4j\u00e4lle. Projekti toteutettiin yhdess\u00e4 pietarilaisen Tehnomir yhti\u00f6n kanssa. Projektissa suunniteltiin, toimitettiin ja k\u00e4ytt\u00f6\u00f6notettiin ulkok\u00e4ytt\u00f6\u00f6n tarkoitettu r\u00e4j\u00e4hdyssuojattu vedenj\u00e4\u00e4hdytin.<\/p>\n<p>Vedenj\u00e4\u00e4hdytin t\u00e4ytti ATEX-sertifikaatin mukaiset vaatimukset, joilla\u00a0varmistaan laitteen korkea turvallisuustaso. ATEX tai vanhemmalta nimelt\u00e4\u00e4n Ex-m\u00e4\u00e4r\u00e4ys tarkoittaa r\u00e4j\u00e4hdysvaarallisissa tiloissa k\u00e4ytett\u00e4vi\u00e4 laitteita koskevaa lains\u00e4\u00e4d\u00e4nt\u00f6\u00e4 ja standartointia. ATEX-sertifikaatin mukaisia laiteita k\u00e4ytet\u00e4\u00e4n eritt\u00e4in vaarallisilla teollisuudenaloilla, kuten \u00f6ljynjalostamoilla, palavien ja r\u00e4j\u00e4ht\u00e4vien aineiden, kemiallisten yritysten tuotantoon ja jalostukseen tarkoitetuilla tehtailla ja merivoimien laivanrakennuksessa, jossa konej\u00e4rjestelmien toiminnan turvallisuus on \u00e4\u00e4rimm\u00e4isen t\u00e4rke\u00e4\u00e4.<\/p>\n\t\t\t\t<img decoding=\"async\" loading=\"lazy\" src=\"https:\/\/kk.coldex.fi\/fi\/wp-content\/uploads\/CHiller-old_2.jpg\" alt=\"CHiller-old_2\" itemprop=\"image\" height=\"700\" width=\"1050\" title=\"CHiller-old_2\" onerror=\"this.style.display='none'\"  \/>\n\t\t\t\t<img decoding=\"async\" loading=\"lazy\" src=\"https:\/\/kk.coldex.fi\/fi\/wp-content\/uploads\/CHiller-old_3.jpg\" alt=\"CHiller-old_3\" itemprop=\"image\" height=\"700\" width=\"1050\" title=\"CHiller-old_3\" onerror=\"this.style.display='none'\"  \/>\n\t\t\t\t<img decoding=\"async\" loading=\"lazy\" src=\"https:\/\/kk.coldex.fi\/fi\/wp-content\/uploads\/CHiller-old_4.jpg\" alt=\"CHiller-old_4\" itemprop=\"image\" height=\"700\" width=\"1050\" title=\"CHiller-old_4\" onerror=\"this.style.display='none'\"  \/>\n\t<p>Toimitetun laitteen teknisi\u00e4 tietoja:<\/p>\n<p>Kylm\u00e4aine on Freon 134a<\/p>\n<p>L\u00e4mp\u00f6alusta: vesi-glykoliliuos<\/p>\n<p> J\u00e4\u00e4hdytysteho 500 kW<\/p>\nKaasun kulutus: 59000 m3 \/ g\n\t<h2><a href=\"https:\/\/kk.coldex.fi\/fi\/ota-yhteytta\/\">Ota yhteytt\u00e4<\/a><\/h2>\n<hr \/>\n<br \/>\nS\u00e4hk\u00f6postitse: info(at)coldex.fi\n<p>Puhelimitse: +358 37 873 714<\/p>\n<p>tai<\/p>\n<p><a href=\"https:\/\/kk.coldex.fi\/fi\/ota-yhteytta\/tarjouspyynto\/\">PYYD\u00c4 TARJOUS<\/a>\u00a0<\/p>\n\n","protected":false},"excerpt":{"rendered":"<p>Kylm\u00e4laitteet teollisuuteen &nbsp; Kylm\u00e4varastot, prosessilaitteet ja vedenj\u00e4\u00e4hdytys ovat erikoisalaamme. Teollisuuskylm\u00e4t Prosessilaitteet lue lis\u00e4\u00e4 Vedenj\u00e4\u00e4hdyttimet lue lis\u00e4\u00e4 Vesij\u00e4\u00e4hdytteiset j\u00e4\u00e4hdyttimet ovat laitteita, joissa on ilma tai vesij\u00e4\u00e4hdytteinen lauhdutin. Vesilauhdutteinen j\u00e4\u00e4hdytin on eritt\u00e4in tehokas ja sopiva suurta j\u00e4\u00e4hdytystarvetta vaativille kohteille, kuten teollisuuteen ja suurempiin ilmastoinnin j\u00e4\u00e4hdytysprosesseihin. Vedenj\u00e4\u00e4hdyttimien tehokkuuden vuoksi niit\u00e4 k\u00e4ytet\u00e4\u00e4nkin tuotteiden, erilaisten mekanismien ja tehdasvalmisteiden j\u00e4\u00e4hdytykseen monilla&#8230;<\/p>\n","protected":false},"author":1,"featured_media":0,"parent":0,"menu_order":0,"comment_status":"closed","ping_status":"closed","template":"full-width-page.php","meta":[],"yoast_head":"<!-- This site is optimized with the Yoast SEO plugin v21.7 - https:\/\/yoast.com\/wordpress\/plugins\/seo\/ -->\n<title>Teollisuuskylm\u00e4 - teollisuuskylm\u00e4t ja prosessilaitteet | Coldex Oy<\/title>\n<meta name=\"description\" content=\"Teollisuuskylm\u00e4. Coldex Oy on ollut mukana projektissa, jossa valmistettiin ATEX-sertifioitu vedenj\u00e4\u00e4hdytin vaativiin teollisiin tarpeisiin pohjois-Ven\u00e4j\u00e4lle.\" \/>\n<meta name=\"robots\" content=\"index, follow, max-snippet:-1, max-image-preview:large, max-video-preview:-1\" \/>\n<link rel=\"canonical\" href=\"https:\/\/kk.coldex.fi\/fi\/teollisuuskylma\/\" \/>\n<meta property=\"og:locale\" content=\"fi_FI\" \/>\n<meta property=\"og:type\" content=\"article\" \/>\n<meta property=\"og:title\" content=\"Teollisuuskylm\u00e4 - teollisuuskylm\u00e4t ja prosessilaitteet | Coldex Oy\" \/>\n<meta property=\"og:description\" content=\"Teollisuuskylm\u00e4. Coldex Oy on ollut mukana projektissa, jossa valmistettiin ATEX-sertifioitu vedenj\u00e4\u00e4hdytin vaativiin teollisiin tarpeisiin pohjois-Ven\u00e4j\u00e4lle.\" \/>\n<meta property=\"og:url\" content=\"https:\/\/kk.coldex.fi\/fi\/teollisuuskylma\/\" \/>\n<meta property=\"og:site_name\" content=\"Coldex\" \/>\n<meta property=\"article:modified_time\" content=\"2023-10-24T13:08:28+00:00\" \/>\n<meta property=\"og:image\" content=\"https:\/\/kk.coldex.fi\/fi\/wp-content\/uploads\/s_Leijupakastin-1.jpg\" \/>\n<meta name=\"twitter:label1\" content=\"Arvioitu lukuaika\" \/>\n\t<meta name=\"twitter:data1\" content=\"2 minuuttia\" \/>\n<script type=\"application\/ld+json\" class=\"yoast-schema-graph\">{\"@context\":\"https:\/\/schema.org\",\"@graph\":[{\"@type\":\"WebPage\",\"@id\":\"https:\/\/kk.coldex.fi\/fi\/teollisuuskylma\/\",\"url\":\"https:\/\/kk.coldex.fi\/fi\/teollisuuskylma\/\",\"name\":\"Teollisuuskylm\u00e4 - teollisuuskylm\u00e4t ja prosessilaitteet | Coldex Oy\",\"isPartOf\":{\"@id\":\"https:\/\/kk.coldex.fi\/fi\/#website\"},\"datePublished\":\"2018-05-15T06:58:25+00:00\",\"dateModified\":\"2023-10-24T13:08:28+00:00\",\"description\":\"Teollisuuskylm\u00e4. Coldex Oy on ollut mukana projektissa, jossa valmistettiin ATEX-sertifioitu vedenj\u00e4\u00e4hdytin vaativiin teollisiin tarpeisiin pohjois-Ven\u00e4j\u00e4lle.\",\"breadcrumb\":{\"@id\":\"https:\/\/kk.coldex.fi\/fi\/teollisuuskylma\/#breadcrumb\"},\"inLanguage\":\"fi\",\"potentialAction\":[{\"@type\":\"ReadAction\",\"target\":[\"https:\/\/kk.coldex.fi\/fi\/teollisuuskylma\/\"]}]},{\"@type\":\"BreadcrumbList\",\"@id\":\"https:\/\/kk.coldex.fi\/fi\/teollisuuskylma\/#breadcrumb\",\"itemListElement\":[{\"@type\":\"ListItem\",\"position\":1,\"name\":\"Home\",\"item\":\"https:\/\/kk.coldex.fi\/fi\/\"},{\"@type\":\"ListItem\",\"position\":2,\"name\":\"Teollisuuskylm\u00e4\"}]},{\"@type\":\"WebSite\",\"@id\":\"https:\/\/kk.coldex.fi\/fi\/#website\",\"url\":\"https:\/\/kk.coldex.fi\/fi\/\",\"name\":\"Coldex\",\"description\":\"Kylm\u00e4laitteet ammattilliseen k\u00e4ytt\u00f6\u00f6n\",\"potentialAction\":[{\"@type\":\"SearchAction\",\"target\":{\"@type\":\"EntryPoint\",\"urlTemplate\":\"https:\/\/kk.coldex.fi\/fi\/?s={search_term_string}\"},\"query-input\":\"required name=search_term_string\"}],\"inLanguage\":\"fi\"}]}<\/script>\n<!-- \/ Yoast SEO plugin. -->","yoast_head_json":{"title":"Teollisuuskylm\u00e4 - teollisuuskylm\u00e4t ja prosessilaitteet | Coldex Oy","description":"Teollisuuskylm\u00e4. Coldex Oy on ollut mukana projektissa, jossa valmistettiin ATEX-sertifioitu vedenj\u00e4\u00e4hdytin vaativiin teollisiin tarpeisiin pohjois-Ven\u00e4j\u00e4lle.","robots":{"index":"index","follow":"follow","max-snippet":"max-snippet:-1","max-image-preview":"max-image-preview:large","max-video-preview":"max-video-preview:-1"},"canonical":"https:\/\/kk.coldex.fi\/fi\/teollisuuskylma\/","og_locale":"fi_FI","og_type":"article","og_title":"Teollisuuskylm\u00e4 - teollisuuskylm\u00e4t ja prosessilaitteet | Coldex Oy","og_description":"Teollisuuskylm\u00e4. Coldex Oy on ollut mukana projektissa, jossa valmistettiin ATEX-sertifioitu vedenj\u00e4\u00e4hdytin vaativiin teollisiin tarpeisiin pohjois-Ven\u00e4j\u00e4lle.","og_url":"https:\/\/kk.coldex.fi\/fi\/teollisuuskylma\/","og_site_name":"Coldex","article_modified_time":"2023-10-24T13:08:28+00:00","og_image":[{"url":"https:\/\/kk.coldex.fi\/fi\/wp-content\/uploads\/s_Leijupakastin-1.jpg"}],"twitter_misc":{"Arvioitu lukuaika":"2 minuuttia"},"schema":{"@context":"https:\/\/schema.org","@graph":[{"@type":"WebPage","@id":"https:\/\/kk.coldex.fi\/fi\/teollisuuskylma\/","url":"https:\/\/kk.coldex.fi\/fi\/teollisuuskylma\/","name":"Teollisuuskylm\u00e4 - teollisuuskylm\u00e4t ja prosessilaitteet | Coldex Oy","isPartOf":{"@id":"https:\/\/kk.coldex.fi\/fi\/#website"},"datePublished":"2018-05-15T06:58:25+00:00","dateModified":"2023-10-24T13:08:28+00:00","description":"Teollisuuskylm\u00e4. Coldex Oy on ollut mukana projektissa, jossa valmistettiin ATEX-sertifioitu vedenj\u00e4\u00e4hdytin vaativiin teollisiin tarpeisiin pohjois-Ven\u00e4j\u00e4lle.","breadcrumb":{"@id":"https:\/\/kk.coldex.fi\/fi\/teollisuuskylma\/#breadcrumb"},"inLanguage":"fi","potentialAction":[{"@type":"ReadAction","target":["https:\/\/kk.coldex.fi\/fi\/teollisuuskylma\/"]}]},{"@type":"BreadcrumbList","@id":"https:\/\/kk.coldex.fi\/fi\/teollisuuskylma\/#breadcrumb","itemListElement":[{"@type":"ListItem","position":1,"name":"Home","item":"https:\/\/kk.coldex.fi\/fi\/"},{"@type":"ListItem","position":2,"name":"Teollisuuskylm\u00e4"}]},{"@type":"WebSite","@id":"https:\/\/kk.coldex.fi\/fi\/#website","url":"https:\/\/kk.coldex.fi\/fi\/","name":"Coldex","description":"Kylm\u00e4laitteet ammattilliseen k\u00e4ytt\u00f6\u00f6n","potentialAction":[{"@type":"SearchAction","target":{"@type":"EntryPoint","urlTemplate":"https:\/\/kk.coldex.fi\/fi\/?s={search_term_string}"},"query-input":"required name=search_term_string"}],"inLanguage":"fi"}]}},"_links":{"self":[{"href":"https:\/\/kk.coldex.fi\/fi\/wp-json\/wp\/v2\/pages\/5101"}],"collection":[{"href":"https:\/\/kk.coldex.fi\/fi\/wp-json\/wp\/v2\/pages"}],"about":[{"href":"https:\/\/kk.coldex.fi\/fi\/wp-json\/wp\/v2\/types\/page"}],"author":[{"embeddable":true,"href":"https:\/\/kk.coldex.fi\/fi\/wp-json\/wp\/v2\/users\/1"}],"replies":[{"embeddable":true,"href":"https:\/\/kk.coldex.fi\/fi\/wp-json\/wp\/v2\/comments?post=5101"}],"version-history":[{"count":1,"href":"https:\/\/kk.coldex.fi\/fi\/wp-json\/wp\/v2\/pages\/5101\/revisions"}],"predecessor-version":[{"id":8562,"href":"https:\/\/kk.coldex.fi\/fi\/wp-json\/wp\/v2\/pages\/5101\/revisions\/8562"}],"wp:attachment":[{"href":"https:\/\/kk.coldex.fi\/fi\/wp-json\/wp\/v2\/media?parent=5101"}],"curies":[{"name":"wp","href":"https:\/\/api.w.org\/{rel}","templated":true}]}}