{"id":4594,"date":"2017-09-12T11:47:47","date_gmt":"2017-09-12T08:47:47","guid":{"rendered":"http:\/\/coldex.fi\/fi\/?page_id=4594"},"modified":"2019-09-25T09:39:51","modified_gmt":"2019-09-25T06:39:51","slug":"pikapakastuskaapit","status":"publish","type":"page","link":"https:\/\/kk.coldex.fi\/fi\/prosessilaitteet\/pikajaahdytyslaitteet\/pikapakastuskaapit\/","title":{"rendered":"Pikapakastuskaapit"},"content":{"rendered":"<h1>Pikaj\u00e4\u00e4hdytys- ja pikapakastuslaitteet Kaapit<\/h1>\n<p>Suunnittelemme, toimitamme ja asennamme kylm\u00e4prosessilaitteita elintarviketuotantoon<\/p>\n<p>\t\t\t\t<img decoding=\"async\" src=\"https:\/\/kk.coldex.fi\/fi\/wp-content\/uploads\/Pikapakastimet-ja-pikaj\u00e4\u00e4hdyttimet.jpg\" alt=\"Pikapakastuskaapit ja pikaj\u00e4\u00e4hdytyskaapit\" itemprop=\"image\" title=\"Pikapakastuskaapit ja pikaj\u00e4\u00e4hdytyskaapit\" onerror=\"this.style.display='none'\"  \/><\/p>\n<h3 class='info-table-main-heading'>\t\t\tPikapakastuskaapit ja pikaj\u00e4\u00e4hdytyskaapit\t\t\t<\/h3>\n<h5 class='info-table-sub-heading'>\t\t\t\t\t\t<\/h5>\n<p>Laitteita k\u00e4ytet\u00e4\u00e4n, kun\u00a0on tarpeen pakastaa tai j\u00e4\u00e4hdytt\u00e4\u00e4 pieni m\u00e4\u00e4r\u00e4 tuotteita, esimerkiksi juuri valmistetut tuotteet lyhyess\u00e4 ajassa (pakastuksessa enint\u00e4\u00e4n 260kg\/tunnissa ja j\u00e4\u00e4hdytyksess\u00e4 460kg\/tunnissa). Laitteen avulla pidenn\u00e4t tuotteiden s\u00e4ilyvyytt\u00e4, s\u00e4ilyt\u00e4t elintarvikkeen makuominaisuudet ja vitamiinit.<\/p>\n<p>Valikoimasta l\u00f6ytyy valmiita kaappikokoja eri volyymeille ilman projektisuunnittelua.<\/p>\n<p>Erikokoiset pikapakastimet ja pikaj\u00e4\u00e4hdyttimet eri tuotteille.<\/p>\n<p><a href=\"https:\/\/kk.coldex.fi\/fi\/ota-yhteytta\/tarjouspyynto\/\">J\u00c4T\u00c4 TARJOUSPYYNT\u00d6<\/a><\/p>\n<h2><a href=\"https:\/\/kk.coldex.fi\/fi\/ota-yhteytta\/\">Ota yhteytt\u00e4<\/a><\/h2>\n<hr \/>\n<p>\n<strong>S\u00e4hk\u00f6postitse: info(at)coldex.fi<\/strong><\/p>\n<p><strong>Puhelimitse: 03 7873714<\/strong><\/p>\n<p><strong>tai<\/strong><\/p>\n<p><a href=\"https:\/\/kk.coldex.fi\/fi\/ota-yhteytta\/tarjouspyynto\/\">PYYD\u00c4 TARJOUS<\/a>\u00a0<\/p>\n","protected":false},"excerpt":{"rendered":"<p>Pikaj\u00e4\u00e4hdytys- ja pikapakastuslaitteet Kaapit Suunnittelemme, toimitamme ja asennamme kylm\u00e4prosessilaitteita elintarviketuotantoon Pikapakastuskaapit ja pikaj\u00e4\u00e4hdytyskaapit Laitteita k\u00e4ytet\u00e4\u00e4n, kun\u00a0on tarpeen pakastaa tai j\u00e4\u00e4hdytt\u00e4\u00e4 pieni m\u00e4\u00e4r\u00e4 tuotteita, esimerkiksi juuri valmistetut tuotteet lyhyess\u00e4 ajassa (pakastuksessa enint\u00e4\u00e4n 260kg\/tunnissa ja j\u00e4\u00e4hdytyksess\u00e4 460kg\/tunnissa). Laitteen avulla pidenn\u00e4t tuotteiden s\u00e4ilyvyytt\u00e4, s\u00e4ilyt\u00e4t elintarvikkeen makuominaisuudet ja vitamiinit. Valikoimasta l\u00f6ytyy valmiita kaappikokoja eri volyymeille ilman projektisuunnittelua. Erikokoiset pikapakastimet&#8230;<\/p>\n","protected":false},"author":1,"featured_media":0,"parent":3956,"menu_order":0,"comment_status":"closed","ping_status":"closed","template":"full-width-page.php","meta":[],"yoast_head":"<!-- This site is optimized with the Yoast SEO plugin v21.7 - https:\/\/yoast.com\/wordpress\/plugins\/seo\/ -->\n<title>Pikapakastuskaapit ja pikaj\u00e4\u00e4hdytyskaapit | Coldex Oy<\/title>\n<meta name=\"description\" content=\"Pikapakastuskaapit. Pikapakastimet ja pikaj\u00e4\u00e4hdyttimet elintarviketuotantoon. Tehokkaaseen tuotantoon ja elintarvikkeiden laadun s\u00e4ilytt\u00e4miseen. Ota yhteytt\u00e4...\" \/>\n<meta name=\"robots\" content=\"index, follow, max-snippet:-1, max-image-preview:large, max-video-preview:-1\" \/>\n<link rel=\"canonical\" href=\"https:\/\/kk.coldex.fi\/fi\/prosessilaitteet\/pikajaahdytyslaitteet\/pikapakastuskaapit\/\" \/>\n<meta property=\"og:locale\" content=\"fi_FI\" \/>\n<meta property=\"og:type\" content=\"article\" \/>\n<meta property=\"og:title\" content=\"Pikapakastuskaapit ja pikaj\u00e4\u00e4hdytyskaapit | Coldex Oy\" \/>\n<meta property=\"og:description\" content=\"Pikapakastuskaapit. Pikapakastimet ja pikaj\u00e4\u00e4hdyttimet elintarviketuotantoon. Tehokkaaseen tuotantoon ja elintarvikkeiden laadun s\u00e4ilytt\u00e4miseen. Ota yhteytt\u00e4...\" \/>\n<meta property=\"og:url\" content=\"https:\/\/kk.coldex.fi\/fi\/prosessilaitteet\/pikajaahdytyslaitteet\/pikapakastuskaapit\/\" \/>\n<meta property=\"og:site_name\" content=\"Coldex\" \/>\n<meta property=\"article:modified_time\" content=\"2019-09-25T06:39:51+00:00\" \/>\n<script type=\"application\/ld+json\" class=\"yoast-schema-graph\">{\"@context\":\"https:\/\/schema.org\",\"@graph\":[{\"@type\":\"WebPage\",\"@id\":\"https:\/\/kk.coldex.fi\/fi\/prosessilaitteet\/pikajaahdytyslaitteet\/pikapakastuskaapit\/\",\"url\":\"https:\/\/kk.coldex.fi\/fi\/prosessilaitteet\/pikajaahdytyslaitteet\/pikapakastuskaapit\/\",\"name\":\"Pikapakastuskaapit ja pikaj\u00e4\u00e4hdytyskaapit | Coldex Oy\",\"isPartOf\":{\"@id\":\"https:\/\/kk.coldex.fi\/fi\/#website\"},\"datePublished\":\"2017-09-12T08:47:47+00:00\",\"dateModified\":\"2019-09-25T06:39:51+00:00\",\"description\":\"Pikapakastuskaapit. Pikapakastimet ja pikaj\u00e4\u00e4hdyttimet elintarviketuotantoon. Tehokkaaseen tuotantoon ja elintarvikkeiden laadun s\u00e4ilytt\u00e4miseen. Ota yhteytt\u00e4...\",\"breadcrumb\":{\"@id\":\"https:\/\/kk.coldex.fi\/fi\/prosessilaitteet\/pikajaahdytyslaitteet\/pikapakastuskaapit\/#breadcrumb\"},\"inLanguage\":\"fi\",\"potentialAction\":[{\"@type\":\"ReadAction\",\"target\":[\"https:\/\/kk.coldex.fi\/fi\/prosessilaitteet\/pikajaahdytyslaitteet\/pikapakastuskaapit\/\"]}]},{\"@type\":\"BreadcrumbList\",\"@id\":\"https:\/\/kk.coldex.fi\/fi\/prosessilaitteet\/pikajaahdytyslaitteet\/pikapakastuskaapit\/#breadcrumb\",\"itemListElement\":[{\"@type\":\"ListItem\",\"position\":1,\"name\":\"Home\",\"item\":\"https:\/\/kk.coldex.fi\/fi\/\"},{\"@type\":\"ListItem\",\"position\":2,\"name\":\"Prosessilaitteet\",\"item\":\"https:\/\/kk.coldex.fi\/fi\/prosessilaitteet\/\"},{\"@type\":\"ListItem\",\"position\":3,\"name\":\"Pikaj\u00e4\u00e4hdytyslaitteet\",\"item\":\"https:\/\/kk.coldex.fi\/fi\/prosessilaitteet\/pikajaahdytyslaitteet\/\"},{\"@type\":\"ListItem\",\"position\":4,\"name\":\"Pikapakastuskaapit\"}]},{\"@type\":\"WebSite\",\"@id\":\"https:\/\/kk.coldex.fi\/fi\/#website\",\"url\":\"https:\/\/kk.coldex.fi\/fi\/\",\"name\":\"Coldex\",\"description\":\"Kylm\u00e4laitteet ammattilliseen k\u00e4ytt\u00f6\u00f6n\",\"potentialAction\":[{\"@type\":\"SearchAction\",\"target\":{\"@type\":\"EntryPoint\",\"urlTemplate\":\"https:\/\/kk.coldex.fi\/fi\/?s={search_term_string}\"},\"query-input\":\"required name=search_term_string\"}],\"inLanguage\":\"fi\"}]}<\/script>\n<!-- \/ Yoast SEO plugin. -->","yoast_head_json":{"title":"Pikapakastuskaapit ja pikaj\u00e4\u00e4hdytyskaapit | Coldex Oy","description":"Pikapakastuskaapit. Pikapakastimet ja pikaj\u00e4\u00e4hdyttimet elintarviketuotantoon. Tehokkaaseen tuotantoon ja elintarvikkeiden laadun s\u00e4ilytt\u00e4miseen. Ota yhteytt\u00e4...","robots":{"index":"index","follow":"follow","max-snippet":"max-snippet:-1","max-image-preview":"max-image-preview:large","max-video-preview":"max-video-preview:-1"},"canonical":"https:\/\/kk.coldex.fi\/fi\/prosessilaitteet\/pikajaahdytyslaitteet\/pikapakastuskaapit\/","og_locale":"fi_FI","og_type":"article","og_title":"Pikapakastuskaapit ja pikaj\u00e4\u00e4hdytyskaapit | Coldex Oy","og_description":"Pikapakastuskaapit. Pikapakastimet ja pikaj\u00e4\u00e4hdyttimet elintarviketuotantoon. Tehokkaaseen tuotantoon ja elintarvikkeiden laadun s\u00e4ilytt\u00e4miseen. Ota yhteytt\u00e4...","og_url":"https:\/\/kk.coldex.fi\/fi\/prosessilaitteet\/pikajaahdytyslaitteet\/pikapakastuskaapit\/","og_site_name":"Coldex","article_modified_time":"2019-09-25T06:39:51+00:00","schema":{"@context":"https:\/\/schema.org","@graph":[{"@type":"WebPage","@id":"https:\/\/kk.coldex.fi\/fi\/prosessilaitteet\/pikajaahdytyslaitteet\/pikapakastuskaapit\/","url":"https:\/\/kk.coldex.fi\/fi\/prosessilaitteet\/pikajaahdytyslaitteet\/pikapakastuskaapit\/","name":"Pikapakastuskaapit ja pikaj\u00e4\u00e4hdytyskaapit | Coldex Oy","isPartOf":{"@id":"https:\/\/kk.coldex.fi\/fi\/#website"},"datePublished":"2017-09-12T08:47:47+00:00","dateModified":"2019-09-25T06:39:51+00:00","description":"Pikapakastuskaapit. Pikapakastimet ja pikaj\u00e4\u00e4hdyttimet elintarviketuotantoon. Tehokkaaseen tuotantoon ja elintarvikkeiden laadun s\u00e4ilytt\u00e4miseen. Ota yhteytt\u00e4...","breadcrumb":{"@id":"https:\/\/kk.coldex.fi\/fi\/prosessilaitteet\/pikajaahdytyslaitteet\/pikapakastuskaapit\/#breadcrumb"},"inLanguage":"fi","potentialAction":[{"@type":"ReadAction","target":["https:\/\/kk.coldex.fi\/fi\/prosessilaitteet\/pikajaahdytyslaitteet\/pikapakastuskaapit\/"]}]},{"@type":"BreadcrumbList","@id":"https:\/\/kk.coldex.fi\/fi\/prosessilaitteet\/pikajaahdytyslaitteet\/pikapakastuskaapit\/#breadcrumb","itemListElement":[{"@type":"ListItem","position":1,"name":"Home","item":"https:\/\/kk.coldex.fi\/fi\/"},{"@type":"ListItem","position":2,"name":"Prosessilaitteet","item":"https:\/\/kk.coldex.fi\/fi\/prosessilaitteet\/"},{"@type":"ListItem","position":3,"name":"Pikaj\u00e4\u00e4hdytyslaitteet","item":"https:\/\/kk.coldex.fi\/fi\/prosessilaitteet\/pikajaahdytyslaitteet\/"},{"@type":"ListItem","position":4,"name":"Pikapakastuskaapit"}]},{"@type":"WebSite","@id":"https:\/\/kk.coldex.fi\/fi\/#website","url":"https:\/\/kk.coldex.fi\/fi\/","name":"Coldex","description":"Kylm\u00e4laitteet ammattilliseen k\u00e4ytt\u00f6\u00f6n","potentialAction":[{"@type":"SearchAction","target":{"@type":"EntryPoint","urlTemplate":"https:\/\/kk.coldex.fi\/fi\/?s={search_term_string}"},"query-input":"required name=search_term_string"}],"inLanguage":"fi"}]}},"_links":{"self":[{"href":"https:\/\/kk.coldex.fi\/fi\/wp-json\/wp\/v2\/pages\/4594"}],"collection":[{"href":"https:\/\/kk.coldex.fi\/fi\/wp-json\/wp\/v2\/pages"}],"about":[{"href":"https:\/\/kk.coldex.fi\/fi\/wp-json\/wp\/v2\/types\/page"}],"author":[{"embeddable":true,"href":"https:\/\/kk.coldex.fi\/fi\/wp-json\/wp\/v2\/users\/1"}],"replies":[{"embeddable":true,"href":"https:\/\/kk.coldex.fi\/fi\/wp-json\/wp\/v2\/comments?post=4594"}],"version-history":[{"count":0,"href":"https:\/\/kk.coldex.fi\/fi\/wp-json\/wp\/v2\/pages\/4594\/revisions"}],"up":[{"embeddable":true,"href":"https:\/\/kk.coldex.fi\/fi\/wp-json\/wp\/v2\/pages\/3956"}],"wp:attachment":[{"href":"https:\/\/kk.coldex.fi\/fi\/wp-json\/wp\/v2\/media?parent=4594"}],"curies":[{"name":"wp","href":"https:\/\/api.w.org\/{rel}","templated":true}]}}