{"id":4590,"date":"2017-09-12T11:48:10","date_gmt":"2017-09-12T08:48:10","guid":{"rendered":"http:\/\/coldex.fi\/fi\/?page_id=4590"},"modified":"2019-09-24T18:04:15","modified_gmt":"2019-09-24T15:04:15","slug":"leijupakastimet","status":"publish","type":"page","link":"https:\/\/kk.coldex.fi\/fi\/prosessilaitteet\/pikajaahdytyslaitteet\/leijupakastimet\/","title":{"rendered":"Leijupakastimet"},"content":{"rendered":"<h1>Pikaj\u00e4\u00e4hdytys- ja pikapakastuslaitteet Leijupakastimet<\/h1>\n<p>Suunnittelemme, toimitamme ja asennamme kylm\u00e4prosessilaitteita elintarviketuotantoon<\/p>\n<h3 class='info-table-main-heading'>\t\t\tLeijupakastimet\t\t\t<\/h3>\n<h5 class='info-table-sub-heading'>\t\t\t\t\t\t<\/h5>\n<p>Leijupakastin sopii elintarviketuotantoon, osaksi tuotantolinjastoa jossa tarvitaan nopeaa pakastusta suurelle volyymille. K\u00e4sittelyss\u00e4 pakastettavan tuotteen kuivuminen on l\u00e4hes olematonta. Tuotteen muoto, haju, v\u00e4ri ja tilavuus s\u00e4ilyy, lopputuloksena on korkealaatuinen tuote, jolla on luonnollinen ulkon\u00e4k\u00f6 ja korkeampi arvo markkinoilla.<\/p>\n<p>Leijupakastimet sopivat erinomaisesti\u00a0 seuraaville elintarvikkeille: hedelm\u00e4t ja marjat, vihannekset, \u00e4yri\u00e4iset ja kalat, liha ja siipikarja, pasta, riisi ja juusto.<\/p>\n<p>S\u00e4\u00e4dett\u00e4v\u00e4 leijutus on avaintekij\u00e4 tuotteiden luonnolliseen ulkon\u00e4k\u00f6\u00f6n, jolloin tuote siirtyy hell\u00e4varaisesti vahingoittamatta sen pintaa koko prosessin ajan. Tarjoamiemme leijupakastimien muut edut ovat \u00a0korkea tuotto, laitteen korkea laatu ja energiatehokkuus, hygienia, turvallisuus, helppo k\u00e4ytt\u00f6 ja huolto.<\/p>\n<p>Energians\u00e4\u00e4st\u00f6 ja paras j\u00e4\u00e4tymisteknologia<\/p>\n<ul>\n<li>Eritt\u00e4in tehokkaat puhaltimet, jotka s\u00e4\u00e4tyv\u00e4t tarvittavaan nopeuteen. Ilmanvirtauksen ohjaus j\u00e4\u00e4tymisvy\u00f6hykkeest\u00e4 riippumatta<\/li>\n<li>Optimaalinen aerodynamiikka erikoisen muotoilun ja py\u00f6ristettyjen kulmien ansiosta<\/li>\n<li>Alhainen lumen\/j\u00e4\u00e4n muodostus, jopa viisi p\u00e4iv\u00e4\u00e4 pys\u00e4ytt\u00e4m\u00e4t\u00f6nt\u00e4 tuotantoa<\/li>\n<\/ul>\n<p>Turvallisuus, hygienia ja huolto<\/p>\n<ul>\n<li>Tiivis ja yhten\u00e4inen leijupakastimen rakenne py\u00f6ristetyill\u00e4 kulmilla<\/li>\n<li>JET AIR veitset poistavat kertyneen j\u00e4\u00e4n ja lumen h\u00f6yrystimest\u00e4<\/li>\n<li>Desinfiointij\u00e4rjestelm\u00e4 puhdistaa tehokkaasti laitteen sis\u00e4pinnat (alhainen veden kulutus)<\/li>\n<li>Aukeava sivusein\u00e4<\/li>\n<li>Kuljetinlevyt ovat helposti poistettavissa, t\u00e4m\u00e4 tarjoaa vapaan p\u00e4\u00e4syn joka kohtaan<\/li>\n<li>Leijupakastimet t\u00e4ytt\u00e4v\u00e4t ja ylitt\u00e4v\u00e4t kaikki kansainv\u00e4liset elintarvikeprosessilaitteiden standardit<\/li>\n<\/ul>\n<p>Toimitus ja asennus<\/p>\n<ul>\n<li>Laitteet testataan huolella ennen toimitusta<\/li>\n<li>Helposti kuljetettavissa kuorma-autolla tai merikontissa kohteeseen ja kohteessa esim. trukilla<\/li>\n<li>Nopea asennus toimituksen j\u00e4lkeen<\/li>\n<li>Laitteella on omat tukijalat. Asennuksessa ei tarvita kiinteit\u00e4 asennust\u00f6it\u00e4, kuten betonivalut\u00f6it\u00e4.<\/li>\n<\/ul>\n<p>\t\t\t\t<img decoding=\"async\" src=\"https:\/\/kk.coldex.fi\/fi\/wp-content\/uploads\/Leijupakastin.jpg\" alt=\"prosessilaitteet\" itemprop=\"image\" title=\"Leijupakastin\" onerror=\"this.style.display='none'\"  \/><br \/>\n\t\t\t\t<img decoding=\"async\" src=\"https:\/\/kk.coldex.fi\/fi\/wp-content\/uploads\/Leijupakastin-sis\u00e4ll\u00e4.jpg\" alt=\"Leijupakastin\" itemprop=\"image\" title=\"Leijupakastin sis\u00e4ll\u00e4\" onerror=\"this.style.display='none'\"  \/><\/p>\n<h5>Leijupakastimien eri mallivaihtoehdot<\/h5>\n<p>&nbsp;<\/p>\n<table width=\"658\">\n<tbody>\n<tr>\n<td width=\"81\"><b>Malli<\/b><\/td>\n<td width=\"296\"><b>Kapasiteetti<\/b><\/td>\n<td width=\"281\"><b>Pituus<\/b><\/td>\n<\/tr>\n<tr>\n<td width=\"81\">2\/1<\/td>\n<td width=\"296\">1 350 kg \/\u00a0tunnissa<\/td>\n<td width=\"281\">\u00a02 700 mm<\/td>\n<\/tr>\n<tr>\n<td width=\"81\">3\/2<\/td>\n<td width=\"296\">2 000 kg \/\u00a0tunnissa<\/td>\n<td width=\"281\">\u00a03 805 mm<\/td>\n<\/tr>\n<tr>\n<td width=\"81\">4\/2<\/td>\n<td width=\"296\">2 600 kg \/\u00a0tunnissa<\/td>\n<td width=\"281\">\u00a04 880 mm<\/td>\n<\/tr>\n<tr>\n<td width=\"81\">5\/2<\/td>\n<td width=\"296\">3 950 kg \/\u00a0tunnissa<\/td>\n<td width=\"281\">\u00a05 950 mm<\/td>\n<\/tr>\n<tr>\n<td width=\"81\">6\/2<\/td>\n<td width=\"296\">4 000 kg \/\u00a0tunnissa<\/td>\n<td width=\"281\">\u00a07 025 mm<\/td>\n<\/tr>\n<tr>\n<td width=\"81\">7\/2<\/td>\n<td width=\"296\">4 650 kg \/\u00a0tunnissa<\/td>\n<td width=\"281\">\u00a08 095 mm<\/td>\n<\/tr>\n<tr>\n<td width=\"81\">8\/2<\/td>\n<td width=\"296\">5 300 kg \/\u00a0tunnissa<\/td>\n<td width=\"281\">\u00a09 170 mm<\/td>\n<\/tr>\n<tr>\n<td width=\"81\">9\/2<\/td>\n<td width=\"296\">5 900 kg \/\u00a0tunnissa<\/td>\n<td width=\"281\">10 240 mm<\/td>\n<\/tr>\n<tr>\n<td width=\"81\">10\/2<\/td>\n<td width=\"296\">6 600 kg \/\u00a0tunnissa<\/td>\n<td width=\"281\">11 340 mm<\/td>\n<\/tr>\n<tr>\n<td width=\"81\">11\/2<\/td>\n<td width=\"296\">7 300 kg \/\u00a0tunnissa<\/td>\n<td width=\"281\">12 378 mm<\/td>\n<\/tr>\n<tr>\n<td width=\"81\">12\/2<\/td>\n<td width=\"296\">8 000 kg \/\u00a0tunnissa<\/td>\n<td width=\"281\">13 450 mm<\/td>\n<\/tr>\n<tr>\n<td width=\"81\">13\/2<\/td>\n<td width=\"296\">8 600 kg \/\u00a0tunnissa<\/td>\n<td width=\"281\">14 522 mm<\/td>\n<\/tr>\n<tr>\n<td width=\"81\">14\/2<\/td>\n<td width=\"296\">9 300 kg \/\u00a0tunnissa<\/td>\n<td width=\"281\">15 594 mm<\/td>\n<\/tr>\n<tr>\n<td width=\"81\">G12<\/td>\n<td width=\"296\">13 000 kg \/\u00a0tunnissa<\/td>\n<td width=\"281\">15 600 mm<\/td>\n<\/tr>\n<tr>\n<td width=\"81\">G13<\/td>\n<td width=\"296\">14 000 kg \/\u00a0tunnissa<\/td>\n<td width=\"281\">16 800 mm<\/td>\n<\/tr>\n<tr>\n<td width=\"81\">G14<\/td>\n<td width=\"296\">15 000 kg \/\u00a0tunnissa<\/td>\n<td width=\"281\">18 000 mm<\/td>\n<\/tr>\n<\/tbody>\n<\/table>\n<p><a href=\"https:\/\/kk.coldex.fi\/fi\/ota-yhteytta\/tarjouspyynto\/\">J\u00c4T\u00c4 TARJOUSPYYNT\u00d6<\/a><\/p>\n<p>&nbsp;<\/p>\n<h2><a href=\"https:\/\/kk.coldex.fi\/fi\/ota-yhteytta\/\">Ota yhteytt\u00e4<\/a><\/h2>\n<hr \/>\n<p>\n<strong>S\u00e4hk\u00f6postitse: info(at)coldex.fi<\/strong><\/p>\n<p><strong>Puhelimitse: 03 7873714<\/strong><\/p>\n<p><strong>tai<\/strong><\/p>\n<p><a href=\"https:\/\/kk.coldex.fi\/fi\/ota-yhteytta\/tarjouspyynto\/\">PYYD\u00c4 TARJOUS<\/a>\u00a0<\/p>\n","protected":false},"excerpt":{"rendered":"<p>Pikaj\u00e4\u00e4hdytys- ja pikapakastuslaitteet Leijupakastimet Suunnittelemme, toimitamme ja asennamme kylm\u00e4prosessilaitteita elintarviketuotantoon Leijupakastimet Leijupakastin sopii elintarviketuotantoon, osaksi tuotantolinjastoa jossa tarvitaan nopeaa pakastusta suurelle volyymille. K\u00e4sittelyss\u00e4 pakastettavan tuotteen kuivuminen on l\u00e4hes olematonta. Tuotteen muoto, haju, v\u00e4ri ja tilavuus s\u00e4ilyy, lopputuloksena on korkealaatuinen tuote, jolla on luonnollinen ulkon\u00e4k\u00f6 ja korkeampi arvo markkinoilla. Leijupakastimet sopivat erinomaisesti\u00a0 seuraaville elintarvikkeille: hedelm\u00e4t ja&#8230;<\/p>\n","protected":false},"author":1,"featured_media":0,"parent":3956,"menu_order":0,"comment_status":"closed","ping_status":"closed","template":"full-width-page.php","meta":[],"yoast_head":"<!-- This site is optimized with the Yoast SEO plugin v21.7 - https:\/\/yoast.com\/wordpress\/plugins\/seo\/ -->\n<title>Leijupakastimet - Pikapakastuslaitteet ja pikaj\u00e4\u00e4hdytyslaitteet | Coldex Oy<\/title>\n<meta name=\"description\" content=\"Leijupakastimet, pikapakastimet ja pikaj\u00e4\u00e4hdyttimet. Tehokkaaseen tuotantoon ja elintarvikkeiden laadun s\u00e4ilytt\u00e4miseen. Ota yhteytt\u00e4...\" \/>\n<meta name=\"robots\" content=\"index, follow, max-snippet:-1, max-image-preview:large, max-video-preview:-1\" \/>\n<link rel=\"canonical\" href=\"https:\/\/kk.coldex.fi\/fi\/prosessilaitteet\/pikajaahdytyslaitteet\/leijupakastimet\/\" \/>\n<meta property=\"og:locale\" content=\"fi_FI\" \/>\n<meta property=\"og:type\" content=\"article\" \/>\n<meta property=\"og:title\" content=\"Leijupakastimet - Pikapakastuslaitteet ja pikaj\u00e4\u00e4hdytyslaitteet | Coldex Oy\" \/>\n<meta property=\"og:description\" content=\"Leijupakastimet, pikapakastimet ja pikaj\u00e4\u00e4hdyttimet. Tehokkaaseen tuotantoon ja elintarvikkeiden laadun s\u00e4ilytt\u00e4miseen. Ota yhteytt\u00e4...\" \/>\n<meta property=\"og:url\" content=\"https:\/\/kk.coldex.fi\/fi\/prosessilaitteet\/pikajaahdytyslaitteet\/leijupakastimet\/\" \/>\n<meta property=\"og:site_name\" content=\"Coldex\" \/>\n<meta property=\"article:modified_time\" content=\"2019-09-24T15:04:15+00:00\" \/>\n<meta property=\"og:image\" content=\"https:\/\/kk.coldex.fi\/fi\/wp-content\/uploads\/Leijupakastin.jpg\" \/>\n<meta name=\"twitter:label1\" content=\"Arvioitu lukuaika\" \/>\n\t<meta name=\"twitter:data1\" content=\"2 minuuttia\" \/>\n<script type=\"application\/ld+json\" class=\"yoast-schema-graph\">{\"@context\":\"https:\/\/schema.org\",\"@graph\":[{\"@type\":\"WebPage\",\"@id\":\"https:\/\/kk.coldex.fi\/fi\/prosessilaitteet\/pikajaahdytyslaitteet\/leijupakastimet\/\",\"url\":\"https:\/\/kk.coldex.fi\/fi\/prosessilaitteet\/pikajaahdytyslaitteet\/leijupakastimet\/\",\"name\":\"Leijupakastimet - Pikapakastuslaitteet ja pikaj\u00e4\u00e4hdytyslaitteet | Coldex Oy\",\"isPartOf\":{\"@id\":\"https:\/\/kk.coldex.fi\/fi\/#website\"},\"datePublished\":\"2017-09-12T08:48:10+00:00\",\"dateModified\":\"2019-09-24T15:04:15+00:00\",\"description\":\"Leijupakastimet, pikapakastimet ja pikaj\u00e4\u00e4hdyttimet. Tehokkaaseen tuotantoon ja elintarvikkeiden laadun s\u00e4ilytt\u00e4miseen. Ota yhteytt\u00e4...\",\"breadcrumb\":{\"@id\":\"https:\/\/kk.coldex.fi\/fi\/prosessilaitteet\/pikajaahdytyslaitteet\/leijupakastimet\/#breadcrumb\"},\"inLanguage\":\"fi\",\"potentialAction\":[{\"@type\":\"ReadAction\",\"target\":[\"https:\/\/kk.coldex.fi\/fi\/prosessilaitteet\/pikajaahdytyslaitteet\/leijupakastimet\/\"]}]},{\"@type\":\"BreadcrumbList\",\"@id\":\"https:\/\/kk.coldex.fi\/fi\/prosessilaitteet\/pikajaahdytyslaitteet\/leijupakastimet\/#breadcrumb\",\"itemListElement\":[{\"@type\":\"ListItem\",\"position\":1,\"name\":\"Home\",\"item\":\"https:\/\/kk.coldex.fi\/fi\/\"},{\"@type\":\"ListItem\",\"position\":2,\"name\":\"Prosessilaitteet\",\"item\":\"https:\/\/kk.coldex.fi\/fi\/prosessilaitteet\/\"},{\"@type\":\"ListItem\",\"position\":3,\"name\":\"Pikaj\u00e4\u00e4hdytyslaitteet\",\"item\":\"https:\/\/kk.coldex.fi\/fi\/prosessilaitteet\/pikajaahdytyslaitteet\/\"},{\"@type\":\"ListItem\",\"position\":4,\"name\":\"Leijupakastimet\"}]},{\"@type\":\"WebSite\",\"@id\":\"https:\/\/kk.coldex.fi\/fi\/#website\",\"url\":\"https:\/\/kk.coldex.fi\/fi\/\",\"name\":\"Coldex\",\"description\":\"Kylm\u00e4laitteet ammattilliseen k\u00e4ytt\u00f6\u00f6n\",\"potentialAction\":[{\"@type\":\"SearchAction\",\"target\":{\"@type\":\"EntryPoint\",\"urlTemplate\":\"https:\/\/kk.coldex.fi\/fi\/?s={search_term_string}\"},\"query-input\":\"required name=search_term_string\"}],\"inLanguage\":\"fi\"}]}<\/script>\n<!-- \/ Yoast SEO plugin. -->","yoast_head_json":{"title":"Leijupakastimet - Pikapakastuslaitteet ja pikaj\u00e4\u00e4hdytyslaitteet | Coldex Oy","description":"Leijupakastimet, pikapakastimet ja pikaj\u00e4\u00e4hdyttimet. Tehokkaaseen tuotantoon ja elintarvikkeiden laadun s\u00e4ilytt\u00e4miseen. Ota yhteytt\u00e4...","robots":{"index":"index","follow":"follow","max-snippet":"max-snippet:-1","max-image-preview":"max-image-preview:large","max-video-preview":"max-video-preview:-1"},"canonical":"https:\/\/kk.coldex.fi\/fi\/prosessilaitteet\/pikajaahdytyslaitteet\/leijupakastimet\/","og_locale":"fi_FI","og_type":"article","og_title":"Leijupakastimet - Pikapakastuslaitteet ja pikaj\u00e4\u00e4hdytyslaitteet | Coldex Oy","og_description":"Leijupakastimet, pikapakastimet ja pikaj\u00e4\u00e4hdyttimet. Tehokkaaseen tuotantoon ja elintarvikkeiden laadun s\u00e4ilytt\u00e4miseen. Ota yhteytt\u00e4...","og_url":"https:\/\/kk.coldex.fi\/fi\/prosessilaitteet\/pikajaahdytyslaitteet\/leijupakastimet\/","og_site_name":"Coldex","article_modified_time":"2019-09-24T15:04:15+00:00","og_image":[{"url":"https:\/\/kk.coldex.fi\/fi\/wp-content\/uploads\/Leijupakastin.jpg"}],"twitter_misc":{"Arvioitu lukuaika":"2 minuuttia"},"schema":{"@context":"https:\/\/schema.org","@graph":[{"@type":"WebPage","@id":"https:\/\/kk.coldex.fi\/fi\/prosessilaitteet\/pikajaahdytyslaitteet\/leijupakastimet\/","url":"https:\/\/kk.coldex.fi\/fi\/prosessilaitteet\/pikajaahdytyslaitteet\/leijupakastimet\/","name":"Leijupakastimet - Pikapakastuslaitteet ja pikaj\u00e4\u00e4hdytyslaitteet | Coldex Oy","isPartOf":{"@id":"https:\/\/kk.coldex.fi\/fi\/#website"},"datePublished":"2017-09-12T08:48:10+00:00","dateModified":"2019-09-24T15:04:15+00:00","description":"Leijupakastimet, pikapakastimet ja pikaj\u00e4\u00e4hdyttimet. Tehokkaaseen tuotantoon ja elintarvikkeiden laadun s\u00e4ilytt\u00e4miseen. Ota yhteytt\u00e4...","breadcrumb":{"@id":"https:\/\/kk.coldex.fi\/fi\/prosessilaitteet\/pikajaahdytyslaitteet\/leijupakastimet\/#breadcrumb"},"inLanguage":"fi","potentialAction":[{"@type":"ReadAction","target":["https:\/\/kk.coldex.fi\/fi\/prosessilaitteet\/pikajaahdytyslaitteet\/leijupakastimet\/"]}]},{"@type":"BreadcrumbList","@id":"https:\/\/kk.coldex.fi\/fi\/prosessilaitteet\/pikajaahdytyslaitteet\/leijupakastimet\/#breadcrumb","itemListElement":[{"@type":"ListItem","position":1,"name":"Home","item":"https:\/\/kk.coldex.fi\/fi\/"},{"@type":"ListItem","position":2,"name":"Prosessilaitteet","item":"https:\/\/kk.coldex.fi\/fi\/prosessilaitteet\/"},{"@type":"ListItem","position":3,"name":"Pikaj\u00e4\u00e4hdytyslaitteet","item":"https:\/\/kk.coldex.fi\/fi\/prosessilaitteet\/pikajaahdytyslaitteet\/"},{"@type":"ListItem","position":4,"name":"Leijupakastimet"}]},{"@type":"WebSite","@id":"https:\/\/kk.coldex.fi\/fi\/#website","url":"https:\/\/kk.coldex.fi\/fi\/","name":"Coldex","description":"Kylm\u00e4laitteet ammattilliseen k\u00e4ytt\u00f6\u00f6n","potentialAction":[{"@type":"SearchAction","target":{"@type":"EntryPoint","urlTemplate":"https:\/\/kk.coldex.fi\/fi\/?s={search_term_string}"},"query-input":"required name=search_term_string"}],"inLanguage":"fi"}]}},"_links":{"self":[{"href":"https:\/\/kk.coldex.fi\/fi\/wp-json\/wp\/v2\/pages\/4590"}],"collection":[{"href":"https:\/\/kk.coldex.fi\/fi\/wp-json\/wp\/v2\/pages"}],"about":[{"href":"https:\/\/kk.coldex.fi\/fi\/wp-json\/wp\/v2\/types\/page"}],"author":[{"embeddable":true,"href":"https:\/\/kk.coldex.fi\/fi\/wp-json\/wp\/v2\/users\/1"}],"replies":[{"embeddable":true,"href":"https:\/\/kk.coldex.fi\/fi\/wp-json\/wp\/v2\/comments?post=4590"}],"version-history":[{"count":0,"href":"https:\/\/kk.coldex.fi\/fi\/wp-json\/wp\/v2\/pages\/4590\/revisions"}],"up":[{"embeddable":true,"href":"https:\/\/kk.coldex.fi\/fi\/wp-json\/wp\/v2\/pages\/3956"}],"wp:attachment":[{"href":"https:\/\/kk.coldex.fi\/fi\/wp-json\/wp\/v2\/media?parent=4590"}],"curies":[{"name":"wp","href":"https:\/\/api.w.org\/{rel}","templated":true}]}}