{"id":3973,"date":"2017-02-20T14:59:17","date_gmt":"2017-02-20T12:59:17","guid":{"rendered":"http:\/\/coldex.fi\/fi\/?page_id=3973"},"modified":"2019-05-22T15:47:10","modified_gmt":"2019-05-22T12:47:10","slug":"jaantekolaitteet","status":"publish","type":"page","link":"https:\/\/kk.coldex.fi\/fi\/prosessilaitteet\/jaantekolaitteet\/","title":{"rendered":"J\u00e4\u00e4ntekolaitteet"},"content":{"rendered":"<h1>Prosessilaitteet elintarviketuotantoon ja -jalostukseen J\u00e4\u00e4ntekolaitteet<\/h1>\n<p>Suunnittelemme, toimitamme ja asennamme kylm\u00e4prosessilaitteita elintarviketuotantoon<\/p>\n<h2 class='info-table-main-heading'>\t\t\tJ\u00e4\u00e4ntekolaitteet\t\t\t<\/h2>\n<h5 class='info-table-sub-heading'>\t\t\t\t\t\t<\/h5>\n<p>Coldex toimittaa ilma- ja vesij\u00e4\u00e4hdytteisi\u00e4 j\u00e4\u00e4ntekolaitteita eri k\u00e4ytt\u00f6tarkoituksiin. Kapasiteetiltaan 21 &#8211; 2200 kg\/vrk integroiduilla ja erillisill\u00e4 s\u00e4ili\u00f6ill\u00e4 tai ilman, 20 &#8211; 140 gr j\u00e4\u00e4paloina tai j\u00e4\u00e4hilein\u00e4 suurkeitti\u00f6ihin, kauppoihin elintavikkeiden kylm\u00e4tiskimyyntiin, tuotantoon ja jalostukseen.<\/p>\n<p>J\u00e4\u00e4ntekolaitteet ovat suunniteltu kovaan k\u00e4ytt\u00f6\u00f6n ja pintamateriaaliltaan ne ovat aina ruostumatonta ter\u00e4st\u00e4.<\/p>\n<h2><a href=\"https:\/\/kk.coldex.fi\/fi\/ota-yhteytta\/\">Ota yhteytt\u00e4<\/a><\/h2>\n<hr \/>\n<p>\nS\u00e4hk\u00f6postitse: info(at)coldex.fi<\/p>\n<p>Puhelimitse: 03 7873714<\/p>\n<p>tai<\/p>\n<p><a href=\"https:\/\/kk.coldex.fi\/fi\/ota-yhteytta\/tarjouspyynto\/\">PYYD\u00c4 TARJOUS<\/a>\u00a0<\/p>\n","protected":false},"excerpt":{"rendered":"<p>Prosessilaitteet elintarviketuotantoon ja -jalostukseen J\u00e4\u00e4ntekolaitteet Suunnittelemme, toimitamme ja asennamme kylm\u00e4prosessilaitteita elintarviketuotantoon J\u00e4\u00e4ntekolaitteet Coldex toimittaa ilma- ja vesij\u00e4\u00e4hdytteisi\u00e4 j\u00e4\u00e4ntekolaitteita eri k\u00e4ytt\u00f6tarkoituksiin. Kapasiteetiltaan 21 &#8211; 2200 kg\/vrk integroiduilla ja erillisill\u00e4 s\u00e4ili\u00f6ill\u00e4 tai ilman, 20 &#8211; 140 gr j\u00e4\u00e4paloina tai j\u00e4\u00e4hilein\u00e4 suurkeitti\u00f6ihin, kauppoihin elintavikkeiden kylm\u00e4tiskimyyntiin, tuotantoon ja jalostukseen. J\u00e4\u00e4ntekolaitteet ovat suunniteltu kovaan k\u00e4ytt\u00f6\u00f6n ja pintamateriaaliltaan ne ovat aina&#8230;<\/p>\n","protected":false},"author":1,"featured_media":0,"parent":2274,"menu_order":0,"comment_status":"closed","ping_status":"closed","template":"full-width-page.php","meta":[],"yoast_head":"<!-- This site is optimized with the Yoast SEO plugin v21.7 - https:\/\/yoast.com\/wordpress\/plugins\/seo\/ -->\n<title>J\u00e4\u00e4ntekolaitteet - Kylm\u00e4laitteet ja prosessilaitteet | Coldex Oy<\/title>\n<meta name=\"description\" content=\"J\u00e4\u00e4ntekolaitteet. Coldex toimittaa ilma- ja vesij\u00e4\u00e4hdytteisi\u00e4 j\u00e4\u00e4ntekolaitteita eri k\u00e4ytt\u00f6tarkoituksiin. ntegroiduilla ja erillisill\u00e4 s\u00e4ili\u00f6ill\u00e4 tai ilman, j\u00e4\u00e4paloina tai j\u00e4\u00e4hilein\u00e4\" \/>\n<meta name=\"robots\" content=\"index, follow, max-snippet:-1, max-image-preview:large, max-video-preview:-1\" \/>\n<link rel=\"canonical\" href=\"https:\/\/kk.coldex.fi\/fi\/prosessilaitteet\/jaantekolaitteet\/\" \/>\n<meta property=\"og:locale\" content=\"fi_FI\" \/>\n<meta property=\"og:type\" content=\"article\" \/>\n<meta property=\"og:title\" content=\"J\u00e4\u00e4ntekolaitteet - Kylm\u00e4laitteet ja prosessilaitteet | Coldex Oy\" \/>\n<meta property=\"og:description\" content=\"J\u00e4\u00e4ntekolaitteet. Coldex toimittaa ilma- ja vesij\u00e4\u00e4hdytteisi\u00e4 j\u00e4\u00e4ntekolaitteita eri k\u00e4ytt\u00f6tarkoituksiin. ntegroiduilla ja erillisill\u00e4 s\u00e4ili\u00f6ill\u00e4 tai ilman, j\u00e4\u00e4paloina tai j\u00e4\u00e4hilein\u00e4\" \/>\n<meta property=\"og:url\" content=\"https:\/\/kk.coldex.fi\/fi\/prosessilaitteet\/jaantekolaitteet\/\" \/>\n<meta property=\"og:site_name\" content=\"Coldex\" \/>\n<meta property=\"article:modified_time\" content=\"2019-05-22T12:47:10+00:00\" \/>\n<script type=\"application\/ld+json\" class=\"yoast-schema-graph\">{\"@context\":\"https:\/\/schema.org\",\"@graph\":[{\"@type\":\"WebPage\",\"@id\":\"https:\/\/kk.coldex.fi\/fi\/prosessilaitteet\/jaantekolaitteet\/\",\"url\":\"https:\/\/kk.coldex.fi\/fi\/prosessilaitteet\/jaantekolaitteet\/\",\"name\":\"J\u00e4\u00e4ntekolaitteet - Kylm\u00e4laitteet ja prosessilaitteet | Coldex Oy\",\"isPartOf\":{\"@id\":\"https:\/\/kk.coldex.fi\/fi\/#website\"},\"datePublished\":\"2017-02-20T12:59:17+00:00\",\"dateModified\":\"2019-05-22T12:47:10+00:00\",\"description\":\"J\u00e4\u00e4ntekolaitteet. Coldex toimittaa ilma- ja vesij\u00e4\u00e4hdytteisi\u00e4 j\u00e4\u00e4ntekolaitteita eri k\u00e4ytt\u00f6tarkoituksiin. ntegroiduilla ja erillisill\u00e4 s\u00e4ili\u00f6ill\u00e4 tai ilman, j\u00e4\u00e4paloina tai j\u00e4\u00e4hilein\u00e4\",\"breadcrumb\":{\"@id\":\"https:\/\/kk.coldex.fi\/fi\/prosessilaitteet\/jaantekolaitteet\/#breadcrumb\"},\"inLanguage\":\"fi\",\"potentialAction\":[{\"@type\":\"ReadAction\",\"target\":[\"https:\/\/kk.coldex.fi\/fi\/prosessilaitteet\/jaantekolaitteet\/\"]}]},{\"@type\":\"BreadcrumbList\",\"@id\":\"https:\/\/kk.coldex.fi\/fi\/prosessilaitteet\/jaantekolaitteet\/#breadcrumb\",\"itemListElement\":[{\"@type\":\"ListItem\",\"position\":1,\"name\":\"Home\",\"item\":\"https:\/\/kk.coldex.fi\/fi\/\"},{\"@type\":\"ListItem\",\"position\":2,\"name\":\"Prosessilaitteet\",\"item\":\"https:\/\/kk.coldex.fi\/fi\/prosessilaitteet\/\"},{\"@type\":\"ListItem\",\"position\":3,\"name\":\"J\u00e4\u00e4ntekolaitteet\"}]},{\"@type\":\"WebSite\",\"@id\":\"https:\/\/kk.coldex.fi\/fi\/#website\",\"url\":\"https:\/\/kk.coldex.fi\/fi\/\",\"name\":\"Coldex\",\"description\":\"Kylm\u00e4laitteet ammattilliseen k\u00e4ytt\u00f6\u00f6n\",\"potentialAction\":[{\"@type\":\"SearchAction\",\"target\":{\"@type\":\"EntryPoint\",\"urlTemplate\":\"https:\/\/kk.coldex.fi\/fi\/?s={search_term_string}\"},\"query-input\":\"required name=search_term_string\"}],\"inLanguage\":\"fi\"}]}<\/script>\n<!-- \/ Yoast SEO plugin. -->","yoast_head_json":{"title":"J\u00e4\u00e4ntekolaitteet - Kylm\u00e4laitteet ja prosessilaitteet | Coldex Oy","description":"J\u00e4\u00e4ntekolaitteet. Coldex toimittaa ilma- ja vesij\u00e4\u00e4hdytteisi\u00e4 j\u00e4\u00e4ntekolaitteita eri k\u00e4ytt\u00f6tarkoituksiin. ntegroiduilla ja erillisill\u00e4 s\u00e4ili\u00f6ill\u00e4 tai ilman, j\u00e4\u00e4paloina tai j\u00e4\u00e4hilein\u00e4","robots":{"index":"index","follow":"follow","max-snippet":"max-snippet:-1","max-image-preview":"max-image-preview:large","max-video-preview":"max-video-preview:-1"},"canonical":"https:\/\/kk.coldex.fi\/fi\/prosessilaitteet\/jaantekolaitteet\/","og_locale":"fi_FI","og_type":"article","og_title":"J\u00e4\u00e4ntekolaitteet - Kylm\u00e4laitteet ja prosessilaitteet | Coldex Oy","og_description":"J\u00e4\u00e4ntekolaitteet. Coldex toimittaa ilma- ja vesij\u00e4\u00e4hdytteisi\u00e4 j\u00e4\u00e4ntekolaitteita eri k\u00e4ytt\u00f6tarkoituksiin. ntegroiduilla ja erillisill\u00e4 s\u00e4ili\u00f6ill\u00e4 tai ilman, j\u00e4\u00e4paloina tai j\u00e4\u00e4hilein\u00e4","og_url":"https:\/\/kk.coldex.fi\/fi\/prosessilaitteet\/jaantekolaitteet\/","og_site_name":"Coldex","article_modified_time":"2019-05-22T12:47:10+00:00","schema":{"@context":"https:\/\/schema.org","@graph":[{"@type":"WebPage","@id":"https:\/\/kk.coldex.fi\/fi\/prosessilaitteet\/jaantekolaitteet\/","url":"https:\/\/kk.coldex.fi\/fi\/prosessilaitteet\/jaantekolaitteet\/","name":"J\u00e4\u00e4ntekolaitteet - Kylm\u00e4laitteet ja prosessilaitteet | Coldex Oy","isPartOf":{"@id":"https:\/\/kk.coldex.fi\/fi\/#website"},"datePublished":"2017-02-20T12:59:17+00:00","dateModified":"2019-05-22T12:47:10+00:00","description":"J\u00e4\u00e4ntekolaitteet. Coldex toimittaa ilma- ja vesij\u00e4\u00e4hdytteisi\u00e4 j\u00e4\u00e4ntekolaitteita eri k\u00e4ytt\u00f6tarkoituksiin. ntegroiduilla ja erillisill\u00e4 s\u00e4ili\u00f6ill\u00e4 tai ilman, j\u00e4\u00e4paloina tai j\u00e4\u00e4hilein\u00e4","breadcrumb":{"@id":"https:\/\/kk.coldex.fi\/fi\/prosessilaitteet\/jaantekolaitteet\/#breadcrumb"},"inLanguage":"fi","potentialAction":[{"@type":"ReadAction","target":["https:\/\/kk.coldex.fi\/fi\/prosessilaitteet\/jaantekolaitteet\/"]}]},{"@type":"BreadcrumbList","@id":"https:\/\/kk.coldex.fi\/fi\/prosessilaitteet\/jaantekolaitteet\/#breadcrumb","itemListElement":[{"@type":"ListItem","position":1,"name":"Home","item":"https:\/\/kk.coldex.fi\/fi\/"},{"@type":"ListItem","position":2,"name":"Prosessilaitteet","item":"https:\/\/kk.coldex.fi\/fi\/prosessilaitteet\/"},{"@type":"ListItem","position":3,"name":"J\u00e4\u00e4ntekolaitteet"}]},{"@type":"WebSite","@id":"https:\/\/kk.coldex.fi\/fi\/#website","url":"https:\/\/kk.coldex.fi\/fi\/","name":"Coldex","description":"Kylm\u00e4laitteet ammattilliseen k\u00e4ytt\u00f6\u00f6n","potentialAction":[{"@type":"SearchAction","target":{"@type":"EntryPoint","urlTemplate":"https:\/\/kk.coldex.fi\/fi\/?s={search_term_string}"},"query-input":"required name=search_term_string"}],"inLanguage":"fi"}]}},"_links":{"self":[{"href":"https:\/\/kk.coldex.fi\/fi\/wp-json\/wp\/v2\/pages\/3973"}],"collection":[{"href":"https:\/\/kk.coldex.fi\/fi\/wp-json\/wp\/v2\/pages"}],"about":[{"href":"https:\/\/kk.coldex.fi\/fi\/wp-json\/wp\/v2\/types\/page"}],"author":[{"embeddable":true,"href":"https:\/\/kk.coldex.fi\/fi\/wp-json\/wp\/v2\/users\/1"}],"replies":[{"embeddable":true,"href":"https:\/\/kk.coldex.fi\/fi\/wp-json\/wp\/v2\/comments?post=3973"}],"version-history":[{"count":0,"href":"https:\/\/kk.coldex.fi\/fi\/wp-json\/wp\/v2\/pages\/3973\/revisions"}],"up":[{"embeddable":true,"href":"https:\/\/kk.coldex.fi\/fi\/wp-json\/wp\/v2\/pages\/2274"}],"wp:attachment":[{"href":"https:\/\/kk.coldex.fi\/fi\/wp-json\/wp\/v2\/media?parent=3973"}],"curies":[{"name":"wp","href":"https:\/\/api.w.org\/{rel}","templated":true}]}}