{"id":3967,"date":"2017-02-17T13:59:18","date_gmt":"2017-02-17T11:59:18","guid":{"rendered":"http:\/\/coldex.fi\/fi\/?page_id=3967"},"modified":"2019-05-22T15:49:26","modified_gmt":"2019-05-22T12:49:26","slug":"levypakastimet","status":"publish","type":"page","link":"https:\/\/kk.coldex.fi\/fi\/prosessilaitteet\/levypakastimet\/","title":{"rendered":"Levypakastimet"},"content":{"rendered":"<h1>Prosessilaitteet elintarviketuotantoon ja-jalostukseen Levypakastimet<\/h1>\n<p>&nbsp;<\/p>\n<p>Suunnittelemme, toimitamme ja asennamme kylm\u00e4prosessilaitteita elintarviketuotantoon<\/p>\n<h2 class='info-table-main-heading'>\t\t\tLevypakastimet\t\t\t<\/h2>\n<h5 class='info-table-sub-heading'>\t\t\t\t\t\t<\/h5>\n<p>Kalajalosteiden nopeaan ja tehokkaseen pakastamiseen maissa tai laivoissa valikoimastamme l\u00f6ytyy levypakastuslaitteita erilaisilla kapasiteeteilla.<\/p>\n<p>Levypakastimien etuina ovat taloudellisuus ja nopea pakastus joka s\u00e4ilytt\u00e4\u00e4 my\u00f6skin tuotteen laadun. Pakastettava tuote on molemmilta puolilta tiiviiss\u00e4 kontaktissa pakastinpintojen kanssa, prosessin j\u00e4lkeen laitteet on helppo puhdistaa ergonomisen muotoilun ansiosta.<\/p>\n<p>Levypakastimia voidaan toimittaa asiakkaan tarpeiden mukaan erilaisilla konfiguraatioilla, kuten esimerkiksi:<\/p>\n<ul>\n<li>levyv\u00e4lien m\u00e4\u00e4r\u00e4 ja mitat\u00a0valittavissa<\/li>\n<li>levyjen avautuma voi olla erilainen eri kokoisten tuotteiden pakastamista varten<\/li>\n<li>levypakastin voidaan sulkea ovilla tai verhoilla<\/li>\n<li>voidaan k\u00e4ytt\u00e4\u00e4 erilaisia kylm\u00e4aineita<\/li>\n<\/ul>\n<p>Lis\u00e4ksi on saatavilla erillinen versio laivak\u00e4ytt\u00f6\u00f6n joka on varustettu kallistumisen est\u00e4jill\u00e4, jotta levyt ja\/tai tuotteet eiv\u00e4t putoa merenk\u00e4ynnin aikana.<\/p>\n<p>\t\t\t\t<img decoding=\"async\" src=\"https:\/\/kk.coldex.fi\/fi\/wp-content\/uploads\/Levypakastin.jpg\" alt=\"prosessilaitteet\" itemprop=\"image\" title=\"Levypakastin\" onerror=\"this.style.display='none'\"  \/><\/p>\n<h2><a href=\"https:\/\/kk.coldex.fi\/fi\/ota-yhteytta\/\">Ota yhteytt\u00e4<\/a><\/h2>\n<hr \/>\n<p>\nS\u00e4hk\u00f6postitse: info(at)coldex.fi<\/p>\n<p>Puhelimitse: 03 7873714<\/p>\n<p>tai<\/p>\n<p><a href=\"https:\/\/kk.coldex.fi\/fi\/ota-yhteytta\/tarjouspyynto\/\">PYYD\u00c4 TARJOUS<\/a>\u00a0<\/p>\n","protected":false},"excerpt":{"rendered":"<p>Prosessilaitteet elintarviketuotantoon ja-jalostukseen Levypakastimet &nbsp; Suunnittelemme, toimitamme ja asennamme kylm\u00e4prosessilaitteita elintarviketuotantoon Levypakastimet Kalajalosteiden nopeaan ja tehokkaseen pakastamiseen maissa tai laivoissa valikoimastamme l\u00f6ytyy levypakastuslaitteita erilaisilla kapasiteeteilla. Levypakastimien etuina ovat taloudellisuus ja nopea pakastus joka s\u00e4ilytt\u00e4\u00e4 my\u00f6skin tuotteen laadun. Pakastettava tuote on molemmilta puolilta tiiviiss\u00e4 kontaktissa pakastinpintojen kanssa, prosessin j\u00e4lkeen laitteet on helppo puhdistaa ergonomisen muotoilun ansiosta&#8230;.<\/p>\n","protected":false},"author":1,"featured_media":0,"parent":2274,"menu_order":0,"comment_status":"closed","ping_status":"closed","template":"full-width-page.php","meta":[],"yoast_head":"<!-- This site is optimized with the Yoast SEO plugin v21.7 - https:\/\/yoast.com\/wordpress\/plugins\/seo\/ -->\n<title>Levypakastimet - Prosessilaitteet ja kylm\u00e4kalusteet | Coldex Oy<\/title>\n<meta name=\"description\" content=\"Levypakastimet. Etuina ovat taloudellisuus ja nopea pakastus joka s\u00e4ilytt\u00e4\u00e4 my\u00f6skin tuotteen laadun. Pakastettava tuote on molemmilta puolilta tiiviiss\u00e4 kontaktissa pakastinpintojen kanssa,\" \/>\n<meta name=\"robots\" content=\"index, follow, max-snippet:-1, max-image-preview:large, max-video-preview:-1\" \/>\n<link rel=\"canonical\" href=\"https:\/\/kk.coldex.fi\/fi\/prosessilaitteet\/levypakastimet\/\" \/>\n<meta property=\"og:locale\" content=\"fi_FI\" \/>\n<meta property=\"og:type\" content=\"article\" \/>\n<meta property=\"og:title\" content=\"Levypakastimet - Prosessilaitteet ja kylm\u00e4kalusteet | Coldex Oy\" \/>\n<meta property=\"og:description\" content=\"Levypakastimet. Etuina ovat taloudellisuus ja nopea pakastus joka s\u00e4ilytt\u00e4\u00e4 my\u00f6skin tuotteen laadun. Pakastettava tuote on molemmilta puolilta tiiviiss\u00e4 kontaktissa pakastinpintojen kanssa,\" \/>\n<meta property=\"og:url\" content=\"https:\/\/kk.coldex.fi\/fi\/prosessilaitteet\/levypakastimet\/\" \/>\n<meta property=\"og:site_name\" content=\"Coldex\" \/>\n<meta property=\"article:modified_time\" content=\"2019-05-22T12:49:26+00:00\" \/>\n<meta property=\"og:image\" content=\"https:\/\/kk.coldex.fi\/fi\/wp-content\/uploads\/Levypakastin.jpg\" \/>\n<meta name=\"twitter:label1\" content=\"Arvioitu lukuaika\" \/>\n\t<meta name=\"twitter:data1\" content=\"1 minuutti\" \/>\n<script type=\"application\/ld+json\" class=\"yoast-schema-graph\">{\"@context\":\"https:\/\/schema.org\",\"@graph\":[{\"@type\":\"WebPage\",\"@id\":\"https:\/\/kk.coldex.fi\/fi\/prosessilaitteet\/levypakastimet\/\",\"url\":\"https:\/\/kk.coldex.fi\/fi\/prosessilaitteet\/levypakastimet\/\",\"name\":\"Levypakastimet - Prosessilaitteet ja kylm\u00e4kalusteet | Coldex Oy\",\"isPartOf\":{\"@id\":\"https:\/\/kk.coldex.fi\/fi\/#website\"},\"datePublished\":\"2017-02-17T11:59:18+00:00\",\"dateModified\":\"2019-05-22T12:49:26+00:00\",\"description\":\"Levypakastimet. Etuina ovat taloudellisuus ja nopea pakastus joka s\u00e4ilytt\u00e4\u00e4 my\u00f6skin tuotteen laadun. Pakastettava tuote on molemmilta puolilta tiiviiss\u00e4 kontaktissa pakastinpintojen kanssa,\",\"breadcrumb\":{\"@id\":\"https:\/\/kk.coldex.fi\/fi\/prosessilaitteet\/levypakastimet\/#breadcrumb\"},\"inLanguage\":\"fi\",\"potentialAction\":[{\"@type\":\"ReadAction\",\"target\":[\"https:\/\/kk.coldex.fi\/fi\/prosessilaitteet\/levypakastimet\/\"]}]},{\"@type\":\"BreadcrumbList\",\"@id\":\"https:\/\/kk.coldex.fi\/fi\/prosessilaitteet\/levypakastimet\/#breadcrumb\",\"itemListElement\":[{\"@type\":\"ListItem\",\"position\":1,\"name\":\"Home\",\"item\":\"https:\/\/kk.coldex.fi\/fi\/\"},{\"@type\":\"ListItem\",\"position\":2,\"name\":\"Prosessilaitteet\",\"item\":\"https:\/\/kk.coldex.fi\/fi\/prosessilaitteet\/\"},{\"@type\":\"ListItem\",\"position\":3,\"name\":\"Levypakastimet\"}]},{\"@type\":\"WebSite\",\"@id\":\"https:\/\/kk.coldex.fi\/fi\/#website\",\"url\":\"https:\/\/kk.coldex.fi\/fi\/\",\"name\":\"Coldex\",\"description\":\"Kylm\u00e4laitteet ammattilliseen k\u00e4ytt\u00f6\u00f6n\",\"potentialAction\":[{\"@type\":\"SearchAction\",\"target\":{\"@type\":\"EntryPoint\",\"urlTemplate\":\"https:\/\/kk.coldex.fi\/fi\/?s={search_term_string}\"},\"query-input\":\"required name=search_term_string\"}],\"inLanguage\":\"fi\"}]}<\/script>\n<!-- \/ Yoast SEO plugin. -->","yoast_head_json":{"title":"Levypakastimet - Prosessilaitteet ja kylm\u00e4kalusteet | Coldex Oy","description":"Levypakastimet. Etuina ovat taloudellisuus ja nopea pakastus joka s\u00e4ilytt\u00e4\u00e4 my\u00f6skin tuotteen laadun. Pakastettava tuote on molemmilta puolilta tiiviiss\u00e4 kontaktissa pakastinpintojen kanssa,","robots":{"index":"index","follow":"follow","max-snippet":"max-snippet:-1","max-image-preview":"max-image-preview:large","max-video-preview":"max-video-preview:-1"},"canonical":"https:\/\/kk.coldex.fi\/fi\/prosessilaitteet\/levypakastimet\/","og_locale":"fi_FI","og_type":"article","og_title":"Levypakastimet - Prosessilaitteet ja kylm\u00e4kalusteet | Coldex Oy","og_description":"Levypakastimet. Etuina ovat taloudellisuus ja nopea pakastus joka s\u00e4ilytt\u00e4\u00e4 my\u00f6skin tuotteen laadun. Pakastettava tuote on molemmilta puolilta tiiviiss\u00e4 kontaktissa pakastinpintojen kanssa,","og_url":"https:\/\/kk.coldex.fi\/fi\/prosessilaitteet\/levypakastimet\/","og_site_name":"Coldex","article_modified_time":"2019-05-22T12:49:26+00:00","og_image":[{"url":"https:\/\/kk.coldex.fi\/fi\/wp-content\/uploads\/Levypakastin.jpg"}],"twitter_misc":{"Arvioitu lukuaika":"1 minuutti"},"schema":{"@context":"https:\/\/schema.org","@graph":[{"@type":"WebPage","@id":"https:\/\/kk.coldex.fi\/fi\/prosessilaitteet\/levypakastimet\/","url":"https:\/\/kk.coldex.fi\/fi\/prosessilaitteet\/levypakastimet\/","name":"Levypakastimet - Prosessilaitteet ja kylm\u00e4kalusteet | Coldex Oy","isPartOf":{"@id":"https:\/\/kk.coldex.fi\/fi\/#website"},"datePublished":"2017-02-17T11:59:18+00:00","dateModified":"2019-05-22T12:49:26+00:00","description":"Levypakastimet. Etuina ovat taloudellisuus ja nopea pakastus joka s\u00e4ilytt\u00e4\u00e4 my\u00f6skin tuotteen laadun. Pakastettava tuote on molemmilta puolilta tiiviiss\u00e4 kontaktissa pakastinpintojen kanssa,","breadcrumb":{"@id":"https:\/\/kk.coldex.fi\/fi\/prosessilaitteet\/levypakastimet\/#breadcrumb"},"inLanguage":"fi","potentialAction":[{"@type":"ReadAction","target":["https:\/\/kk.coldex.fi\/fi\/prosessilaitteet\/levypakastimet\/"]}]},{"@type":"BreadcrumbList","@id":"https:\/\/kk.coldex.fi\/fi\/prosessilaitteet\/levypakastimet\/#breadcrumb","itemListElement":[{"@type":"ListItem","position":1,"name":"Home","item":"https:\/\/kk.coldex.fi\/fi\/"},{"@type":"ListItem","position":2,"name":"Prosessilaitteet","item":"https:\/\/kk.coldex.fi\/fi\/prosessilaitteet\/"},{"@type":"ListItem","position":3,"name":"Levypakastimet"}]},{"@type":"WebSite","@id":"https:\/\/kk.coldex.fi\/fi\/#website","url":"https:\/\/kk.coldex.fi\/fi\/","name":"Coldex","description":"Kylm\u00e4laitteet ammattilliseen k\u00e4ytt\u00f6\u00f6n","potentialAction":[{"@type":"SearchAction","target":{"@type":"EntryPoint","urlTemplate":"https:\/\/kk.coldex.fi\/fi\/?s={search_term_string}"},"query-input":"required name=search_term_string"}],"inLanguage":"fi"}]}},"_links":{"self":[{"href":"https:\/\/kk.coldex.fi\/fi\/wp-json\/wp\/v2\/pages\/3967"}],"collection":[{"href":"https:\/\/kk.coldex.fi\/fi\/wp-json\/wp\/v2\/pages"}],"about":[{"href":"https:\/\/kk.coldex.fi\/fi\/wp-json\/wp\/v2\/types\/page"}],"author":[{"embeddable":true,"href":"https:\/\/kk.coldex.fi\/fi\/wp-json\/wp\/v2\/users\/1"}],"replies":[{"embeddable":true,"href":"https:\/\/kk.coldex.fi\/fi\/wp-json\/wp\/v2\/comments?post=3967"}],"version-history":[{"count":0,"href":"https:\/\/kk.coldex.fi\/fi\/wp-json\/wp\/v2\/pages\/3967\/revisions"}],"up":[{"embeddable":true,"href":"https:\/\/kk.coldex.fi\/fi\/wp-json\/wp\/v2\/pages\/2274"}],"wp:attachment":[{"href":"https:\/\/kk.coldex.fi\/fi\/wp-json\/wp\/v2\/media?parent=3967"}],"curies":[{"name":"wp","href":"https:\/\/api.w.org\/{rel}","templated":true}]}}