{"id":2944,"date":"2016-11-10T18:31:14","date_gmt":"2016-11-10T16:31:14","guid":{"rendered":"http:\/\/coldex.fi\/fi\/oma-tili\/"},"modified":"2017-02-20T12:16:38","modified_gmt":"2017-02-20T10:16:38","slug":"oma-tili","status":"publish","type":"page","link":"https:\/\/kk.coldex.fi\/fi\/tilaus\/oma-tili\/","title":{"rendered":"Oma tili"},"content":{"rendered":"<div class=\"woocommerce\"><\/div>\n","protected":false},"excerpt":{"rendered":"","protected":false},"author":1,"featured_media":0,"parent":2942,"menu_order":0,"comment_status":"closed","ping_status":"closed","template":"full-width-page.php","meta":[],"yoast_head":"<!-- This site is optimized with the Yoast SEO plugin v21.7 - https:\/\/yoast.com\/wordpress\/plugins\/seo\/ -->\n<title>Oma tili - Coldex<\/title>\n<meta name=\"robots\" content=\"index, follow, max-snippet:-1, max-image-preview:large, max-video-preview:-1\" \/>\n<link rel=\"canonical\" href=\"https:\/\/kk.coldex.fi\/fi\/tilaus\/oma-tili\/\" \/>\n<meta property=\"og:locale\" content=\"fi_FI\" \/>\n<meta property=\"og:type\" content=\"article\" \/>\n<meta property=\"og:title\" content=\"Oma tili - Coldex\" \/>\n<meta property=\"og:url\" content=\"https:\/\/kk.coldex.fi\/fi\/tilaus\/oma-tili\/\" \/>\n<meta property=\"og:site_name\" content=\"Coldex\" \/>\n<meta property=\"article:modified_time\" content=\"2017-02-20T10:16:38+00:00\" \/>\n<script type=\"application\/ld+json\" class=\"yoast-schema-graph\">{\"@context\":\"https:\/\/schema.org\",\"@graph\":[{\"@type\":\"WebPage\",\"@id\":\"https:\/\/kk.coldex.fi\/fi\/tilaus\/oma-tili\/\",\"url\":\"https:\/\/kk.coldex.fi\/fi\/tilaus\/oma-tili\/\",\"name\":\"Oma tili - Coldex\",\"isPartOf\":{\"@id\":\"https:\/\/kk.coldex.fi\/fi\/#website\"},\"datePublished\":\"2016-11-10T16:31:14+00:00\",\"dateModified\":\"2017-02-20T10:16:38+00:00\",\"breadcrumb\":{\"@id\":\"https:\/\/kk.coldex.fi\/fi\/tilaus\/oma-tili\/#breadcrumb\"},\"inLanguage\":\"fi\",\"potentialAction\":[{\"@type\":\"ReadAction\",\"target\":[\"https:\/\/kk.coldex.fi\/fi\/tilaus\/oma-tili\/\"]}]},{\"@type\":\"BreadcrumbList\",\"@id\":\"https:\/\/kk.coldex.fi\/fi\/tilaus\/oma-tili\/#breadcrumb\",\"itemListElement\":[{\"@type\":\"ListItem\",\"position\":1,\"name\":\"Home\",\"item\":\"https:\/\/kk.coldex.fi\/fi\/\"},{\"@type\":\"ListItem\",\"position\":2,\"name\":\"Tilaus\",\"item\":\"https:\/\/kk.coldex.fi\/fi\/tilaus\/\"},{\"@type\":\"ListItem\",\"position\":3,\"name\":\"Oma tili\"}]},{\"@type\":\"WebSite\",\"@id\":\"https:\/\/kk.coldex.fi\/fi\/#website\",\"url\":\"https:\/\/kk.coldex.fi\/fi\/\",\"name\":\"Coldex\",\"description\":\"Kylm\u00e4laitteet ammattilliseen k\u00e4ytt\u00f6\u00f6n\",\"potentialAction\":[{\"@type\":\"SearchAction\",\"target\":{\"@type\":\"EntryPoint\",\"urlTemplate\":\"https:\/\/kk.coldex.fi\/fi\/?s={search_term_string}\"},\"query-input\":\"required name=search_term_string\"}],\"inLanguage\":\"fi\"}]}<\/script>\n<!-- \/ Yoast SEO plugin. -->","yoast_head_json":{"title":"Oma tili - Coldex","robots":{"index":"index","follow":"follow","max-snippet":"max-snippet:-1","max-image-preview":"max-image-preview:large","max-video-preview":"max-video-preview:-1"},"canonical":"https:\/\/kk.coldex.fi\/fi\/tilaus\/oma-tili\/","og_locale":"fi_FI","og_type":"article","og_title":"Oma tili - Coldex","og_url":"https:\/\/kk.coldex.fi\/fi\/tilaus\/oma-tili\/","og_site_name":"Coldex","article_modified_time":"2017-02-20T10:16:38+00:00","schema":{"@context":"https:\/\/schema.org","@graph":[{"@type":"WebPage","@id":"https:\/\/kk.coldex.fi\/fi\/tilaus\/oma-tili\/","url":"https:\/\/kk.coldex.fi\/fi\/tilaus\/oma-tili\/","name":"Oma tili - Coldex","isPartOf":{"@id":"https:\/\/kk.coldex.fi\/fi\/#website"},"datePublished":"2016-11-10T16:31:14+00:00","dateModified":"2017-02-20T10:16:38+00:00","breadcrumb":{"@id":"https:\/\/kk.coldex.fi\/fi\/tilaus\/oma-tili\/#breadcrumb"},"inLanguage":"fi","potentialAction":[{"@type":"ReadAction","target":["https:\/\/kk.coldex.fi\/fi\/tilaus\/oma-tili\/"]}]},{"@type":"BreadcrumbList","@id":"https:\/\/kk.coldex.fi\/fi\/tilaus\/oma-tili\/#breadcrumb","itemListElement":[{"@type":"ListItem","position":1,"name":"Home","item":"https:\/\/kk.coldex.fi\/fi\/"},{"@type":"ListItem","position":2,"name":"Tilaus","item":"https:\/\/kk.coldex.fi\/fi\/tilaus\/"},{"@type":"ListItem","position":3,"name":"Oma tili"}]},{"@type":"WebSite","@id":"https:\/\/kk.coldex.fi\/fi\/#website","url":"https:\/\/kk.coldex.fi\/fi\/","name":"Coldex","description":"Kylm\u00e4laitteet ammattilliseen k\u00e4ytt\u00f6\u00f6n","potentialAction":[{"@type":"SearchAction","target":{"@type":"EntryPoint","urlTemplate":"https:\/\/kk.coldex.fi\/fi\/?s={search_term_string}"},"query-input":"required name=search_term_string"}],"inLanguage":"fi"}]}},"_links":{"self":[{"href":"https:\/\/kk.coldex.fi\/fi\/wp-json\/wp\/v2\/pages\/2944"}],"collection":[{"href":"https:\/\/kk.coldex.fi\/fi\/wp-json\/wp\/v2\/pages"}],"about":[{"href":"https:\/\/kk.coldex.fi\/fi\/wp-json\/wp\/v2\/types\/page"}],"author":[{"embeddable":true,"href":"https:\/\/kk.coldex.fi\/fi\/wp-json\/wp\/v2\/users\/1"}],"replies":[{"embeddable":true,"href":"https:\/\/kk.coldex.fi\/fi\/wp-json\/wp\/v2\/comments?post=2944"}],"version-history":[{"count":0,"href":"https:\/\/kk.coldex.fi\/fi\/wp-json\/wp\/v2\/pages\/2944\/revisions"}],"up":[{"embeddable":true,"href":"https:\/\/kk.coldex.fi\/fi\/wp-json\/wp\/v2\/pages\/2942"}],"wp:attachment":[{"href":"https:\/\/kk.coldex.fi\/fi\/wp-json\/wp\/v2\/media?parent=2944"}],"curies":[{"name":"wp","href":"https:\/\/api.w.org\/{rel}","templated":true}]}}