{"id":24,"date":"2012-12-17T11:11:47","date_gmt":"2012-12-17T09:11:47","guid":{"rendered":"http:\/\/ulvila.scenegroup.fi\/~sg1889\/fi\/?page_id=24"},"modified":"2017-03-20T11:53:39","modified_gmt":"2017-03-20T09:53:39","slug":"ukk","status":"publish","type":"page","link":"https:\/\/kk.coldex.fi\/fi\/ukk\/","title":{"rendered":"UKK"},"content":{"rendered":"<h1 style=\"text-align: right;\">Miten valitsen tarkoitukseeni sopivan laitteen? <\/h1>\n<p style=\"text-align: right;\">Ja muut usein kysytyt kysymykset, joille asiantuntijamme antavat vastaukset<\/p>\n<h1 class='info-table-main-heading'>\t\t\tUsein kysytyt kysymykset\t\t\t<\/h1>\n<h5 class='info-table-sub-heading'>\t\t\t\t\t\t<\/h5>\n<h3 style=\"text-align: center;\">\u00a0<\/h3>\n<h3>Miten valitsen tarkoitukseeni sopivan laitteen?<\/h3>\n<p>&nbsp;<\/p>\n<p>Myym\u00e4l\u00e4n koolla on suuri merkitys laitteiden valinnalle, mit\u00e4 v\u00e4hemm\u00e4n tilaa on k\u00e4yt\u00f6ss\u00e4 kylm\u00e4laitteille sit\u00e4 enemm\u00e4n kannattaa harkita omakoneellisia ratkaisuja ja mietti\u00e4 minne laitteet ensisijaisesti sijoitetaan. Suuremmassa myym\u00e4l\u00e4ss\u00e4 keskuskoneelliset kylm\u00e4laitteet s\u00e4\u00e4st\u00e4v\u00e4t kauppiaan s\u00e4hk\u00f6laskua ja helpottavat laitteiden huoltoa.<\/p>\n<p>Seuraava askel on tiet\u00e4\u00e4 millaisen l\u00e4mp\u00f6alueen haluat tuotteillesi. T\u00e4m\u00e4n j\u00e4lkeen voit olla suoraan yhteydess\u00e4 meihin ja osaavat asiakaspalvelijamme voivat tarjota teille hyv\u00e4ksi kokemiamme tuotteita.<\/p>\n<p>&nbsp;<\/p>\n<h3>Mit\u00e4 laitteita teill\u00e4 on tarjolla?<\/h3>\n<p>&nbsp;<\/p>\n<p>Tarjoamme kattavan valikoiman kylm\u00e4kalusteita. Omakoneellisina yksikk\u00f6in\u00e4 meilt\u00e4 saa kylm\u00e4hyllyt, kylm\u00e4kaapit, pakastealtaat, pakastekaapit, her\u00e4tealtaat, sek\u00e4 erilaisia lasikkoja kuten liha- ja kalatiskit, sek\u00e4 l\u00e4mmin- ja kylm\u00e4vitriinit. Keskuskoneellisina meilt\u00e4 saa laajan valikoiman pakastekaappeja, allaskaappi yhdistelmi\u00e4, vitriineja sek\u00e4 monia erilaisia kylm\u00e4hyllyj\u00e4.<\/p>\n<p>&nbsp;<\/p>\n<h3>Mik\u00e4 on omakoneellisen laitteiston etu?<\/h3>\n<p>&nbsp;<\/p>\n<p>Omakoneellinen laitteisto sopii parhaiten pienille ja keskikokoisille myym\u00e4l\u00f6ille. Saarekkeina n\u00e4m\u00e4 voivat tehokkaasti palvella suuremmissakin myym\u00e4l\u00f6iss\u00e4 silloin kun halutaan nostaa sesonkkimyyntia tai kun tarvitaan korvaavat kalusteet keskuskoneellisten tilalle nopealla aikataulllla. Omakoneelliset laitteet tarjoavat vaivattoman asennuksen ja ovat eritt\u00e4in k\u00e4tevi\u00e4 kun tarvitaan tehokkaita tilaratkaisuja. Sesonkimyynniss\u00e4 omakoneelliset laitteet ovat ehdoton ykk\u00f6svalinta kauppiaalle.<\/p>\n<p>&nbsp;<\/p>\n<h3>Mik\u00e4 on keskuskoneellisen laitteiston etu?<\/h3>\n<p>&nbsp;<\/p>\n<p>Keskuskoneellisen laitteiston etu on kompressoreiden ja lauhduttimien sijoittaminen myym\u00e4l\u00e4n tilojen ulkopuolelle, t\u00e4m\u00e4 v\u00e4hent\u00e4\u00e4 huomattavasti myym\u00e4l\u00e4n sis\u00e4l\u00e4mp\u00f6tilan nousua ja keskitt\u00e4\u00e4 koneikot yhteen paikkaan. Keskuskoneelliset ratkaisut sopivat parhaiten keskikokoisille ja isoille myym\u00e4l\u00f6ille silloin kuin kylm\u00e4kalusteita tarvitaan useita metrej\u00e4 kerrallaan sijoitettaviksi.<\/p>\n<p>&nbsp;<\/p>\n<h3>Miten kylm\u00e4laitteiden toimitus onnistuu?<\/h3>\n<p>&nbsp;<\/p>\n<p>Yrityksell\u00e4mme on monia vuosia kest\u00e4nyt yhteisty\u00f6 Kaukokiidon kanssa. Kaukokiito toimittaa laitteemme ymp\u00e4ri Suomea ja on kustannustehokas sek\u00e4 nopea toimittaja, on tavara menossa sitten minne tahansa. Meill\u00e4 on my\u00f6s erikoistuneita yhteisty\u00f6kumppaneita, jotka voivat toimittaa yksitt\u00e4iset tilaukset jos toimituspaikka osoittautuu hankalaksi. Mik\u00e4li myym\u00e4l\u00e4nne sijaitsee hankalassa paikassa ja tarvitsette mahdollisesti vanhojen kalusteiden poiston samalla kun uudet tuodaan tilalle, onnistuu se meilt\u00e4 vaivatta ja edullisesti.<\/p>\n<p>&nbsp;<\/p>\n<h3>Millaisia maksuvaihtoehtoja tarjoatte?<\/h3>\n<p>&nbsp;<\/p>\n<p>Normaali laskutustapa varastotuotteillemme on 8 p\u00e4iv\u00e4\u00e4 netto toimituksen j\u00e4lkeen. T\u00e4m\u00e4 voidaan asiakkaan tarpeiden mukaan r\u00e4\u00e4t\u00e4l\u00f6id\u00e4 osamaksuksi tai tarjota kalusteet kokonaan vuokralle, jolloin hinta m\u00e4\u00e4r\u00e4ytyy vuokra-ajan mukaan.<\/p>\n<p>Tilaustuotteiden kanssa laskutamme asiakkailta ennakkomaksut tilauksen vahvistuksen yhteydess\u00e4, hinnat m\u00e4\u00e4r\u00e4ytyv\u00e4t t\u00e4ll\u00f6in tilattavien tuotteiden mukaan.<\/p>\n<p>&nbsp;<\/p>\n<h3>Miten nopeasti saan laitteet?<\/h3>\n<p>&nbsp;<\/p>\n<p>Kaikki uudet varastotuotteet toimitetaan viikon\u00a0sis\u00e4ll\u00e4 tilauksesta.<br \/>\nTilattavien tuotteiden toimitus vaihtelee 2-8 viikkoon riippuen tuotteiden saatavuudesta, valmistajan tehtaasta ja valmistajan toimitusajoista.<\/p>\n","protected":false},"excerpt":{"rendered":"<p>Miten valitsen tarkoitukseeni sopivan laitteen? Ja muut usein kysytyt kysymykset, joille asiantuntijamme antavat vastaukset Usein kysytyt kysymykset \u00a0 Miten valitsen tarkoitukseeni sopivan laitteen? &nbsp; Myym\u00e4l\u00e4n koolla on suuri merkitys laitteiden valinnalle, mit\u00e4 v\u00e4hemm\u00e4n tilaa on k\u00e4yt\u00f6ss\u00e4 kylm\u00e4laitteille sit\u00e4 enemm\u00e4n kannattaa harkita omakoneellisia ratkaisuja ja mietti\u00e4 minne laitteet ensisijaisesti sijoitetaan. Suuremmassa myym\u00e4l\u00e4ss\u00e4 keskuskoneelliset kylm\u00e4laitteet s\u00e4\u00e4st\u00e4v\u00e4t kauppiaan&#8230;<\/p>\n","protected":false},"author":1,"featured_media":0,"parent":0,"menu_order":8,"comment_status":"closed","ping_status":"closed","template":"full-width-page.php","meta":[],"yoast_head":"<!-- This site is optimized with the Yoast SEO plugin v21.7 - https:\/\/yoast.com\/wordpress\/plugins\/seo\/ -->\n<title>Usein kysytyt kysymykset - kaupankylm\u00e4t | Coldex Oy<\/title>\n<meta name=\"description\" content=\"UKK eli meille usein esitettyj\u00e4 kysymyksi\u00e4 kylm\u00e4laitteiden valinnasta, ostamisesta ja asennuksesta. Ammattilaiset antavat vastaukset.\" \/>\n<meta name=\"robots\" content=\"index, follow, max-snippet:-1, max-image-preview:large, max-video-preview:-1\" \/>\n<link rel=\"canonical\" href=\"https:\/\/kk.coldex.fi\/fi\/ukk\/\" \/>\n<meta property=\"og:locale\" content=\"fi_FI\" \/>\n<meta property=\"og:type\" content=\"article\" \/>\n<meta property=\"og:title\" content=\"Usein kysytyt kysymykset - kaupankylm\u00e4t | Coldex Oy\" \/>\n<meta property=\"og:description\" content=\"UKK eli meille usein esitettyj\u00e4 kysymyksi\u00e4 kylm\u00e4laitteiden valinnasta, ostamisesta ja asennuksesta. Ammattilaiset antavat vastaukset.\" \/>\n<meta property=\"og:url\" content=\"https:\/\/kk.coldex.fi\/fi\/ukk\/\" \/>\n<meta property=\"og:site_name\" content=\"Coldex\" \/>\n<meta property=\"article:modified_time\" content=\"2017-03-20T09:53:39+00:00\" \/>\n<meta name=\"twitter:label1\" content=\"Arvioitu lukuaika\" \/>\n\t<meta name=\"twitter:data1\" content=\"2 minuuttia\" \/>\n<script type=\"application\/ld+json\" class=\"yoast-schema-graph\">{\"@context\":\"https:\/\/schema.org\",\"@graph\":[{\"@type\":\"WebPage\",\"@id\":\"https:\/\/kk.coldex.fi\/fi\/ukk\/\",\"url\":\"https:\/\/kk.coldex.fi\/fi\/ukk\/\",\"name\":\"Usein kysytyt kysymykset - kaupankylm\u00e4t | Coldex Oy\",\"isPartOf\":{\"@id\":\"https:\/\/kk.coldex.fi\/fi\/#website\"},\"datePublished\":\"2012-12-17T09:11:47+00:00\",\"dateModified\":\"2017-03-20T09:53:39+00:00\",\"description\":\"UKK eli meille usein esitettyj\u00e4 kysymyksi\u00e4 kylm\u00e4laitteiden valinnasta, ostamisesta ja asennuksesta. Ammattilaiset antavat vastaukset.\",\"breadcrumb\":{\"@id\":\"https:\/\/kk.coldex.fi\/fi\/ukk\/#breadcrumb\"},\"inLanguage\":\"fi\",\"potentialAction\":[{\"@type\":\"ReadAction\",\"target\":[\"https:\/\/kk.coldex.fi\/fi\/ukk\/\"]}]},{\"@type\":\"BreadcrumbList\",\"@id\":\"https:\/\/kk.coldex.fi\/fi\/ukk\/#breadcrumb\",\"itemListElement\":[{\"@type\":\"ListItem\",\"position\":1,\"name\":\"Home\",\"item\":\"https:\/\/kk.coldex.fi\/fi\/\"},{\"@type\":\"ListItem\",\"position\":2,\"name\":\"UKK\"}]},{\"@type\":\"WebSite\",\"@id\":\"https:\/\/kk.coldex.fi\/fi\/#website\",\"url\":\"https:\/\/kk.coldex.fi\/fi\/\",\"name\":\"Coldex\",\"description\":\"Kylm\u00e4laitteet ammattilliseen k\u00e4ytt\u00f6\u00f6n\",\"potentialAction\":[{\"@type\":\"SearchAction\",\"target\":{\"@type\":\"EntryPoint\",\"urlTemplate\":\"https:\/\/kk.coldex.fi\/fi\/?s={search_term_string}\"},\"query-input\":\"required name=search_term_string\"}],\"inLanguage\":\"fi\"}]}<\/script>\n<!-- \/ Yoast SEO plugin. -->","yoast_head_json":{"title":"Usein kysytyt kysymykset - kaupankylm\u00e4t | Coldex Oy","description":"UKK eli meille usein esitettyj\u00e4 kysymyksi\u00e4 kylm\u00e4laitteiden valinnasta, ostamisesta ja asennuksesta. Ammattilaiset antavat vastaukset.","robots":{"index":"index","follow":"follow","max-snippet":"max-snippet:-1","max-image-preview":"max-image-preview:large","max-video-preview":"max-video-preview:-1"},"canonical":"https:\/\/kk.coldex.fi\/fi\/ukk\/","og_locale":"fi_FI","og_type":"article","og_title":"Usein kysytyt kysymykset - kaupankylm\u00e4t | Coldex Oy","og_description":"UKK eli meille usein esitettyj\u00e4 kysymyksi\u00e4 kylm\u00e4laitteiden valinnasta, ostamisesta ja asennuksesta. Ammattilaiset antavat vastaukset.","og_url":"https:\/\/kk.coldex.fi\/fi\/ukk\/","og_site_name":"Coldex","article_modified_time":"2017-03-20T09:53:39+00:00","twitter_misc":{"Arvioitu lukuaika":"2 minuuttia"},"schema":{"@context":"https:\/\/schema.org","@graph":[{"@type":"WebPage","@id":"https:\/\/kk.coldex.fi\/fi\/ukk\/","url":"https:\/\/kk.coldex.fi\/fi\/ukk\/","name":"Usein kysytyt kysymykset - kaupankylm\u00e4t | Coldex Oy","isPartOf":{"@id":"https:\/\/kk.coldex.fi\/fi\/#website"},"datePublished":"2012-12-17T09:11:47+00:00","dateModified":"2017-03-20T09:53:39+00:00","description":"UKK eli meille usein esitettyj\u00e4 kysymyksi\u00e4 kylm\u00e4laitteiden valinnasta, ostamisesta ja asennuksesta. Ammattilaiset antavat vastaukset.","breadcrumb":{"@id":"https:\/\/kk.coldex.fi\/fi\/ukk\/#breadcrumb"},"inLanguage":"fi","potentialAction":[{"@type":"ReadAction","target":["https:\/\/kk.coldex.fi\/fi\/ukk\/"]}]},{"@type":"BreadcrumbList","@id":"https:\/\/kk.coldex.fi\/fi\/ukk\/#breadcrumb","itemListElement":[{"@type":"ListItem","position":1,"name":"Home","item":"https:\/\/kk.coldex.fi\/fi\/"},{"@type":"ListItem","position":2,"name":"UKK"}]},{"@type":"WebSite","@id":"https:\/\/kk.coldex.fi\/fi\/#website","url":"https:\/\/kk.coldex.fi\/fi\/","name":"Coldex","description":"Kylm\u00e4laitteet ammattilliseen k\u00e4ytt\u00f6\u00f6n","potentialAction":[{"@type":"SearchAction","target":{"@type":"EntryPoint","urlTemplate":"https:\/\/kk.coldex.fi\/fi\/?s={search_term_string}"},"query-input":"required name=search_term_string"}],"inLanguage":"fi"}]}},"_links":{"self":[{"href":"https:\/\/kk.coldex.fi\/fi\/wp-json\/wp\/v2\/pages\/24"}],"collection":[{"href":"https:\/\/kk.coldex.fi\/fi\/wp-json\/wp\/v2\/pages"}],"about":[{"href":"https:\/\/kk.coldex.fi\/fi\/wp-json\/wp\/v2\/types\/page"}],"author":[{"embeddable":true,"href":"https:\/\/kk.coldex.fi\/fi\/wp-json\/wp\/v2\/users\/1"}],"replies":[{"embeddable":true,"href":"https:\/\/kk.coldex.fi\/fi\/wp-json\/wp\/v2\/comments?post=24"}],"version-history":[{"count":0,"href":"https:\/\/kk.coldex.fi\/fi\/wp-json\/wp\/v2\/pages\/24\/revisions"}],"wp:attachment":[{"href":"https:\/\/kk.coldex.fi\/fi\/wp-json\/wp\/v2\/media?parent=24"}],"curies":[{"name":"wp","href":"https:\/\/api.w.org\/{rel}","templated":true}]}}