{"id":2274,"date":"2016-09-29T15:45:15","date_gmt":"2016-09-29T12:45:15","guid":{"rendered":"http:\/\/coldex.fi\/fi\/?page_id=2274"},"modified":"2022-12-15T15:40:34","modified_gmt":"2022-12-15T13:40:34","slug":"prosessilaitteet","status":"publish","type":"page","link":"https:\/\/kk.coldex.fi\/fi\/prosessilaitteet\/","title":{"rendered":"Prosessilaitteet"},"content":{"rendered":"\n\n\t<h1>Prosessilaitteet elintarviketuotantoon ja jalostukseen<\/h1>\n<p>Suunnittelemme, toimitamme ja asennamme kylm\u00e4prosessilaitteita elintarviketuotantoon<\/p>\n\t\t\t<h2 class='info-table-main-heading'>\t\t\tProsessilaitteet\t\t\t<\/h2>\n\t\t\t<h5 class='info-table-sub-heading'>\t\t\t\t\t\t<\/h5>\t\t\t\t\n\t\t\t<p>Tarjoamme monipuolisen valikoiman prosessikylm\u00e4laitteita asiakkaidemme erilaisiin elintarviketuotannon tarpeisiin.Prosessikylm\u00e4laitteet voidaan integroida osaksi tehtaan jo olemassa olevaa manuaalista tai automatisoitua tuotantoprosessia tai rakentaa kokonaan uusi automatisoitu prosessilinjasto. Nykyaikaisten prosessikylm\u00e4laitteidemme ansiosta pystytte nopeuttamaan tuotantoanne, parantamaan tuotteenne laatua ja s\u00e4\u00e4st\u00e4m\u00e4\u00e4n kustannuksissa.<\/p>\t\t\n\t\t<ul>\n\t\t\t\t\t<li>\n\t\t\t\t\t<a href=\"https:\/\/kk.coldex.fi\/fi\/prosessilaitteet\/pikajaahdytyslaitteet\/leijupakastimet\/\" target=\"_self\" rel=\"noopener\">\n\t\t\t\t\n\t\t<h3><strong>Leijupakastimet<\/strong><\/h3>\t\t\t\n\t<\/a>\n\t\t\t<\/li>\n\t\t\t\t<\/ul>\n\t\t<ul>\n\t\t\t\t\t<li>\n\t\t\t\t\t<a href=\"https:\/\/kk.coldex.fi\/fi\/prosessilaitteet\/pikajaahdytyslaitteet\/spiraalijaahdytysjarjestelmat\/\" target=\"_self\" rel=\"noopener\">\n\t\t\t\t\n\t\t<h3><strong>Spiraalipakastimet<\/strong><\/h3>\t\t\t\n\t<\/a>\n\t\t\t<\/li>\n\t\t\t\t<\/ul>\n\t\t\t\t<a href=\"https:\/\/kk.coldex.fi\/fi\/prosessilaitteet\/pikajaahdytyslaitteet\/leijupakastimet\/\" target=\"_blank\" rel=\"noopener\" itemprop=\"url\">\n\t\t\t\t<img decoding=\"async\" loading=\"lazy\" src=\"https:\/\/kk.coldex.fi\/fi\/wp-content\/uploads\/Leijupakastin.jpg\" alt=\"prosessilaitteet\" itemprop=\"image\" height=\"683\" width=\"902\" title=\"Leijupakastin\" onerror=\"this.style.display='none'\"  \/>\n\t\t\t\t<\/a>\n\t\t\t\t<a href=\"https:\/\/kk.coldex.fi\/fi\/prosessilaitteet\/pikajaahdytyslaitteet\/spiraalijaahdytysjarjestelmat\/\" target=\"_blank\" rel=\"noopener\" itemprop=\"url\">\n\t\t\t\t<img decoding=\"async\" loading=\"lazy\" src=\"https:\/\/kk.coldex.fi\/fi\/wp-content\/uploads\/Spiraalipakastin.jpg\" alt=\"Spiraalij\u00e4\u00e4hdytysj\u00e4rjestelm\u00e4t\" itemprop=\"image\" height=\"768\" width=\"1024\" title=\"Spiraalipakastin\" onerror=\"this.style.display='none'\"  \/>\n\t\t\t\t<\/a>\n\t\t<ul>\n\t\t\t\t\t<li>\n\t\t\t\t\t<a href=\"https:\/\/kk.coldex.fi\/fi\/prosessilaitteet\/jaantekolaitteet\/\" target=\"_self\" rel=\"noopener\">\n\t\t\t\t\n\t\t<h3><strong>J\u00e4\u00e4ntekolaitteet<\/strong><\/h3>\t\t\t\n\t<\/a>\n\t\t\t<\/li>\n\t\t\t\t<\/ul>\n\t\t<ul>\n\t\t\t\t\t<li>\n\t\t\t\t\t<a href=\"https:\/\/kk.coldex.fi\/fi\/prosessilaitteet\/levypakastimet\/\" target=\"_self\" rel=\"noopener\">\n\t\t\t\t\n\t\t<h3><strong>Levypakastimet<\/strong><\/h3>\t\t\t\n\t<\/a>\n\t\t\t<\/li>\n\t\t\t\t<\/ul>\n\t\t<ul>\n\t\t\t\t\t<li>\n\t\t\t\t\t<a href=\"https:\/\/kk.coldex.fi\/fi\/prosessilaitteet\/pikajaahdytyslaitteet\/pikapakastuskaapit\/\" target=\"_self\" rel=\"noopener\">\n\t\t\t\t\n\t\t<h3><strong>Pikapakastuskaapit<\/strong><\/h3>\t\t\t\n\t<\/a>\n\t\t\t<\/li>\n\t\t\t\t<\/ul>\n\t\t\t\t<a href=\"https:\/\/kk.coldex.fi\/fi\/prosessilaitteet\/jaantekolaitteet\/\" target=\"_self\" itemprop=\"url\" rel=\"noopener\">\n\t\t\t\t<img decoding=\"async\" src=\"https:\/\/kk.coldex.fi\/fi\/wp-content\/uploads\/J\u00e4\u00e4ntekolaitteet.jpg\" alt=\"prosessilaitteet\" itemprop=\"image\" title=\"J\u00e4\u00e4ntekolaitteet\" onerror=\"this.style.display='none'\"  \/>\n\t\t\t\t<\/a>\n\t\t\t\t<a href=\"https:\/\/kk.coldex.fi\/fi\/prosessilaitteet\/levypakastimet\/\" target=\"_self\" itemprop=\"url\" rel=\"noopener\">\n\t\t\t\t<img decoding=\"async\" src=\"https:\/\/kk.coldex.fi\/fi\/wp-content\/uploads\/Levypakastin.jpg\" alt=\"prosessilaitteet\" itemprop=\"image\" title=\"Levypakastin\" onerror=\"this.style.display='none'\"  \/>\n\t\t\t\t<\/a>\n\t\t\t\t<a href=\"https:\/\/kk.coldex.fi\/fi\/prosessilaitteet\/pikajaahdytyslaitteet\/pikapakastuskaapit\/\" target=\"_self\" itemprop=\"url\" rel=\"noopener\">\n\t\t\t\t<img decoding=\"async\" src=\"https:\/\/kk.coldex.fi\/fi\/wp-content\/uploads\/Pikapakastekaapit-ja-pikaj\u00e4\u00e4hdytyskaapit-3.jpg\" alt=\"prosessilaitteet\" itemprop=\"image\" title=\"Pikapakastekaapit ja pikaj\u00e4\u00e4hdytyskaapit\" onerror=\"this.style.display='none'\"  \/>\n\t\t\t\t<\/a>\n\t<h2><a href=\"https:\/\/kk.coldex.fi\/fi\/ota-yhteytta\/\">Ota yhteytt\u00e4<\/a><\/h2>\n<hr \/>\n<br \/>\nS\u00e4hk\u00f6postitse: info(at)coldex.fi\n<p>Puhelimitse: 03 7873714<\/p>\n<p>tai<\/p>\n<p><a href=\"https:\/\/kk.coldex.fi\/fi\/ota-yhteytta\/tarjouspyynto\/\">PYYD\u00c4 TARJOUS<\/a>\u00a0<\/p>\n\t<h3>Yhteystiedot:<\/h3>\n<strong>Coldex Oy<\/strong><br \/>\nVesim\u00e4entie, 3,\u00a015860 Hollola\n<p>Vaihde: 03-7873 714<\/p>\ninfo@coldex.fi<br \/>\nwww.coldex.fi\n<p>&nbsp;<\/p>\n<p><a href=\"https:\/\/www.facebook.com\/ColdexOy\/\"><img decoding=\"async\" loading=\"lazy\" src=\"http:\/\/coldex.fi\/eng\/wp-content\/uploads\/facebook-icon-80.png\" alt=\"facebook\" width=\"40\" height=\"41\" \/><\/a>\u00a0 \u00a0<a href=\"https:\/\/www.instagram.com\/coldex_oy\/\"><img decoding=\"async\" loading=\"lazy\" src=\"http:\/\/coldex.fi\/eng\/wp-content\/uploads\/instagram-icon-80.png\" alt=\"instagram\" width=\"40\" height=\"40\" \/><\/a>\u00a0 \u00a0<a href=\"https:\/\/www.youtube.com\/channel\/UCmyleSW2fqiJBL3FeYbcljw\"><img decoding=\"async\" loading=\"lazy\" src=\"https:\/\/kk.coldex.fi\/fi\/wp-content\/uploads\/youtube-icon-80.png\" alt=\"\" width=\"40\" height=\"40\" \/><\/a><\/p>\n\t\t\t\t<img decoding=\"async\" loading=\"lazy\" src=\"https:\/\/kk.coldex.fi\/fi\/wp-content\/uploads\/Luotettava-kumppani-logo-300x187.png\" alt=\"Luotettava-kumppani-logo-300x187\" itemprop=\"image\" height=\"187\" width=\"300\" title=\"Luotettava-kumppani-logo-300x187\" onerror=\"this.style.display='none'\"  \/>\n\t\t\t\t<img decoding=\"async\" loading=\"lazy\" src=\"https:\/\/kk.coldex.fi\/fi\/wp-content\/uploads\/AAA-logo-2017-FI-transparent-1.png\" alt=\"AAA-logo-2017-FI-transparent\" itemprop=\"image\" height=\"131\" width=\"200\" title=\"AAA-logo-2017-FI-transparent\" onerror=\"this.style.display='none'\"  \/>\n\t\t\t\t<img decoding=\"async\" loading=\"lazy\" src=\"https:\/\/kk.coldex.fi\/fi\/wp-content\/uploads\/PL_LOGO_Coldex_Oy_EN_401728_web.jpg\" alt=\"PL_LOGO_Coldex_Oy_EN_401728_web\" itemprop=\"image\" height=\"300\" width=\"209\" title=\"PL_LOGO_Coldex_Oy_EN_401728_web\" onerror=\"this.style.display='none'\"  \/>\n\t\t\t\t<img decoding=\"async\" loading=\"lazy\" src=\"https:\/\/kk.coldex.fi\/fi\/wp-content\/uploads\/SKLL_sininen.jpg\" alt=\"SKLL_sininen\" itemprop=\"image\" height=\"746\" width=\"2000\" title=\"SKLL_sininen\" onerror=\"this.style.display='none'\"  \/>\n\t\t\t\t<img decoding=\"async\" loading=\"lazy\" src=\"https:\/\/kk.coldex.fi\/fi\/wp-content\/uploads\/Tukesin-logo-vihre\u00e4ll\u00e4-pohjalla.png\" alt=\"Tukesin logo vihre\u00e4ll\u00e4 pohjalla\" itemprop=\"image\" height=\"250\" width=\"460\" title=\"Tukesin logo vihre\u00e4ll\u00e4 pohjalla\" onerror=\"this.style.display='none'\"  \/>\n\n","protected":false},"excerpt":{"rendered":"<p>Prosessilaitteet elintarviketuotantoon ja jalostukseen Suunnittelemme, toimitamme ja asennamme kylm\u00e4prosessilaitteita elintarviketuotantoon Prosessilaitteet Tarjoamme monipuolisen valikoiman prosessikylm\u00e4laitteita asiakkaidemme erilaisiin elintarviketuotannon tarpeisiin.Prosessikylm\u00e4laitteet voidaan integroida osaksi tehtaan jo olemassa olevaa manuaalista tai automatisoitua tuotantoprosessia tai rakentaa kokonaan uusi automatisoitu prosessilinjasto. Nykyaikaisten prosessikylm\u00e4laitteidemme ansiosta pystytte nopeuttamaan tuotantoanne, parantamaan tuotteenne laatua ja s\u00e4\u00e4st\u00e4m\u00e4\u00e4n kustannuksissa. Leijupakastimet Spiraalipakastimet J\u00e4\u00e4ntekolaitteet Levypakastimet Pikapakastuskaapit Ota yhteytt\u00e4&#8230;<\/p>\n","protected":false},"author":1,"featured_media":0,"parent":0,"menu_order":4,"comment_status":"closed","ping_status":"closed","template":"full-width-page.php","meta":[],"yoast_head":"<!-- This site is optimized with the Yoast SEO plugin v21.7 - https:\/\/yoast.com\/wordpress\/plugins\/seo\/ -->\n<title>Prosessilaitteet - Suunnittelu, toimitus ja asennus | Coldex<\/title>\n<meta name=\"description\" content=\"Prosessilaitteet Coldex. Suunnittelemme, toimitamme ja asennamme prosessilaitteita erilaisiin elintarviketuotannon tarpeisiin.\" \/>\n<meta name=\"robots\" content=\"index, follow, max-snippet:-1, max-image-preview:large, max-video-preview:-1\" \/>\n<link rel=\"canonical\" href=\"https:\/\/kk.coldex.fi\/fi\/prosessilaitteet\/\" \/>\n<meta property=\"og:locale\" content=\"fi_FI\" \/>\n<meta property=\"og:type\" content=\"article\" \/>\n<meta property=\"og:title\" content=\"Prosessilaitteet - Suunnittelu, toimitus ja asennus | Coldex\" \/>\n<meta property=\"og:description\" content=\"Prosessilaitteet Coldex. Suunnittelemme, toimitamme ja asennamme prosessilaitteita erilaisiin elintarviketuotannon tarpeisiin.\" \/>\n<meta property=\"og:url\" content=\"https:\/\/kk.coldex.fi\/fi\/prosessilaitteet\/\" \/>\n<meta property=\"og:site_name\" content=\"Coldex\" \/>\n<meta property=\"article:modified_time\" content=\"2022-12-15T13:40:34+00:00\" \/>\n<meta property=\"og:image\" content=\"https:\/\/kk.coldex.fi\/fi\/wp-content\/uploads\/Leijupakastin.jpg\" \/>\n<script type=\"application\/ld+json\" class=\"yoast-schema-graph\">{\"@context\":\"https:\/\/schema.org\",\"@graph\":[{\"@type\":\"WebPage\",\"@id\":\"https:\/\/kk.coldex.fi\/fi\/prosessilaitteet\/\",\"url\":\"https:\/\/kk.coldex.fi\/fi\/prosessilaitteet\/\",\"name\":\"Prosessilaitteet - Suunnittelu, toimitus ja asennus | Coldex\",\"isPartOf\":{\"@id\":\"https:\/\/kk.coldex.fi\/fi\/#website\"},\"datePublished\":\"2016-09-29T12:45:15+00:00\",\"dateModified\":\"2022-12-15T13:40:34+00:00\",\"description\":\"Prosessilaitteet Coldex. Suunnittelemme, toimitamme ja asennamme prosessilaitteita erilaisiin elintarviketuotannon tarpeisiin.\",\"breadcrumb\":{\"@id\":\"https:\/\/kk.coldex.fi\/fi\/prosessilaitteet\/#breadcrumb\"},\"inLanguage\":\"fi\",\"potentialAction\":[{\"@type\":\"ReadAction\",\"target\":[\"https:\/\/kk.coldex.fi\/fi\/prosessilaitteet\/\"]}]},{\"@type\":\"BreadcrumbList\",\"@id\":\"https:\/\/kk.coldex.fi\/fi\/prosessilaitteet\/#breadcrumb\",\"itemListElement\":[{\"@type\":\"ListItem\",\"position\":1,\"name\":\"Home\",\"item\":\"https:\/\/kk.coldex.fi\/fi\/\"},{\"@type\":\"ListItem\",\"position\":2,\"name\":\"Prosessilaitteet\"}]},{\"@type\":\"WebSite\",\"@id\":\"https:\/\/kk.coldex.fi\/fi\/#website\",\"url\":\"https:\/\/kk.coldex.fi\/fi\/\",\"name\":\"Coldex\",\"description\":\"Kylm\u00e4laitteet ammattilliseen k\u00e4ytt\u00f6\u00f6n\",\"potentialAction\":[{\"@type\":\"SearchAction\",\"target\":{\"@type\":\"EntryPoint\",\"urlTemplate\":\"https:\/\/kk.coldex.fi\/fi\/?s={search_term_string}\"},\"query-input\":\"required name=search_term_string\"}],\"inLanguage\":\"fi\"}]}<\/script>\n<!-- \/ Yoast SEO plugin. -->","yoast_head_json":{"title":"Prosessilaitteet - Suunnittelu, toimitus ja asennus | Coldex","description":"Prosessilaitteet Coldex. Suunnittelemme, toimitamme ja asennamme prosessilaitteita erilaisiin elintarviketuotannon tarpeisiin.","robots":{"index":"index","follow":"follow","max-snippet":"max-snippet:-1","max-image-preview":"max-image-preview:large","max-video-preview":"max-video-preview:-1"},"canonical":"https:\/\/kk.coldex.fi\/fi\/prosessilaitteet\/","og_locale":"fi_FI","og_type":"article","og_title":"Prosessilaitteet - Suunnittelu, toimitus ja asennus | Coldex","og_description":"Prosessilaitteet Coldex. Suunnittelemme, toimitamme ja asennamme prosessilaitteita erilaisiin elintarviketuotannon tarpeisiin.","og_url":"https:\/\/kk.coldex.fi\/fi\/prosessilaitteet\/","og_site_name":"Coldex","article_modified_time":"2022-12-15T13:40:34+00:00","og_image":[{"url":"https:\/\/kk.coldex.fi\/fi\/wp-content\/uploads\/Leijupakastin.jpg"}],"schema":{"@context":"https:\/\/schema.org","@graph":[{"@type":"WebPage","@id":"https:\/\/kk.coldex.fi\/fi\/prosessilaitteet\/","url":"https:\/\/kk.coldex.fi\/fi\/prosessilaitteet\/","name":"Prosessilaitteet - Suunnittelu, toimitus ja asennus | Coldex","isPartOf":{"@id":"https:\/\/kk.coldex.fi\/fi\/#website"},"datePublished":"2016-09-29T12:45:15+00:00","dateModified":"2022-12-15T13:40:34+00:00","description":"Prosessilaitteet Coldex. Suunnittelemme, toimitamme ja asennamme prosessilaitteita erilaisiin elintarviketuotannon tarpeisiin.","breadcrumb":{"@id":"https:\/\/kk.coldex.fi\/fi\/prosessilaitteet\/#breadcrumb"},"inLanguage":"fi","potentialAction":[{"@type":"ReadAction","target":["https:\/\/kk.coldex.fi\/fi\/prosessilaitteet\/"]}]},{"@type":"BreadcrumbList","@id":"https:\/\/kk.coldex.fi\/fi\/prosessilaitteet\/#breadcrumb","itemListElement":[{"@type":"ListItem","position":1,"name":"Home","item":"https:\/\/kk.coldex.fi\/fi\/"},{"@type":"ListItem","position":2,"name":"Prosessilaitteet"}]},{"@type":"WebSite","@id":"https:\/\/kk.coldex.fi\/fi\/#website","url":"https:\/\/kk.coldex.fi\/fi\/","name":"Coldex","description":"Kylm\u00e4laitteet ammattilliseen k\u00e4ytt\u00f6\u00f6n","potentialAction":[{"@type":"SearchAction","target":{"@type":"EntryPoint","urlTemplate":"https:\/\/kk.coldex.fi\/fi\/?s={search_term_string}"},"query-input":"required name=search_term_string"}],"inLanguage":"fi"}]}},"_links":{"self":[{"href":"https:\/\/kk.coldex.fi\/fi\/wp-json\/wp\/v2\/pages\/2274"}],"collection":[{"href":"https:\/\/kk.coldex.fi\/fi\/wp-json\/wp\/v2\/pages"}],"about":[{"href":"https:\/\/kk.coldex.fi\/fi\/wp-json\/wp\/v2\/types\/page"}],"author":[{"embeddable":true,"href":"https:\/\/kk.coldex.fi\/fi\/wp-json\/wp\/v2\/users\/1"}],"replies":[{"embeddable":true,"href":"https:\/\/kk.coldex.fi\/fi\/wp-json\/wp\/v2\/comments?post=2274"}],"version-history":[{"count":1,"href":"https:\/\/kk.coldex.fi\/fi\/wp-json\/wp\/v2\/pages\/2274\/revisions"}],"predecessor-version":[{"id":8386,"href":"https:\/\/kk.coldex.fi\/fi\/wp-json\/wp\/v2\/pages\/2274\/revisions\/8386"}],"wp:attachment":[{"href":"https:\/\/kk.coldex.fi\/fi\/wp-json\/wp\/v2\/media?parent=2274"}],"curies":[{"name":"wp","href":"https:\/\/api.w.org\/{rel}","templated":true}]}}