{"id":11,"date":"2012-12-17T10:56:12","date_gmt":"2012-12-17T08:56:12","guid":{"rendered":"http:\/\/ulvila.scenegroup.fi\/~sg1889\/fi\/?page_id=8"},"modified":"2023-05-29T13:56:31","modified_gmt":"2023-05-29T10:56:31","slug":"kylmalaitteet","status":"publish","type":"page","link":"https:\/\/kk.coldex.fi\/fi\/kylmalaitteet\/","title":{"rendered":"Kylm\u00e4laitteet"},"content":{"rendered":"\n\n\t<h1>Kylm\u00e4laitteet ammattilaisk\u00e4ytt\u00f6\u00f6n<\/h1>\n<p>Erikoisosaamisemme on kylm\u00e4laitteet, niiden yritysmyynti, tuki ja huolto <\/p>\n<p>\u00a0asiakkaillemme. Vuosien my\u00f6t\u00e4 olemme luoneet pitk\u00e4ik\u00e4isi\u00e4 <\/p>\n<p>yrityssuhteita, joten meill\u00e4 on resursseja palvella ammattitaitoisesti sek\u00e4 <\/p>\n<p>pieni\u00e4 ett\u00e4 suuria toimijoita.<\/p>\n\t\t\t<h1 class='info-table-main-heading'>\t\t\tParasta kylm\u00e4n\u00e4\t\t\t<\/h1>\n\t\t\t<h5 class='info-table-sub-heading'>\t\t\t\t\t\t<\/h5>\t\t\t\t\n\t\t\t<p>Olemme useiden valmistajien maahantuojia, joten valikoimamme pysyy laajana ja hinnastomme kilpailukykyisen\u00e4. Toimiessamme suoraan laitevalmistajien kanssa voimme nopeasti ja tehokkaasti vastata asiakkaan tarpeisiin, koskevat ne sitten oma- tai keskuskoneellisia ratkaisuja, tarjoamamme kylm\u00e4laitteet sopivat niin suurille ketjuille, kuin pienille toimijoille.Varastostamme l\u00f6ytyy niin uusia kuin k\u00e4ytettyj\u00e4, edullisia ja hyv\u00e4kuntoisia pakastealtaita, kylm\u00e4hyllyj\u00e4, vitriineja ja muita kylm\u00e4laitteita suoraan yrityksesi tarpeisiin. Olemme j\u00e4lleenmyyji\u00e4 valmistajille joiden tuotteisiin uskomme ja luotamme, pystymme my\u00f6s tarjoamaan huoltopalveluja kaikkiin tarjoamiimme laitteisiin. Meilt\u00e4 l\u00f6ytyy sek\u00e4 omakoneelliset, ett\u00e4 keskuskoneelliset kylm\u00e4kalusteet, joten aina kannattaa <a title=\"yhteydenottopyynto\" href=\"http:\/\/www.coldex.fi\/fi\/yhteydenottopyynto\/\">tiedustella<\/a> mik\u00e4li tarve on jollekin tietylle laitetyypille.<h3>\u00a0<\/h3>S\u00e4hk\u00f6inen listauksemme tuotteista sis\u00e4lt\u00e4\u00e4 nyt mahdollisuuden l\u00e4hett\u00e4\u00e4 kyselyit\u00e4 varastossa olevista tuotteistamme. Voit valita yhden tai useamman tuotteen listallesi ja l\u00e4hett\u00e4\u00e4 sen meille muutamalla klikkauksella. \u00a0Laskemme teille alennuksia tilauksenne mukaan.<\/p>\t\t\n\t\t\t\t<a href=\"https:\/\/kk.coldex.fi\/fi\/tuote-osasto\/kylmahyllyt\/\" target=\"_blank\" rel=\"noopener\" itemprop=\"url\">\n\t\t\t\t<img decoding=\"async\" loading=\"lazy\" src=\"https:\/\/kk.coldex.fi\/fi\/wp-content\/uploads\/Kylm\u00e4hyllyvalikoima-300x300.jpg\" alt=\"Kylm\u00e4hyllyvalikoima\" itemprop=\"image\" height=\"300\" width=\"300\" title=\"Kylm\u00e4hyllyvalikoima -300x300\" onerror=\"this.style.display='none'\"  \/>\n\t\t\t\t<\/a>\n\t<h3>Kylm\u00e4hyllyvalikoima<\/h3>\n<p>Tutustu<\/p>\n\t\t\t\t<a href=\"https:\/\/kk.coldex.fi\/fi\/tuote-osasto\/pystypakastimet\/\" target=\"_blank\" rel=\"noopener\" itemprop=\"url\">\n\t\t\t\t<img decoding=\"async\" loading=\"lazy\" src=\"https:\/\/kk.coldex.fi\/fi\/wp-content\/uploads\/s_Kaappipakastin-EKF-870-2-300x300-1.jpg\" alt=\"Kaappipakastin\" itemprop=\"image\" height=\"300\" width=\"300\" title=\"Kaappipakastin\" onerror=\"this.style.display='none'\"  \/>\n\t\t\t\t<\/a>\n\t<h3>Pystypakastinvalikoima<\/h3>\n<p>Tutustu<\/p>\n\t\t\t\t<a href=\"https:\/\/kk.coldex.fi\/fi\/tuote-osasto\/kylmakaapit\/viinikaapit\/\" target=\"_blank\" rel=\"noopener\" itemprop=\"url\">\n\t\t\t\t<img decoding=\"async\" loading=\"lazy\" src=\"https:\/\/kk.coldex.fi\/fi\/wp-content\/uploads\/Viinikaappi-EVV-200-300x300-1.jpg\" alt=\"Viinikaappi\" itemprop=\"image\" height=\"300\" width=\"300\" title=\"Viinikaappi\" onerror=\"this.style.display='none'\"  \/>\n\t\t\t\t<\/a>\n\t<h3>Viinikaappivalikoima<\/h3>\n<p>Tutustu<\/p>\n\t\t\t\t<a href=\"https:\/\/kk.coldex.fi\/fi\/tuote-osasto\/kombipakastimet\/uudet-kombipakastimet\/\" target=\"_blank\" rel=\"noopener\" itemprop=\"url\">\n\t\t\t\t<img decoding=\"async\" loading=\"lazy\" src=\"https:\/\/kk.coldex.fi\/fi\/wp-content\/uploads\/Blizzard-kaappipakastin-300x300-1.jpg\" alt=\"Kombipakastinvalikoima\" itemprop=\"image\" height=\"300\" width=\"300\" title=\"Kombipakastinvalikoima\" onerror=\"this.style.display='none'\"  \/>\n\t\t\t\t<\/a>\n\t<h3>Kombipakastinvalikoima<\/h3>\n<p>Tutustu<\/p>\n\t<h1>Kaupan kylm\u00e4kaapit ja pystypakastimet<br \/>\n<\/h1>\n\t<div class=\"woocommerce columns-4 \"><ul class=\"products columns-4\">\n<li class=\"post-3413 product type-product status-publish has-post-thumbnail hentry product_cat-pystypakastimet product_cat-uudet-pystypakastimet product_tag-kaappipakastin\">\n\t\t<div class=\"shop_descrip\">\n\t\t\t\n\t\n\t<div id=\"prodlist_title\" class=\"wootitle-medium wootitle-notunderline\">\n\t<a href =\"https:\/\/kk.coldex.fi\/fi\/kauppa\/pystypakastimet\/uudet-pystypakastimet\/kaappipakastin-blizzard\/\"><h3>Kaappipakastin Blizzard<\/h3><\/a>\n\t<\/div>\n\t\t \t \t\t <div style=\"font-size: px;\" class=\"wooshop-price wooprice-nonbold\">\n\t\t\t\t\t \t <\/div>\n    \t\t\t\t<div class=\"wooprod-button left-woo-cart-btn\">\n\t\t\t\t\t\t\t\t\t\t\t\t\t\t\t\t\t\t\t\t\t\t\t\t\t\t\t\t\t\t\t\t<a style=\"color: #ffffff; background-color: #fffff; border-radius: px;\" href=\"https:\/\/kk.coldex.fi\/fi\/kauppa\/pystypakastimet\/uudet-pystypakastimet\/kaappipakastin-blizzard\/\" rel=\"nofollow\" data-product_id=\"3413\" data-product_sku=\"\" class=\"button woobutton-medium add_to_cart_button product_type_variable\">Valitse vaihtoehdoista<\/a>\t\t\t\t<\/div>\t\t\n\t\t\t\n\t<\/div>\n\t<div class=\"oneColClear\"><\/div>\t\n<\/li>\n<li class=\"post-3117 product type-product status-publish has-post-thumbnail hentry product_cat-pystypakastimet product_cat-uudet-pystypakastimet product_tag-kaappipakastin\">\n\t\t<div class=\"shop_descrip\">\n\t\t\t\n\t\n\t<div id=\"prodlist_title\" class=\"wootitle-medium wootitle-notunderline\">\n\t<a href =\"https:\/\/kk.coldex.fi\/fi\/kauppa\/pystypakastimet\/uudet-pystypakastimet\/kaappipakastin-f1400\/\"><h3>Kaappipakastin F1400<\/h3><\/a>\n\t<\/div>\n\t\t \t \t\t <div style=\"font-size: px;\" class=\"wooshop-price wooprice-nonbold\">\n\t\t\t\t<span class=\"regular-pricenew\">&euro;0.00<\/span>\t\t\t\t\t \t <\/div>\n    \t\t\t\t<div class=\"wooprod-button left-woo-cart-btn\">\n\t\t\t\t\t\t\t\t\t\t\t\t\t\t\t\t\t\t\t\t\t\t\t\t\t\t\t\t\t\t\t\t<a style=\"color: #ffffff; background-color: #fffff; border-radius: px;\" href=\"?add-to-cart=3117\" rel=\"nofollow\" data-product_id=\"3117\" data-product_sku=\"\" class=\"button woobutton-medium add_to_cart_button product_type_simple\">Lis\u00e4\u00e4 ostoskoriin<\/a>\t\t\t\t<\/div>\t\t\n\t\t\t\n\t<\/div>\n\t<div class=\"oneColClear\"><\/div>\t\n<\/li>\n<li class=\"post-3115 product type-product status-publish has-post-thumbnail hentry product_cat-pystypakastimet product_cat-uudet-pystypakastimet product_tag-kaappipakastin\">\n\t\t<div class=\"shop_descrip\">\n\t\t\t\n\t\n\t<div id=\"prodlist_title\" class=\"wootitle-medium wootitle-notunderline\">\n\t<a href =\"https:\/\/kk.coldex.fi\/fi\/kauppa\/pystypakastimet\/uudet-pystypakastimet\/kaappipakastin-gastro-f700\/\"><h3>Kaappipakastin Gastro F700<\/h3><\/a>\n\t<\/div>\n\t\t \t \t\t <div style=\"font-size: px;\" class=\"wooshop-price wooprice-nonbold\">\n\t\t\t\t<span class=\"regular-pricenew\">&euro;0.00<\/span>\t\t\t\t\t \t <\/div>\n    \t\t\t\t<div class=\"wooprod-button left-woo-cart-btn\">\n\t\t\t\t\t\t\t\t\t\t\t\t\t\t\t\t\t\t\t\t\t\t\t\t\t\t\t\t\t\t\t\t<a style=\"color: #ffffff; background-color: #fffff; border-radius: px;\" href=\"?add-to-cart=3115\" rel=\"nofollow\" data-product_id=\"3115\" data-product_sku=\"\" class=\"button woobutton-medium add_to_cart_button product_type_simple\">Lis\u00e4\u00e4 ostoskoriin<\/a>\t\t\t\t<\/div>\t\t\n\t\t\t\n\t<\/div>\n\t<div class=\"oneColClear\"><\/div>\t\n<\/li>\n<li class=\"post-3119 product type-product status-publish has-post-thumbnail hentry product_cat-pystypakastimet product_cat-uudet-pystypakastimet product_cat-varastossa product_tag-kaappipakastin\">\n\t\t<div class=\"shop_descrip\">\n\t\t\t\n\t\n\t<div id=\"prodlist_title\" class=\"wootitle-medium wootitle-notunderline\">\n\t<a href =\"https:\/\/kk.coldex.fi\/fi\/kauppa\/pystypakastimet\/uudet-pystypakastimet\/kaappipakastin-vision-ekf-870\/\"><h3>Kaappipakastin Vision EKF 870<\/h3><\/a>\n\t<\/div>\n\t\t \t \t\t <div style=\"font-size: px;\" class=\"wooshop-price wooprice-nonbold\">\n\t\t\t\t<span class=\"regular-pricenew\">&euro;0.00<\/span>\t\t\t\t\t \t <\/div>\n    \t\t\t\t<div class=\"wooprod-button left-woo-cart-btn\">\n\t\t\t\t\t\t\t\t\t\t\t\t\t\t\t\t\t\t\t\t\t\t\t\t\t\t\t\t\t\t\t\t<a style=\"color: #ffffff; background-color: #fffff; border-radius: px;\" href=\"?add-to-cart=3119\" rel=\"nofollow\" data-product_id=\"3119\" data-product_sku=\"\" class=\"button woobutton-medium add_to_cart_button product_type_simple\">Lis\u00e4\u00e4 ostoskoriin<\/a>\t\t\t\t<\/div>\t\t\n\t\t\t\n\t<\/div>\n\t<div class=\"oneColClear\"><\/div>\t\n<\/li>\n<li class=\"post-3352 product type-product status-publish has-post-thumbnail hentry product_cat-kylmakaapit product_cat-uudet-kylmakaapit product_cat-viinikaapit product_tag-viinikaappi\">\n\t\t<div class=\"shop_descrip\">\n\t\t\t\n\t\n\t<div id=\"prodlist_title\" class=\"wootitle-medium wootitle-notunderline\">\n\t<a href =\"https:\/\/kk.coldex.fi\/fi\/kauppa\/kylmakaapit\/uudet-kylmakaapit\/viinikaappi-evv-200\/\"><h3>Viinikaappi EVV 200<\/h3><\/a>\n\t<\/div>\n\t\t \t \t\t <div style=\"font-size: px;\" class=\"wooshop-price wooprice-nonbold\">\n\t\t\t\t<span class=\"regular-pricenew\">&euro;0.00<\/span>\t\t\t\t\t \t <\/div>\n    \t\t\t\t<div class=\"wooprod-button left-woo-cart-btn\">\n\t\t\t\t\t\t\t\t\t\t\t\t\t\t\t\t\t\t\t\t\t\t\t\t\t\t\t\t\t\t\t\t<a style=\"color: #ffffff; background-color: #fffff; border-radius: px;\" href=\"?add-to-cart=3352\" rel=\"nofollow\" data-product_id=\"3352\" data-product_sku=\"\" class=\"button woobutton-medium add_to_cart_button product_type_simple\">Lis\u00e4\u00e4 ostoskoriin<\/a>\t\t\t\t<\/div>\t\t\n\t\t\t\n\t<\/div>\n\t<div class=\"oneColClear\"><\/div>\t\n<\/li>\n<li class=\"post-3107 product type-product status-publish has-post-thumbnail hentry product_cat-kylmakaapit product_cat-uudet-kylmakaapit product_tag-kylmakaappi\">\n\t\t<div class=\"shop_descrip\">\n\t\t\t\n\t\n\t<div id=\"prodlist_title\" class=\"wootitle-medium wootitle-notunderline\">\n\t<a href =\"https:\/\/kk.coldex.fi\/fi\/kauppa\/kylmakaapit\/uudet-kylmakaapit\/kylmakaappi-gastro-c1400\/\"><h3>Kylm\u00e4kaappi Gastro C1400<\/h3><\/a>\n\t<\/div>\n\t\t \t \t\t <div style=\"font-size: px;\" class=\"wooshop-price wooprice-nonbold\">\n\t\t\t\t<span class=\"regular-pricenew\">&euro;0.00<\/span>\t\t\t\t\t \t <\/div>\n    \t\t\t\t<div class=\"wooprod-button left-woo-cart-btn\">\n\t\t\t\t\t\t\t\t\t\t\t\t\t\t\t\t\t\t\t\t\t\t\t\t\t\t\t\t\t\t\t\t<a style=\"color: #ffffff; background-color: #fffff; border-radius: px;\" href=\"?add-to-cart=3107\" rel=\"nofollow\" data-product_id=\"3107\" data-product_sku=\"\" class=\"button woobutton-medium add_to_cart_button product_type_simple\">Lis\u00e4\u00e4 ostoskoriin<\/a>\t\t\t\t<\/div>\t\t\n\t\t\t\n\t<\/div>\n\t<div class=\"oneColClear\"><\/div>\t\n<\/li>\n<\/ul>\n<\/div>\n<a href=\"https:\/\/kk.coldex.fi\/fi\/tuote-osasto\/kylmakaapit\/\" target=\"_blank\" rel=\"noopener\">\n    Tutustu valikoimaan\n<\/a>\n\t<h1>Kylm\u00e4hyllyt<\/h1>\n\t<div class=\"woocommerce columns-4 \"><ul class=\"products columns-4\">\n<li class=\"post-3132 product type-product status-publish has-post-thumbnail hentry product_cat-kylmahyllyt product_cat-uudet-kylmahyllyt product_tag-kylmahylly\">\n\t\t<div class=\"shop_descrip\">\n\t\t\t\n\t\n\t<div id=\"prodlist_title\" class=\"wootitle-medium wootitle-notunderline\">\n\t<a href =\"https:\/\/kk.coldex.fi\/fi\/kauppa\/kylmahyllyt\/uudet-kylmahyllyt\/kylmahylly-eml\/\"><h3>Kylm\u00e4hylly EML<\/h3><\/a>\n\t<\/div>\n\t\t \t \t\t <div style=\"font-size: px;\" class=\"wooshop-price wooprice-nonbold\">\n\t\t\t\t\t \t <\/div>\n    \t\t\t\t<div class=\"wooprod-button left-woo-cart-btn\">\n\t\t\t\t\t\t\t\t\t\t\t\t\t\t\t\t\t\t\t\t\t\t\t\t\t\t\t\t\t\t\t\t<a style=\"color: #ffffff; background-color: #fffff; border-radius: px;\" href=\"https:\/\/kk.coldex.fi\/fi\/kauppa\/kylmahyllyt\/uudet-kylmahyllyt\/kylmahylly-eml\/\" rel=\"nofollow\" data-product_id=\"3132\" data-product_sku=\"\" class=\"button woobutton-medium add_to_cart_button product_type_variable\">Valitse vaihtoehdoista<\/a>\t\t\t\t<\/div>\t\t\n\t\t\t\n\t<\/div>\n\t<div class=\"oneColClear\"><\/div>\t\n<\/li>\n<\/ul>\n<\/div>\n<a href=\"https:\/\/kk.coldex.fi\/fi\/tuote-osasto\/kylmaaltaat\/\" target=\"_blank\" rel=\"noopener\">\n    Tutustu valikoimaan\n<\/a>\n\t<h1>Kylm\u00e4- ja pakastealtaat\u00a0<\/h1>\n\t<div class=\"woocommerce columns-4 \"><ul class=\"products columns-4\">\n<li class=\"post-2981 product type-product status-publish has-post-thumbnail hentry product_cat-kylmaaltaat-2 product_cat-uudet-kylmaaltaat product_tag-herateallas\">\n\t\t<div class=\"shop_descrip\">\n\t\t\t\n\t\n\t<div id=\"prodlist_title\" class=\"wootitle-medium wootitle-notunderline\">\n\t<a href =\"https:\/\/kk.coldex.fi\/fi\/kauppa\/kylmaaltaat-2\/uudet-kylmaaltaat\/herateallas-valencia-vvl-12\/\"><h3>Her\u00e4teallas VALENCIA VVL 12<\/h3><\/a>\n\t<\/div>\n\t\t \t \t\t <div style=\"font-size: px;\" class=\"wooshop-price wooprice-nonbold\">\n\t\t\t\t<span class=\"regular-pricenew\">&euro;0.00<\/span>\t\t\t\t\t \t <\/div>\n    \t\t\t\t<div class=\"wooprod-button left-woo-cart-btn\">\n\t\t\t\t\t\t\t\t\t\t\t\t\t\t\t\t\t\t\t\t\t\t\t\t\t\t\t\t\t\t\t\t<a style=\"color: #ffffff; background-color: #fffff; border-radius: px;\" href=\"?add-to-cart=2981\" rel=\"nofollow\" data-product_id=\"2981\" data-product_sku=\"\" class=\"button woobutton-medium add_to_cart_button product_type_simple\">Lis\u00e4\u00e4 ostoskoriin<\/a>\t\t\t\t<\/div>\t\t\n\t\t\t\n\t<\/div>\n\t<div class=\"oneColClear\"><\/div>\t\n<\/li>\n<li class=\"post-2976 product type-product status-publish has-post-thumbnail hentry product_cat-kylmaaltaat product_cat-uudet-pakastealtaat product_cat-varastossa product_tag-pakasteallas\">\n\t\t<div class=\"shop_descrip\">\n\t\t\t\n\t\n\t<div id=\"prodlist_title\" class=\"wootitle-medium wootitle-notunderline\">\n\t<a href =\"https:\/\/kk.coldex.fi\/fi\/kauppa\/kylmaaltaat\/uudet-pakastealtaat\/pakasteallas-klimasan-333-901\/\"><h3>Pakasteallas Klimasan 333-901<\/h3><\/a>\n\t<\/div>\n\t\t \t \t\t <div style=\"font-size: px;\" class=\"wooshop-price wooprice-nonbold\">\n\t\t\t\t<span class=\"regular-pricenew\">&euro;0.00<\/span>\t\t\t\t\t \t <\/div>\n    \t\t\t\t<div class=\"wooprod-button left-woo-cart-btn\">\n\t\t\t\t\t\t\t\t\t\t\t\t\t\t\t\t\t\t\t\t\t\t\t\t\t\t\t\t\t\t\t\t<a style=\"color: #ffffff; background-color: #fffff; border-radius: px;\" href=\"?add-to-cart=2976\" rel=\"nofollow\" data-product_id=\"2976\" data-product_sku=\"\" class=\"button woobutton-medium add_to_cart_button product_type_simple\">Lis\u00e4\u00e4 ostoskoriin<\/a>\t\t\t\t<\/div>\t\t\n\t\t\t\n\t<\/div>\n\t<div class=\"oneColClear\"><\/div>\t\n<\/li>\n<\/ul>\n<\/div>\n<a href=\"https:\/\/kk.coldex.fi\/fi\/tuote-osasto\/kylmatiski\/\" target=\"_blank\" rel=\"noopener\">\n    Tutustu valikoimaan\n<\/a>\n\t<h3>Yhteystiedot:<\/h3>\n<p>&nbsp;<\/p>\nColdex Oy<br \/>\nVesim\u00e4entie 3<br \/>\n15860 Hollola<br \/>\np. 03-7873 714\n<p>&nbsp;<\/p>\ninfo@coldex.fi<br \/>\nwww.coldex.fi\n<p>&nbsp;<\/p>\n<p><a href=\"https:\/\/www.facebook.com\/ColdexOy\/\"><img decoding=\"async\" loading=\"lazy\" src=\"http:\/\/coldex.fi\/eng\/wp-content\/uploads\/facebook-icon-80.png\" alt=\"facebook\" width=\"40\" height=\"41\" \/><\/a>\u00a0 \u00a0<a href=\"https:\/\/www.instagram.com\/coldex_oy\/\"><img decoding=\"async\" loading=\"lazy\" src=\"http:\/\/coldex.fi\/eng\/wp-content\/uploads\/instagram-icon-80.png\" alt=\"instagram\" width=\"40\" height=\"40\" \/><\/a><\/p>\n\t\t\t\t<img decoding=\"async\" loading=\"lazy\" src=\"https:\/\/kk.coldex.fi\/fi\/wp-content\/uploads\/SKLL_sininen-300x112.jpg\" alt=\"SKLL_sininen\" itemprop=\"image\" height=\"112\" width=\"300\" title=\"SKLL_sininen\" onerror=\"this.style.display='none'\"  \/>\n\t\t\t\t<img decoding=\"async\" loading=\"lazy\" src=\"https:\/\/kk.coldex.fi\/fi\/wp-content\/uploads\/PL_LOGO_Coldex_Oy_EN_401728_web.jpg\" alt=\"PL_LOGO_Coldex_Oy_EN_401728_web\" itemprop=\"image\" height=\"300\" width=\"209\" title=\"PL_LOGO_Coldex_Oy_EN_401728_web\" onerror=\"this.style.display='none'\"  \/>\n\t\t\t\t<img decoding=\"async\" loading=\"lazy\" src=\"https:\/\/kk.coldex.fi\/fi\/wp-content\/uploads\/Luotettava-kumppani-logo-300x187.png\" alt=\"Luotettava-kumppani-logo-300x187\" itemprop=\"image\" height=\"187\" width=\"300\" title=\"Luotettava-kumppani-logo-300x187\" onerror=\"this.style.display='none'\"  \/>\n\t\t\t\t<img decoding=\"async\" loading=\"lazy\" src=\"https:\/\/kk.coldex.fi\/fi\/wp-content\/uploads\/AAA-logo-2017-FI-transparent-1.png\" alt=\"AAA-logo-2017-FI-transparent\" itemprop=\"image\" height=\"131\" width=\"200\" title=\"AAA-logo-2017-FI-transparent\" onerror=\"this.style.display='none'\"  \/>\n\t\t\t\t<img decoding=\"async\" loading=\"lazy\" src=\"https:\/\/kk.coldex.fi\/fi\/wp-content\/uploads\/Tukesin-logo-vihre\u00e4ll\u00e4-pohjalla.png\" alt=\"Tukesin logo vihre\u00e4ll\u00e4 pohjalla\" itemprop=\"image\" height=\"250\" width=\"460\" title=\"Tukesin logo vihre\u00e4ll\u00e4 pohjalla\" onerror=\"this.style.display='none'\"  \/>\n\n","protected":false},"excerpt":{"rendered":"<p>Kylm\u00e4laitteet ammattilaisk\u00e4ytt\u00f6\u00f6n Erikoisosaamisemme on kylm\u00e4laitteet, niiden yritysmyynti, tuki ja huolto \u00a0asiakkaillemme. Vuosien my\u00f6t\u00e4 olemme luoneet pitk\u00e4ik\u00e4isi\u00e4 yrityssuhteita, joten meill\u00e4 on resursseja palvella ammattitaitoisesti sek\u00e4 pieni\u00e4 ett\u00e4 suuria toimijoita. Parasta kylm\u00e4n\u00e4 Olemme useiden valmistajien maahantuojia, joten valikoimamme pysyy laajana ja hinnastomme kilpailukykyisen\u00e4. Toimiessamme suoraan laitevalmistajien kanssa voimme nopeasti ja tehokkaasti vastata asiakkaan tarpeisiin, koskevat ne sitten&#8230;<\/p>\n","protected":false},"author":1,"featured_media":0,"parent":0,"menu_order":1,"comment_status":"closed","ping_status":"closed","template":"full-width-page.php","meta":[],"yoast_head":"<!-- This site is optimized with the Yoast SEO plugin v21.7 - https:\/\/yoast.com\/wordpress\/plugins\/seo\/ -->\n<title>Kylm\u00e4laitteet: j\u00e4\u00e4kaapit, pakastimet, kylm\u00e4hyllyt, kylm\u00e4kaapit | Coldex<\/title>\n<meta name=\"description\" content=\"Tarjoamme j\u00e4lleenmyynti\u00e4 kaupan kalustukseen ja erikoisalanamme on kylm\u00e4laitteet: j\u00e4\u00e4kaapit, pakastimet, kylm\u00e4hyllyt, kylm\u00e4kaapit. Edullisesti\" \/>\n<meta name=\"robots\" content=\"index, follow, max-snippet:-1, max-image-preview:large, max-video-preview:-1\" \/>\n<link rel=\"canonical\" href=\"https:\/\/kk.coldex.fi\/fi\/kylmalaitteet\/\" \/>\n<meta property=\"og:locale\" content=\"fi_FI\" \/>\n<meta property=\"og:type\" content=\"article\" \/>\n<meta property=\"og:title\" content=\"Kylm\u00e4laitteet: j\u00e4\u00e4kaapit, pakastimet, kylm\u00e4hyllyt, kylm\u00e4kaapit | Coldex\" \/>\n<meta property=\"og:description\" content=\"Tarjoamme j\u00e4lleenmyynti\u00e4 kaupan kalustukseen ja erikoisalanamme on kylm\u00e4laitteet: j\u00e4\u00e4kaapit, pakastimet, kylm\u00e4hyllyt, kylm\u00e4kaapit. Edullisesti\" \/>\n<meta property=\"og:url\" content=\"https:\/\/kk.coldex.fi\/fi\/kylmalaitteet\/\" \/>\n<meta property=\"og:site_name\" content=\"Coldex\" \/>\n<meta property=\"article:modified_time\" content=\"2023-05-29T10:56:31+00:00\" \/>\n<meta property=\"og:image\" content=\"https:\/\/kk.coldex.fi\/fi\/wp-content\/uploads\/s_Kaappipakastin-EKF-870-2-300x300-1.jpg\" \/>\n<meta name=\"twitter:label1\" content=\"Arvioitu lukuaika\" \/>\n\t<meta name=\"twitter:data1\" content=\"1 minuutti\" \/>\n<script type=\"application\/ld+json\" class=\"yoast-schema-graph\">{\"@context\":\"https:\/\/schema.org\",\"@graph\":[{\"@type\":\"WebPage\",\"@id\":\"https:\/\/kk.coldex.fi\/fi\/kylmalaitteet\/\",\"url\":\"https:\/\/kk.coldex.fi\/fi\/kylmalaitteet\/\",\"name\":\"Kylm\u00e4laitteet: j\u00e4\u00e4kaapit, pakastimet, kylm\u00e4hyllyt, kylm\u00e4kaapit | Coldex\",\"isPartOf\":{\"@id\":\"https:\/\/kk.coldex.fi\/fi\/#website\"},\"datePublished\":\"2012-12-17T08:56:12+00:00\",\"dateModified\":\"2023-05-29T10:56:31+00:00\",\"description\":\"Tarjoamme j\u00e4lleenmyynti\u00e4 kaupan kalustukseen ja erikoisalanamme on kylm\u00e4laitteet: j\u00e4\u00e4kaapit, pakastimet, kylm\u00e4hyllyt, kylm\u00e4kaapit. Edullisesti\",\"breadcrumb\":{\"@id\":\"https:\/\/kk.coldex.fi\/fi\/kylmalaitteet\/#breadcrumb\"},\"inLanguage\":\"fi\",\"potentialAction\":[{\"@type\":\"ReadAction\",\"target\":[\"https:\/\/kk.coldex.fi\/fi\/kylmalaitteet\/\"]}]},{\"@type\":\"BreadcrumbList\",\"@id\":\"https:\/\/kk.coldex.fi\/fi\/kylmalaitteet\/#breadcrumb\",\"itemListElement\":[{\"@type\":\"ListItem\",\"position\":1,\"name\":\"Home\",\"item\":\"https:\/\/kk.coldex.fi\/fi\/\"},{\"@type\":\"ListItem\",\"position\":2,\"name\":\"Kylm\u00e4laitteet\"}]},{\"@type\":\"WebSite\",\"@id\":\"https:\/\/kk.coldex.fi\/fi\/#website\",\"url\":\"https:\/\/kk.coldex.fi\/fi\/\",\"name\":\"Coldex\",\"description\":\"Kylm\u00e4laitteet ammattilliseen k\u00e4ytt\u00f6\u00f6n\",\"potentialAction\":[{\"@type\":\"SearchAction\",\"target\":{\"@type\":\"EntryPoint\",\"urlTemplate\":\"https:\/\/kk.coldex.fi\/fi\/?s={search_term_string}\"},\"query-input\":\"required name=search_term_string\"}],\"inLanguage\":\"fi\"}]}<\/script>\n<!-- \/ Yoast SEO plugin. -->","yoast_head_json":{"title":"Kylm\u00e4laitteet: j\u00e4\u00e4kaapit, pakastimet, kylm\u00e4hyllyt, kylm\u00e4kaapit | Coldex","description":"Tarjoamme j\u00e4lleenmyynti\u00e4 kaupan kalustukseen ja erikoisalanamme on kylm\u00e4laitteet: j\u00e4\u00e4kaapit, pakastimet, kylm\u00e4hyllyt, kylm\u00e4kaapit. Edullisesti","robots":{"index":"index","follow":"follow","max-snippet":"max-snippet:-1","max-image-preview":"max-image-preview:large","max-video-preview":"max-video-preview:-1"},"canonical":"https:\/\/kk.coldex.fi\/fi\/kylmalaitteet\/","og_locale":"fi_FI","og_type":"article","og_title":"Kylm\u00e4laitteet: j\u00e4\u00e4kaapit, pakastimet, kylm\u00e4hyllyt, kylm\u00e4kaapit | Coldex","og_description":"Tarjoamme j\u00e4lleenmyynti\u00e4 kaupan kalustukseen ja erikoisalanamme on kylm\u00e4laitteet: j\u00e4\u00e4kaapit, pakastimet, kylm\u00e4hyllyt, kylm\u00e4kaapit. Edullisesti","og_url":"https:\/\/kk.coldex.fi\/fi\/kylmalaitteet\/","og_site_name":"Coldex","article_modified_time":"2023-05-29T10:56:31+00:00","og_image":[{"url":"https:\/\/kk.coldex.fi\/fi\/wp-content\/uploads\/s_Kaappipakastin-EKF-870-2-300x300-1.jpg"}],"twitter_misc":{"Arvioitu lukuaika":"1 minuutti"},"schema":{"@context":"https:\/\/schema.org","@graph":[{"@type":"WebPage","@id":"https:\/\/kk.coldex.fi\/fi\/kylmalaitteet\/","url":"https:\/\/kk.coldex.fi\/fi\/kylmalaitteet\/","name":"Kylm\u00e4laitteet: j\u00e4\u00e4kaapit, pakastimet, kylm\u00e4hyllyt, kylm\u00e4kaapit | Coldex","isPartOf":{"@id":"https:\/\/kk.coldex.fi\/fi\/#website"},"datePublished":"2012-12-17T08:56:12+00:00","dateModified":"2023-05-29T10:56:31+00:00","description":"Tarjoamme j\u00e4lleenmyynti\u00e4 kaupan kalustukseen ja erikoisalanamme on kylm\u00e4laitteet: j\u00e4\u00e4kaapit, pakastimet, kylm\u00e4hyllyt, kylm\u00e4kaapit. Edullisesti","breadcrumb":{"@id":"https:\/\/kk.coldex.fi\/fi\/kylmalaitteet\/#breadcrumb"},"inLanguage":"fi","potentialAction":[{"@type":"ReadAction","target":["https:\/\/kk.coldex.fi\/fi\/kylmalaitteet\/"]}]},{"@type":"BreadcrumbList","@id":"https:\/\/kk.coldex.fi\/fi\/kylmalaitteet\/#breadcrumb","itemListElement":[{"@type":"ListItem","position":1,"name":"Home","item":"https:\/\/kk.coldex.fi\/fi\/"},{"@type":"ListItem","position":2,"name":"Kylm\u00e4laitteet"}]},{"@type":"WebSite","@id":"https:\/\/kk.coldex.fi\/fi\/#website","url":"https:\/\/kk.coldex.fi\/fi\/","name":"Coldex","description":"Kylm\u00e4laitteet ammattilliseen k\u00e4ytt\u00f6\u00f6n","potentialAction":[{"@type":"SearchAction","target":{"@type":"EntryPoint","urlTemplate":"https:\/\/kk.coldex.fi\/fi\/?s={search_term_string}"},"query-input":"required name=search_term_string"}],"inLanguage":"fi"}]}},"_links":{"self":[{"href":"https:\/\/kk.coldex.fi\/fi\/wp-json\/wp\/v2\/pages\/11"}],"collection":[{"href":"https:\/\/kk.coldex.fi\/fi\/wp-json\/wp\/v2\/pages"}],"about":[{"href":"https:\/\/kk.coldex.fi\/fi\/wp-json\/wp\/v2\/types\/page"}],"author":[{"embeddable":true,"href":"https:\/\/kk.coldex.fi\/fi\/wp-json\/wp\/v2\/users\/1"}],"replies":[{"embeddable":true,"href":"https:\/\/kk.coldex.fi\/fi\/wp-json\/wp\/v2\/comments?post=11"}],"version-history":[{"count":3,"href":"https:\/\/kk.coldex.fi\/fi\/wp-json\/wp\/v2\/pages\/11\/revisions"}],"predecessor-version":[{"id":8461,"href":"https:\/\/kk.coldex.fi\/fi\/wp-json\/wp\/v2\/pages\/11\/revisions\/8461"}],"wp:attachment":[{"href":"https:\/\/kk.coldex.fi\/fi\/wp-json\/wp\/v2\/media?parent=11"}],"curies":[{"name":"wp","href":"https:\/\/api.w.org\/{rel}","templated":true}]}}