{"id":1050,"date":"2014-03-17T09:44:50","date_gmt":"2014-03-17T07:44:50","guid":{"rendered":"http:\/\/www.coldex.fi\/fi\/?page_id=1050"},"modified":"2020-02-10T09:12:47","modified_gmt":"2020-02-10T07:12:47","slug":"second-life-kaytetyt-kylmakalusteet","status":"publish","type":"page","link":"https:\/\/kk.coldex.fi\/fi\/second-life-kaytetyt-kylmakalusteet\/","title":{"rendered":"Second Life &#8211; k\u00e4ytetyt kylm\u00e4kalusteet"},"content":{"rendered":"<h1>Second Life \u2013 k\u00e4ytetyt kylm\u00e4kalusteet<\/h1>\n<h3>Vihre\u00e4 vaihtoehto<\/h3>\n<p>Kauppiaalle rikkoutunut, vioittunut tai muuten k\u00e4ytt\u00f6ik\u00e4ns\u00e4 p\u00e4\u00e4ss\u00e4 oleva kylm\u00e4kaluste voi olla melkoinen p\u00e4\u00e4nvaiva ja kuluer\u00e4. Kylm\u00e4laitteista eroon hankkiutuminen on sek\u00e4 hankalaa ett\u00e4 kallista. Ja kun vanhat kalusteet saadaan kaupasta pois, on tilalle saatava uusi. Toivottavaa on, ett\u00e4 uudet laitteet palvelevat v\u00e4hint\u00e4\u00e4n yht\u00e4 hyvin ja samoilla toimintaperiaatteilla kuin poistuva kalusto.<\/p>\n<h3>Vastuullinen valinta<\/h3>\n<p>Siit\u00e4 huolimatta, ett\u00e4 kierr\u00e4tt\u00e4minen on Suomessa korkealla tasolla, kuormittavat kylm\u00e4kalusteet ymp\u00e4rist\u00f6\u00e4 enemm\u00e4n kuin muut laitteet. Kylm\u00e4laitteissa k\u00e4ytetyt kemikaalit ja metallit tekev\u00e4t niist\u00e4 erityisen haastavia kierr\u00e4tyksen kannalta. Suoraan luontoon p\u00e4\u00e4stess\u00e4\u00e4n n\u00e4m\u00e4 aineet ovat hyvin vahingollisia. Varmistaaksemme puhtaan tulevaisuuden, on meid\u00e4n k\u00e4ytett\u00e4v\u00e4 resursseja vastuullisesti. T\u00e4st\u00e4 johtuen Coldex Oy on kehitt\u00e4nyt Second Life -konseptin, jonka tarkoituksena on pident\u00e4\u00e4 tuotteiden k\u00e4ytt\u00f6ik\u00e4\u00e4 huomattavasti.<\/p>\n<h3>Second Life &#8211; konsepti<\/h3>\n<p>Kun vanhat kalusteet puretaan ja tuodaan meille, ne tarkastetaan perusteellisesti. Tarkastuksen yhteydess\u00e4 luomme tarkan selonteon siit\u00e4, mitk\u00e4 osat on uusittava ja mit\u00e4 kalusteiden kunnon kohentamiseen tarvitaan.<\/p>\n<h3>Mit\u00e4 laitteille tehd\u00e4\u00e4n?<\/h3>\n<p>Prosessi sis\u00e4lt\u00e4\u00e4 laitteiden uusimisen sek\u00e4 sis\u00e4lt\u00e4 ett\u00e4 ulkoa. Laitteet pest\u00e4\u00e4n ja puhdistetaan. Lommot ja naarmut poistetaan ja rikkoutuneet osat vaihdetaan uusiin. Laitteiden koneet tarkistetaan huolellisesti ja vuotokokeiden j\u00e4lkeen osat tarvittaessa vaihdetaan uusiin. T\u00e4m\u00e4n prosessin aikana huolehdimme siit\u00e4, ett\u00e4 kaikki standardit ja nykyaikaiset normit t\u00e4ytet\u00e4\u00e4n. Edell\u00e4 kuvattu toimenpide voi jo itsess\u00e4\u00e4n v\u00e4hent\u00e4\u00e4 laitteiden s\u00e4hk\u00f6nkulutusta merkitt\u00e4v\u00e4sti. Kalusteisiin voidaan lis\u00e4ksi vaihtaa loisteputkien tilalle LED-lamput ja uudet s\u00e4hk\u00f6\u00e4 s\u00e4\u00e4st\u00e4v\u00e4t tuulettimet, n\u00e4m\u00e4 ratkaisut alentavat s\u00e4hk\u00f6nkulutusta entisest\u00e4\u00e4n. Lopuksi laitteet maalataan ja pinnat viimeistell\u00e4\u00e4n siten, ett\u00e4 eroa uuteen kalusteeseen ei edes huomaa. Lopputulos on ymp\u00e4rist\u00f6yst\u00e4v\u00e4llinen tuote, joka luo ty\u00f6paikkoja ja tuo hankinnasta vastanneelle p\u00e4\u00e4tt\u00e4j\u00e4lle selv\u00e4\u00e4 taloudellista s\u00e4\u00e4st\u00f6\u00e4.<\/p>\n<p>Kuulostaako liian hyv\u00e4lt\u00e4? Kokeile Second Life -tuotteitamme, niin ymm\u00e4rr\u00e4t, miksi t\u00e4st\u00e4 kannattaa olla innoissaan.<\/p>\n<p><img decoding=\"async\" src=\"http:\/\/www.coldex.fi\/fi\/wp-content\/uploads\/revslider\/Second_Life\/AHT_001.jpg\" alt=\"AHT_001\" data-bgposition=\"center top\" data-bgfit=\"cover\" data-bgrepeat=\"no-repeat\" \/><\/p>\n<p><img decoding=\"async\" src=\"http:\/\/www.coldex.fi\/fi\/wp-content\/uploads\/revslider\/Second_Life\/GB_001.jpg\" alt=\"GB_001\" data-bgposition=\"center top\" data-bgfit=\"cover\" data-bgrepeat=\"no-repeat\" \/><\/p>\n<p><img decoding=\"async\" src=\"http:\/\/www.coldex.fi\/fi\/wp-content\/uploads\/revslider\/Second_Life\/EL_001.jpg\" alt=\"EL_001\" data-bgposition=\"center top\" data-bgfit=\"cover\" data-bgrepeat=\"no-repeat\" \/><\/p>\n<p><img decoding=\"async\" src=\"http:\/\/www.coldex.fi\/fi\/wp-content\/uploads\/revslider\/Second_Life\/GB_002.jpg\" alt=\"GB_002\" data-bgposition=\"center top\" data-bgfit=\"cover\" data-bgrepeat=\"no-repeat\" \/><\/p>\n<p><img decoding=\"async\" src=\"http:\/\/www.coldex.fi\/fi\/wp-content\/uploads\/revslider\/Second_Life\/NORPE_001.jpg\" alt=\"NORPE_001\" data-bgposition=\"center top\" data-bgfit=\"cover\" data-bgrepeat=\"no-repeat\" \/><\/p>\n<p><img decoding=\"async\" src=\"http:\/\/www.coldex.fi\/fi\/wp-content\/uploads\/revslider\/Second_Life\/NORPE_002.jpg\" alt=\"NORPE_002\" data-bgposition=\"center top\" data-bgfit=\"cover\" data-bgrepeat=\"no-repeat\" \/><\/p>\n<p><img decoding=\"async\" src=\"http:\/\/www.coldex.fi\/fi\/wp-content\/uploads\/revslider\/Second_Life\/NORPE_003.jpg\" alt=\"NORPE_003\" data-bgposition=\"center top\" data-bgfit=\"cover\" data-bgrepeat=\"no-repeat\" \/><\/p>\n<p><img decoding=\"async\" src=\"http:\/\/www.coldex.fi\/fi\/wp-content\/uploads\/revslider\/Second_Life\/NORPE_004.jpg\" alt=\"NORPE_004\" data-bgposition=\"center top\" data-bgfit=\"cover\" data-bgrepeat=\"no-repeat\" \/><\/p>\n<p><img decoding=\"async\" src=\"http:\/\/www.coldex.fi\/fi\/wp-content\/uploads\/revslider\/Second_Life\/NORPE_005.jpg\" alt=\"NORPE_005\" data-bgposition=\"center top\" data-bgfit=\"cover\" data-bgrepeat=\"no-repeat\" \/><\/p>\n<p><img decoding=\"async\" src=\"http:\/\/www.coldex.fi\/fi\/wp-content\/uploads\/revslider\/Second_Life\/NORPE_006.jpg\" alt=\"NORPE_006\" data-bgposition=\"center top\" data-bgfit=\"cover\" data-bgrepeat=\"no-repeat\" \/><\/p>\n<p><img decoding=\"async\" src=\"http:\/\/www.coldex.fi\/fi\/wp-content\/uploads\/revslider\/Second_Life\/SC_001.jpg\" alt=\"SC_001\" data-bgposition=\"center top\" data-bgfit=\"cover\" data-bgrepeat=\"no-repeat\" \/><\/p>\n","protected":false},"excerpt":{"rendered":"<p>Second Life \u2013 k\u00e4ytetyt kylm\u00e4kalusteet Vihre\u00e4 vaihtoehto Kauppiaalle rikkoutunut, vioittunut tai muuten k\u00e4ytt\u00f6ik\u00e4ns\u00e4 p\u00e4\u00e4ss\u00e4 oleva kylm\u00e4kaluste voi olla melkoinen p\u00e4\u00e4nvaiva ja kuluer\u00e4. Kylm\u00e4laitteista eroon hankkiutuminen on sek\u00e4 hankalaa ett\u00e4 kallista. Ja kun vanhat kalusteet saadaan kaupasta pois, on tilalle saatava uusi. Toivottavaa on, ett\u00e4 uudet laitteet palvelevat v\u00e4hint\u00e4\u00e4n yht\u00e4 hyvin ja samoilla toimintaperiaatteilla kuin poistuva&#8230;<\/p>\n","protected":false},"author":1,"featured_media":0,"parent":0,"menu_order":12,"comment_status":"closed","ping_status":"closed","template":"","meta":[],"yoast_head":"<!-- This site is optimized with the Yoast SEO plugin v21.7 - https:\/\/yoast.com\/wordpress\/plugins\/seo\/ -->\n<title>Second Life - k\u00e4ytetyt kylm\u00e4kalusteet - Coldex<\/title>\n<meta name=\"description\" content=\"Varmistaaksemme puhtaan tulevaisuuden Coldex Oy on kehitt\u00e4nyt Second Life -konseptin, jossa k\u00e4ytetetyt kylm\u00e4kalusteet saavan uuden el\u00e4m\u00e4n.\" \/>\n<meta name=\"robots\" content=\"index, follow, max-snippet:-1, max-image-preview:large, max-video-preview:-1\" \/>\n<link rel=\"canonical\" href=\"https:\/\/kk.coldex.fi\/fi\/second-life-kaytetyt-kylmakalusteet\/\" \/>\n<meta property=\"og:locale\" content=\"fi_FI\" \/>\n<meta property=\"og:type\" content=\"article\" \/>\n<meta property=\"og:title\" content=\"Second Life - k\u00e4ytetyt kylm\u00e4kalusteet - Coldex\" \/>\n<meta property=\"og:description\" content=\"Varmistaaksemme puhtaan tulevaisuuden Coldex Oy on kehitt\u00e4nyt Second Life -konseptin, jossa k\u00e4ytetetyt kylm\u00e4kalusteet saavan uuden el\u00e4m\u00e4n.\" \/>\n<meta property=\"og:url\" content=\"https:\/\/kk.coldex.fi\/fi\/second-life-kaytetyt-kylmakalusteet\/\" \/>\n<meta property=\"og:site_name\" content=\"Coldex\" \/>\n<meta property=\"article:modified_time\" content=\"2020-02-10T07:12:47+00:00\" \/>\n<meta property=\"og:image\" content=\"http:\/\/www.coldex.fi\/fi\/wp-content\/uploads\/revslider\/Second_Life\/AHT_001.jpg\" \/>\n<meta name=\"twitter:label1\" content=\"Arvioitu lukuaika\" \/>\n\t<meta name=\"twitter:data1\" content=\"2 minuuttia\" \/>\n<script type=\"application\/ld+json\" class=\"yoast-schema-graph\">{\"@context\":\"https:\/\/schema.org\",\"@graph\":[{\"@type\":\"WebPage\",\"@id\":\"https:\/\/kk.coldex.fi\/fi\/second-life-kaytetyt-kylmakalusteet\/\",\"url\":\"https:\/\/kk.coldex.fi\/fi\/second-life-kaytetyt-kylmakalusteet\/\",\"name\":\"Second Life - k\u00e4ytetyt kylm\u00e4kalusteet - Coldex\",\"isPartOf\":{\"@id\":\"https:\/\/kk.coldex.fi\/fi\/#website\"},\"datePublished\":\"2014-03-17T07:44:50+00:00\",\"dateModified\":\"2020-02-10T07:12:47+00:00\",\"description\":\"Varmistaaksemme puhtaan tulevaisuuden Coldex Oy on kehitt\u00e4nyt Second Life -konseptin, jossa k\u00e4ytetetyt kylm\u00e4kalusteet saavan uuden el\u00e4m\u00e4n.\",\"breadcrumb\":{\"@id\":\"https:\/\/kk.coldex.fi\/fi\/second-life-kaytetyt-kylmakalusteet\/#breadcrumb\"},\"inLanguage\":\"fi\",\"potentialAction\":[{\"@type\":\"ReadAction\",\"target\":[\"https:\/\/kk.coldex.fi\/fi\/second-life-kaytetyt-kylmakalusteet\/\"]}]},{\"@type\":\"BreadcrumbList\",\"@id\":\"https:\/\/kk.coldex.fi\/fi\/second-life-kaytetyt-kylmakalusteet\/#breadcrumb\",\"itemListElement\":[{\"@type\":\"ListItem\",\"position\":1,\"name\":\"Home\",\"item\":\"https:\/\/kk.coldex.fi\/fi\/\"},{\"@type\":\"ListItem\",\"position\":2,\"name\":\"Second Life &#8211; k\u00e4ytetyt kylm\u00e4kalusteet\"}]},{\"@type\":\"WebSite\",\"@id\":\"https:\/\/kk.coldex.fi\/fi\/#website\",\"url\":\"https:\/\/kk.coldex.fi\/fi\/\",\"name\":\"Coldex\",\"description\":\"Kylm\u00e4laitteet ammattilliseen k\u00e4ytt\u00f6\u00f6n\",\"potentialAction\":[{\"@type\":\"SearchAction\",\"target\":{\"@type\":\"EntryPoint\",\"urlTemplate\":\"https:\/\/kk.coldex.fi\/fi\/?s={search_term_string}\"},\"query-input\":\"required name=search_term_string\"}],\"inLanguage\":\"fi\"}]}<\/script>\n<!-- \/ Yoast SEO plugin. -->","yoast_head_json":{"title":"Second Life - k\u00e4ytetyt kylm\u00e4kalusteet - Coldex","description":"Varmistaaksemme puhtaan tulevaisuuden Coldex Oy on kehitt\u00e4nyt Second Life -konseptin, jossa k\u00e4ytetetyt kylm\u00e4kalusteet saavan uuden el\u00e4m\u00e4n.","robots":{"index":"index","follow":"follow","max-snippet":"max-snippet:-1","max-image-preview":"max-image-preview:large","max-video-preview":"max-video-preview:-1"},"canonical":"https:\/\/kk.coldex.fi\/fi\/second-life-kaytetyt-kylmakalusteet\/","og_locale":"fi_FI","og_type":"article","og_title":"Second Life - k\u00e4ytetyt kylm\u00e4kalusteet - Coldex","og_description":"Varmistaaksemme puhtaan tulevaisuuden Coldex Oy on kehitt\u00e4nyt Second Life -konseptin, jossa k\u00e4ytetetyt kylm\u00e4kalusteet saavan uuden el\u00e4m\u00e4n.","og_url":"https:\/\/kk.coldex.fi\/fi\/second-life-kaytetyt-kylmakalusteet\/","og_site_name":"Coldex","article_modified_time":"2020-02-10T07:12:47+00:00","og_image":[{"url":"http:\/\/www.coldex.fi\/fi\/wp-content\/uploads\/revslider\/Second_Life\/AHT_001.jpg"}],"twitter_misc":{"Arvioitu lukuaika":"2 minuuttia"},"schema":{"@context":"https:\/\/schema.org","@graph":[{"@type":"WebPage","@id":"https:\/\/kk.coldex.fi\/fi\/second-life-kaytetyt-kylmakalusteet\/","url":"https:\/\/kk.coldex.fi\/fi\/second-life-kaytetyt-kylmakalusteet\/","name":"Second Life - k\u00e4ytetyt kylm\u00e4kalusteet - Coldex","isPartOf":{"@id":"https:\/\/kk.coldex.fi\/fi\/#website"},"datePublished":"2014-03-17T07:44:50+00:00","dateModified":"2020-02-10T07:12:47+00:00","description":"Varmistaaksemme puhtaan tulevaisuuden Coldex Oy on kehitt\u00e4nyt Second Life -konseptin, jossa k\u00e4ytetetyt kylm\u00e4kalusteet saavan uuden el\u00e4m\u00e4n.","breadcrumb":{"@id":"https:\/\/kk.coldex.fi\/fi\/second-life-kaytetyt-kylmakalusteet\/#breadcrumb"},"inLanguage":"fi","potentialAction":[{"@type":"ReadAction","target":["https:\/\/kk.coldex.fi\/fi\/second-life-kaytetyt-kylmakalusteet\/"]}]},{"@type":"BreadcrumbList","@id":"https:\/\/kk.coldex.fi\/fi\/second-life-kaytetyt-kylmakalusteet\/#breadcrumb","itemListElement":[{"@type":"ListItem","position":1,"name":"Home","item":"https:\/\/kk.coldex.fi\/fi\/"},{"@type":"ListItem","position":2,"name":"Second Life &#8211; k\u00e4ytetyt kylm\u00e4kalusteet"}]},{"@type":"WebSite","@id":"https:\/\/kk.coldex.fi\/fi\/#website","url":"https:\/\/kk.coldex.fi\/fi\/","name":"Coldex","description":"Kylm\u00e4laitteet ammattilliseen k\u00e4ytt\u00f6\u00f6n","potentialAction":[{"@type":"SearchAction","target":{"@type":"EntryPoint","urlTemplate":"https:\/\/kk.coldex.fi\/fi\/?s={search_term_string}"},"query-input":"required name=search_term_string"}],"inLanguage":"fi"}]}},"_links":{"self":[{"href":"https:\/\/kk.coldex.fi\/fi\/wp-json\/wp\/v2\/pages\/1050"}],"collection":[{"href":"https:\/\/kk.coldex.fi\/fi\/wp-json\/wp\/v2\/pages"}],"about":[{"href":"https:\/\/kk.coldex.fi\/fi\/wp-json\/wp\/v2\/types\/page"}],"author":[{"embeddable":true,"href":"https:\/\/kk.coldex.fi\/fi\/wp-json\/wp\/v2\/users\/1"}],"replies":[{"embeddable":true,"href":"https:\/\/kk.coldex.fi\/fi\/wp-json\/wp\/v2\/comments?post=1050"}],"version-history":[{"count":0,"href":"https:\/\/kk.coldex.fi\/fi\/wp-json\/wp\/v2\/pages\/1050\/revisions"}],"wp:attachment":[{"href":"https:\/\/kk.coldex.fi\/fi\/wp-json\/wp\/v2\/media?parent=1050"}],"curies":[{"name":"wp","href":"https:\/\/api.w.org\/{rel}","templated":true}]}}